{"id":13862,"date":"2023-09-11T10:57:01","date_gmt":"2023-09-11T08:57:01","guid":{"rendered":"https:\/\/sercomitalia.com\/quality\/"},"modified":"2024-06-04T17:20:12","modified_gmt":"2024-06-04T15:20:12","slug":"quality","status":"publish","type":"page","link":"https:\/\/sercomitalia.com\/de\/quality\/","title":{"rendered":"Qualit\u00e4tssicherung"},"content":{"rendered":"\t\t<div data-elementor-type=\"wp-page\" data-elementor-id=\"13862\" class=\"elementor elementor-13862 elementor-8806\" data-elementor-post-type=\"page\">\n\t\t\t\t        <section class=\"elementor-section elementor-top-section elementor-element elementor-element-48816f7 elementor-section-boxed elementor-section-height-default elementor-section-height-default\" data-id=\"48816f7\" data-element_type=\"section\" data-e-type=\"section\">\n            \n                        <div class=\"elementor-container elementor-column-gap-extended \">\n                    <div class=\"elementor-column elementor-col-50 elementor-top-column elementor-element elementor-element-a3cabaf\" data-id=\"a3cabaf\" data-element_type=\"column\" data-e-type=\"column\">\n        <div class=\"elementor-widget-wrap elementor-element-populated\">\n                    \n        \t\t<div class=\"elementor-element elementor-element-83ccd01 elementor-widget elementor-widget-ct_image\" data-id=\"83ccd01\" data-element_type=\"widget\" data-e-type=\"widget\" data-widget_type=\"ct_image.default\">\n\t\t\t\t<div class=\"elementor-widget-container\">\n\t\t\t\t\t<div class=\"ct-image-single    effect-none \" data-width=\"\" data-height=\"\">\r\n                        <img fetchpriority=\"high\" decoding=\"async\" width=\"640\" height=\"640\" src=\"https:\/\/sercomitalia.com\/wp-content\/uploads\/2024\/06\/fruit-quality-assurance-certified-products-640x640-1.jpg\" class=\"no-lazyload attachment-full\" alt=\"\" \/>            <\/div>\t\t\t\t<\/div>\n\t\t\t\t<\/div>\n\t\t            <\/div>\n        <\/div>\n                <div class=\"elementor-column elementor-col-50 elementor-top-column elementor-element elementor-element-cdae483\" data-id=\"cdae483\" data-element_type=\"column\" data-e-type=\"column\">\n        <div class=\"elementor-widget-wrap elementor-element-populated\">\n                    \n        \t\t<div class=\"elementor-element elementor-element-dd3f9cb elementor-widget elementor-widget-text-editor\" data-id=\"dd3f9cb\" data-element_type=\"widget\" data-e-type=\"widget\" data-widget_type=\"text-editor.default\">\n\t\t\t\t<div class=\"elementor-widget-container\">\n\t\t\t\t\t\t\t\t\t<p><span style=\"font-weight: 400;\">Der Schl\u00fcssel zu unserem Erfolg ist die sorgf\u00e4ltige Auswahl der Produkte nach ihren Herkunftsorten und die am besten geeigneten Gebiete f\u00fcr die Produktion.<\/span><\/p><p><span style=\"font-weight: 400;\">Durch die Zusammenarbeit mit qualifizierten, erfahrenen und zertifizierten Mitherstellern garantieren wir, dass alle von uns gelieferten Produkte den h\u00f6chsten Qualit\u00e4tsstandards entsprechen und den strengsten Vorschriften zur Lebensmittelsicherheit entsprechen<\/span><\/p><p><span style=\"font-weight: 400;\">Sercom Italia verf\u00fcgt \u00fcber die GFSI-Qualit\u00e4tszertifikate, die unsere engmaschige Qualit\u00e4tskontrolle entlang der gesamten Lieferkette und das Vertrauen unserer Kunden in unsere Produkte best\u00e4tigen.\u00a0<\/span><\/p><p><span style=\"font-weight: 400;\">Qualit\u00e4tssicherung und Lebensmittelsicherheit sind ein fester Bestandteil unserer t\u00e4glichen Arbeit f\u00fcr unsere Kunden.<\/span><\/p><p><span style=\"font-weight: 400;\">Alle unsere Produkte werden vor und nach der Produktion strengen Kontrollen unterzogen.<\/span><\/p>\t\t\t\t\t\t\t\t<\/div>\n\t\t\t\t<\/div>\n\t\t            <\/div>\n        <\/div>\n                    <\/div>\n        <\/section>\n                <section class=\"elementor-section elementor-top-section elementor-element elementor-element-7ab9e56 elementor-section-boxed elementor-section-height-default elementor-section-height-default\" data-id=\"7ab9e56\" data-element_type=\"section\" data-e-type=\"section\">\n            \n                        <div class=\"elementor-container elementor-column-gap-extended \">\n                    <div class=\"elementor-column elementor-col-100 elementor-top-column elementor-element elementor-element-8eaf892\" data-id=\"8eaf892\" data-element_type=\"column\" data-e-type=\"column\">\n        <div class=\"elementor-widget-wrap elementor-element-populated\">\n                    \n        \t\t<div class=\"elementor-element elementor-element-9e6b62d elementor-widget elementor-widget-text-editor\" data-id=\"9e6b62d\" data-element_type=\"widget\" data-e-type=\"widget\" data-widget_type=\"text-editor.default\">\n\t\t\t\t<div class=\"elementor-widget-container\">\n\t\t\t\t\t\t\t\t\t<p><span style=\"font-weight: 400;\">Um Engagement zu zeigen und der zunehmenden Qualit\u00e4tspolitik gerecht zu werden, hat Sercom Italia ein integriertes Qualit\u00e4tssystem unter Anwendung der BRC- und IFS-Regelungen eingef\u00fchrt.<\/span><\/p><p><span style=\"font-weight: 400;\">Alle Standorte unserer Hersteller sind voneinander unabh\u00e4ngig nach h\u00f6chsten Qualit\u00e4tsstandards zertifiziert und werden bei Bedarf auch durch speziell organisierte Audits durch Dritte zugelassen.\u00a0<\/span><\/p><p><span style=\"font-weight: 400;\">Sercom Italia hat sich im Laufe der Jahre auch an die unterschiedlichen Kundenbed\u00fcrfnisse angepasst und spezifische Zertifizierungen wie das Kosher-Zertifikat erhalten.<\/span><\/p><p><span style=\"font-weight: 400;\">Sercom Italia ist nicht nur ein FDA-registriertes Exportunternehmen f\u00fcr konventionelle Produkte, sondern arbeitet auch im BIO-SEKTOR mit sehr positiven Ergebnissen und garantiert die Transparenz der zertifizierten Bio-Lieferkette, die sowohl den EU-Standards als auch den NOP USDA-Standards entspricht.<\/span><\/p>\t\t\t\t\t\t\t\t<\/div>\n\t\t\t\t<\/div>\n\t\t            <\/div>\n        <\/div>\n                    <\/div>\n        <\/section>\n                <section class=\"elementor-section elementor-inner-section elementor-element elementor-element-30a71e7b elementor-section-boxed elementor-section-height-default elementor-section-height-default\" data-id=\"30a71e7b\" data-element_type=\"section\" data-e-type=\"section\">\n            \n                        <div class=\"elementor-container elementor-column-gap-no \">\n                    <div class=\"elementor-column elementor-col-33 elementor-inner-column elementor-element elementor-element-783394d5\" data-id=\"783394d5\" data-element_type=\"column\" data-e-type=\"column\">\n        <div class=\"elementor-widget-wrap elementor-element-populated\">\n                    \n        \t\t<div class=\"elementor-element elementor-element-5ec88d87 ct-fancy-box-wrap elementor-widget elementor-widget-ct_fancy_box\" data-id=\"5ec88d87\" data-element_type=\"widget\" data-e-type=\"widget\" data-widget_type=\"ct_fancy_box.default\">\n\t\t\t\t<div class=\"elementor-widget-container\">\n\t\t\t\t\t<div class=\"ct-fancy-box ct-fancy-box-layout3 style1 \" data-wow-delay=\"ms\">\r\n    <div class=\"item--inner\">\r\n                    <div class=\"item--icon\">\r\n                <i aria-hidden=\"true\" class=\"icon icon-shield\"><\/i>            <\/div>\r\n                        <div class=\"item--holder\">\r\n            <h5 class=\"item--title\">\r\n                Strenge Kontrollen            <\/h5>\r\n            <div class=\"item--description\"><\/div>\r\n        <\/div>\r\n            <\/div>\r\n<\/div>\t\t\t\t<\/div>\n\t\t\t\t<\/div>\n\t\t            <\/div>\n        <\/div>\n                <div class=\"elementor-column elementor-col-33 elementor-inner-column elementor-element elementor-element-61c81081\" data-id=\"61c81081\" data-element_type=\"column\" data-e-type=\"column\">\n        <div class=\"elementor-widget-wrap elementor-element-populated\">\n                    \n        \t\t<div class=\"elementor-element elementor-element-551daa0c ct-fancy-box-wrap elementor-widget elementor-widget-ct_fancy_box\" data-id=\"551daa0c\" data-element_type=\"widget\" data-e-type=\"widget\" data-widget_type=\"ct_fancy_box.default\">\n\t\t\t\t<div class=\"elementor-widget-container\">\n\t\t\t\t\t<div class=\"ct-fancy-box ct-fancy-box-layout3 style1 \" data-wow-delay=\"ms\">\r\n    <div class=\"item--inner\">\r\n                    <div class=\"item--icon\">\r\n                <i aria-hidden=\"true\" class=\"icon icon-customer-support-2\"><\/i>            <\/div>\r\n                        <div class=\"item--holder\">\r\n            <h5 class=\"item--title\">\r\n                Maximale Unterst\u00fctzung bei der Qualit\u00e4tssicherung             <\/h5>\r\n            <div class=\"item--description\"><\/div>\r\n        <\/div>\r\n            <\/div>\r\n<\/div>\t\t\t\t<\/div>\n\t\t\t\t<\/div>\n\t\t            <\/div>\n        <\/div>\n                <div class=\"elementor-column elementor-col-33 elementor-inner-column elementor-element elementor-element-f4bf697\" data-id=\"f4bf697\" data-element_type=\"column\" data-e-type=\"column\">\n        <div class=\"elementor-widget-wrap elementor-element-populated\">\n                    \n        \t\t<div class=\"elementor-element elementor-element-238ab291 ct-fancy-box-wrap elementor-widget elementor-widget-ct_fancy_box\" data-id=\"238ab291\" data-element_type=\"widget\" data-e-type=\"widget\" data-widget_type=\"ct_fancy_box.default\">\n\t\t\t\t<div class=\"elementor-widget-container\">\n\t\t\t\t\t<div class=\"ct-fancy-box ct-fancy-box-layout3 style1 \" data-wow-delay=\"ms\">\r\n    <div class=\"item--inner\">\r\n                    <div class=\"item--icon\">\r\n                <i aria-hidden=\"true\" class=\"icon icon-Speed-Clock\"><\/i>            <\/div>\r\n                        <div class=\"item--holder\">\r\n            <h5 class=\"item--title\">\r\n                Schnelle R\u00fcckmeldungen            <\/h5>\r\n            <div class=\"item--description\"><\/div>\r\n        <\/div>\r\n            <\/div>\r\n<\/div>\t\t\t\t<\/div>\n\t\t\t\t<\/div>\n\t\t            <\/div>\n        <\/div>\n                    <\/div>\n        <\/section>\n                <section class=\"elementor-section elementor-top-section elementor-element elementor-element-09f4a79 elementor-section-boxed elementor-section-height-default elementor-section-height-default\" data-id=\"09f4a79\" data-element_type=\"section\" data-e-type=\"section\">\n            \n                        <div class=\"elementor-container elementor-column-gap-default \">\n                    <div class=\"elementor-column elementor-col-100 elementor-top-column elementor-element elementor-element-273e165\" data-id=\"273e165\" data-element_type=\"column\" data-e-type=\"column\">\n        <div class=\"elementor-widget-wrap elementor-element-populated\">\n                    \n        \t\t<div class=\"elementor-element elementor-element-1bc26e4 elementor-widget elementor-widget-text-editor\" data-id=\"1bc26e4\" data-element_type=\"widget\" data-e-type=\"widget\" data-widget_type=\"text-editor.default\">\n\t\t\t\t<div class=\"elementor-widget-container\">\n\t\t\t\t\t\t\t\t\t<h2 style=\"text-align: center;\"><span style=\"font-weight: 400;\">Zertifizierungen und Akkreditierungen<\/span><\/h2><p><span style=\"font-weight: 400;\">Strenge und vollst\u00e4ndige Einhaltung der von unseren Kunden vorgeschriebenen Richtlinien und Protokolle, ohne Abweichung oder Kompromisse.<\/span><\/p>\t\t\t\t\t\t\t\t<\/div>\n\t\t\t\t<\/div>\n\t\t            <\/div>\n        <\/div>\n                    <\/div>\n        <\/section>\n                <section class=\"elementor-section elementor-top-section elementor-element elementor-element-46cffd2 elementor-section-boxed elementor-section-height-default elementor-section-height-default\" data-id=\"46cffd2\" data-element_type=\"section\" data-e-type=\"section\">\n            \n                        <div class=\"elementor-container elementor-column-gap-default \">\n                    <div class=\"elementor-column elementor-col-100 elementor-top-column elementor-element elementor-element-0bb95cc\" data-id=\"0bb95cc\" data-element_type=\"column\" data-e-type=\"column\">\n        <div class=\"elementor-widget-wrap elementor-element-populated\">\n                    \n        \t\t<div class=\"elementor-element elementor-element-99d01c6 elementor-widget elementor-widget-image-gallery\" data-id=\"99d01c6\" data-element_type=\"widget\" data-e-type=\"widget\" data-widget_type=\"image-gallery.default\">\n\t\t\t\t<div class=\"elementor-widget-container\">\n\t\t\t\t\t\t\t<div class=\"elementor-image-gallery\">\n\t\t\t<div id='gallery-1' class='gallery galleryid-13862 gallery-columns-6 gallery-size-full'><figure class='gallery-item'>\n\t\t\t<div class='gallery-icon landscape'>\n\t\t\t\t<img decoding=\"async\" width=\"334\" height=\"188\" src=\"https:\/\/sercomitalia.com\/wp-content\/uploads\/2023\/09\/usda.png\" class=\"attachment-full size-full\" alt=\"\" srcset=\"https:\/\/sercomitalia.com\/wp-content\/uploads\/2023\/09\/usda.png 334w, https:\/\/sercomitalia.com\/wp-content\/uploads\/2023\/09\/usda-300x169.png 300w\" sizes=\"(max-width: 334px) 100vw, 334px\" \/>\n\t\t\t<\/div><\/figure><figure class='gallery-item'>\n\t\t\t<div class='gallery-icon landscape'>\n\t\t\t\t<img decoding=\"async\" width=\"334\" height=\"188\" src=\"https:\/\/sercomitalia.com\/wp-content\/uploads\/2023\/09\/ifs.png\" class=\"attachment-full size-full\" alt=\"\" srcset=\"https:\/\/sercomitalia.com\/wp-content\/uploads\/2023\/09\/ifs.png 334w, https:\/\/sercomitalia.com\/wp-content\/uploads\/2023\/09\/ifs-300x169.png 300w\" sizes=\"(max-width: 334px) 100vw, 334px\" \/>\n\t\t\t<\/div><\/figure><figure class='gallery-item'>\n\t\t\t<div class='gallery-icon landscape'>\n\t\t\t\t<img loading=\"lazy\" decoding=\"async\" width=\"334\" height=\"188\" src=\"https:\/\/sercomitalia.com\/wp-content\/uploads\/2023\/09\/brcgs.png\" class=\"attachment-full size-full\" alt=\"\" srcset=\"https:\/\/sercomitalia.com\/wp-content\/uploads\/2023\/09\/brcgs.png 334w, https:\/\/sercomitalia.com\/wp-content\/uploads\/2023\/09\/brcgs-300x169.png 300w\" sizes=\"(max-width: 334px) 100vw, 334px\" \/>\n\t\t\t<\/div><\/figure><figure class='gallery-item'>\n\t\t\t<div class='gallery-icon landscape'>\n\t\t\t\t<img loading=\"lazy\" decoding=\"async\" width=\"334\" height=\"188\" src=\"https:\/\/sercomitalia.com\/wp-content\/uploads\/2023\/09\/icea.png\" class=\"attachment-full size-full\" alt=\"\" srcset=\"https:\/\/sercomitalia.com\/wp-content\/uploads\/2023\/09\/icea.png 334w, https:\/\/sercomitalia.com\/wp-content\/uploads\/2023\/09\/icea-300x169.png 300w\" sizes=\"(max-width: 334px) 100vw, 334px\" \/>\n\t\t\t<\/div><\/figure><figure class='gallery-item'>\n\t\t\t<div class='gallery-icon landscape'>\n\t\t\t\t<img loading=\"lazy\" decoding=\"async\" width=\"334\" height=\"188\" src=\"https:\/\/sercomitalia.com\/wp-content\/uploads\/2023\/10\/fda-logo.jpg\" class=\"attachment-full size-full\" alt=\"\" srcset=\"https:\/\/sercomitalia.com\/wp-content\/uploads\/2023\/10\/fda-logo.jpg 334w, https:\/\/sercomitalia.com\/wp-content\/uploads\/2023\/10\/fda-logo-300x169.jpg 300w\" sizes=\"(max-width: 334px) 100vw, 334px\" \/>\n\t\t\t<\/div><\/figure><figure class='gallery-item'>\n\t\t\t<div class='gallery-icon landscape'>\n\t\t\t\t<img loading=\"lazy\" decoding=\"async\" width=\"334\" height=\"188\" src=\"https:\/\/sercomitalia.com\/wp-content\/uploads\/2023\/09\/kosher.png\" class=\"attachment-full size-full\" alt=\"\" srcset=\"https:\/\/sercomitalia.com\/wp-content\/uploads\/2023\/09\/kosher.png 334w, https:\/\/sercomitalia.com\/wp-content\/uploads\/2023\/09\/kosher-300x169.png 300w\" sizes=\"(max-width: 334px) 100vw, 334px\" \/>\n\t\t\t<\/div><\/figure>\n\t\t<\/div>\n\t\t<\/div>\n\t\t\t\t\t\t<\/div>\n\t\t\t\t<\/div>\n\t\t            <\/div>\n        <\/div>\n                    <\/div>\n        <\/section>\n        \t\t<\/div>\n\t\t","protected":false},"excerpt":{"rendered":"<p>Der Schl\u00fcssel zu unserem Erfolg ist die sorgf\u00e4ltige Auswahl der Produkte nach ihren Herkunftsorten und die am besten geeigneten Gebiete f\u00fcr die Produktion. Durch die Zusammenarbeit mit qualifizierten, erfahrenen und zertifizierten Mitherstellern garantieren wir, dass alle von uns gelieferten Produkte den h\u00f6chsten Qualit\u00e4tsstandards entsprechen und den strengsten Vorschriften zur Lebensmittelsicherheit entsprechen Sercom Italia verf\u00fcgt \u00fcber [&hellip;]<\/p>\n","protected":false},"author":1,"featured_media":0,"parent":0,"menu_order":0,"comment_status":"closed","ping_status":"closed","template":"","meta":{"_angie_page":false,"footnotes":""},"class_list":["post-13862","page","type-page","status-publish","hentry"],"_links":{"self":[{"href":"https:\/\/sercomitalia.com\/de\/wp-json\/wp\/v2\/pages\/13862","targetHints":{"allow":["GET"]}}],"collection":[{"href":"https:\/\/sercomitalia.com\/de\/wp-json\/wp\/v2\/pages"}],"about":[{"href":"https:\/\/sercomitalia.com\/de\/wp-json\/wp\/v2\/types\/page"}],"author":[{"embeddable":true,"href":"https:\/\/sercomitalia.com\/de\/wp-json\/wp\/v2\/users\/1"}],"replies":[{"embeddable":true,"href":"https:\/\/sercomitalia.com\/de\/wp-json\/wp\/v2\/comments?post=13862"}],"version-history":[{"count":13,"href":"https:\/\/sercomitalia.com\/de\/wp-json\/wp\/v2\/pages\/13862\/revisions"}],"predecessor-version":[{"id":14935,"href":"https:\/\/sercomitalia.com\/de\/wp-json\/wp\/v2\/pages\/13862\/revisions\/14935"}],"wp:attachment":[{"href":"https:\/\/sercomitalia.com\/de\/wp-json\/wp\/v2\/media?parent=13862"}],"curies":[{"name":"wp","href":"https:\/\/api.w.org\/{rel}","templated":true}]}}