{"id":13869,"date":"2023-10-06T10:06:52","date_gmt":"2023-10-06T08:06:52","guid":{"rendered":"https:\/\/sercomitalia.com\/privacy-policy-2\/"},"modified":"2023-12-11T17:33:21","modified_gmt":"2023-12-11T16:33:21","slug":"privacy-policy","status":"publish","type":"page","link":"https:\/\/sercomitalia.com\/de\/privacy-policy\/","title":{"rendered":"Privacy Policy"},"content":{"rendered":"\t\t<div data-elementor-type=\"wp-page\" data-elementor-id=\"13869\" class=\"elementor elementor-13869 elementor-11316\">\n\t\t\t\t        <section class=\"elementor-section elementor-top-section elementor-element elementor-element-05b077a elementor-section-boxed elementor-section-height-default elementor-section-height-default\" data-id=\"05b077a\" data-element_type=\"section\" data-e-type=\"section\">\n            \n                        <div class=\"elementor-container elementor-column-gap-default \">\n                    <div class=\"elementor-column elementor-col-100 elementor-top-column elementor-element elementor-element-06b5038\" data-id=\"06b5038\" data-element_type=\"column\" data-e-type=\"column\">\n        <div class=\"elementor-widget-wrap elementor-element-populated\">\n                    \n        \t\t<div class=\"elementor-element elementor-element-e886b1a elementor-widget elementor-widget-text-editor\" data-id=\"e886b1a\" data-element_type=\"widget\" data-e-type=\"widget\" data-widget_type=\"text-editor.default\">\n\t\t\t\t<div class=\"elementor-widget-container\">\n\t\t\t\t\t\t\t\t\t<p><b>Privacy Policy<\/b><\/p>\n<p><strong>INFORMATIONEN GEM\u00c4\u00df ART. 13 und 14 der DSGVO<\/strong><br><strong>(ALLGEMEINE DATENSCHUTZVERORDNUNG) 2016\/679<\/strong><\/p>\n<p>Die geltenden Rechtsvorschriften \u00fcber die Verarbeitung personenbezogener Daten, die gem\u00e4\u00df den Bestimmungen der Europ\u00e4ischen Verordnung EU 2016\/679 vom 27.04.2016 zum Schutz nat\u00fcrlicher Personen bei der Verarbeitung personenbezogener Daten und zum freien Datenverkehr definiert sind, enthalten Bestimmungen, die sicherstellen sollen, dass die Verarbeitung unter Wahrung der Grundrechte und Grundfreiheiten nat\u00fcrlicher Personen, insbesondere des Rechts auf Schutz personenbezogener Daten erfolgt.<\/p><p><strong>&nbsp; 1.Identit\u00e4t und Kontaktdaten des Inhabers der Datenverarbeitenden Institution<\/strong><\/p><p>Der Verantwortliche f\u00fcr die Verarbeitung der personenbezogenen Daten, die f\u00fcr die Durchf\u00fchrung des Vertrags erhoben, verarbeitet und verwendet werden, ist in der Person des gesetzlichen Vertreters, Sercom Italia Srl Unipersonale mit Sitz in Gioia Tauro (RC), 89013, Strada Statale 18, Nr. 375 &#8211; USt-IdNr. 03146200807 &#8211; sercomitalia.com.<\/p><p><strong>&nbsp; 2.Datenquelle, Zweck und Rechtsgrundlage der Verarbeitung<\/strong><\/p><p>Alle die verarbeitenden Informationen werden von Sercom Italia als Datenverantwortlicher gem\u00e4\u00df Art. 14 DSGVO erhoben.<br>Die von Sercom Italia gesammelten Daten sind beispielsweise: Vorname, Nachname, Geburtsdatum, Steuernummer und\/oder Umsatzsteuer-Identifikationsnummer, E-Mail, Telefonnummer usw.<br>Die pers\u00f6nlichen Daten werden von Sercom Italia f\u00fcr die entsprechenden Zwecke des bestehenden Vertrags verarbeitet.<br>Rechtsgrundlage f\u00fcr die Datenverarbeitungen ist die Erf\u00fcllung der vertraglichen Verpflichtung.<br>Es wird darauf hingewiesen, dass das Unternehmen Sercom Italia pers\u00f6nliche Daten nur dann zu anderen als den oben genannten Zwecken verarbeiten wird, wenn es gesetzlichen Verpflichtungen nachkommen muss. Wenn die Daten f\u00fcr andere als die oben genannten Zwecke verwendet werden, liegt es in der Verantwortung des Datenverantwortlichen, weitere Informationen bereitzustellen.<\/p><p><strong>&nbsp; 3.Empf\u00e4nger oder Kategorien von Empf\u00e4ngern<\/strong><\/p><p>Die zur Verf\u00fcgung gestellten personenbezogenen Daten werden nicht Dritte weitergegeben. Sie k\u00f6nnen jedoch unter vollst\u00e4ndiger Einhaltung der gesetzlichen Bestimmungen f\u00fcr Zwecke, die in engem Zusammenhang mit den oben genannten Zwecken stehen, an bestimmte Personen weitergegeben werden. Jeder Zugriff auf pers\u00f6nliche Daten ist auf die vom Datenverantwortlichen autorisierten Personen beschr\u00e4nkt.<\/p><p><strong>&nbsp; 4.Profilerstellung<\/strong><\/p><p>Die personenbezogenen Daten werden weder zu Profilzwecken verwendet noch unterliegen sie einem automatischen Abrufverfahren der Daten.<\/p><p><strong>&nbsp; 5.Dauer der Speicherung<\/strong><\/p><p>Personenbezogene Daten werden nicht l\u00e4nger aufbewahrt als dies f\u00fcr den Zweck, f\u00fcr den sie verarbeitet werden, unter den in der DSGVO vorgesehenen Bedingungen erforderlich ist. Insbesondere werden die Daten f\u00fcr die gesamte Dauer des hierin genannten Vertrags und dar\u00fcber hinaus aufbewahrt, soweit dies zur Erf\u00fcllung der gesetzlichen und beh\u00f6rdlichen Verpflichtungen erforderlich ist, denen Sercom Italia unterliegt.<br>Nach Ablauf dieser Frist liegt es in der Verantwortung von Sercom Italia, die Daten aus dem System und\/oder den Aufzeichnungen zu l\u00f6schen oder die Daten zu anonymisieren, um eine weitere Identifizierung zu vermeiden.<\/p><p><strong>&nbsp; 6.Obligatorische Einlage<\/strong><\/p><p>Unter Ber\u00fccksichtigung der oben genannten Verarbeitungszwecke ist die Bereitstellung von Daten obligatorisch. Das Vers\u00e4umnis, die Daten teilweise oder unrichtig zur Verf\u00fcgung zu stellen, macht es Sercom Italia unm\u00f6glich, die angeforderten Dienstleistungen zu erbringen und somit seinen Verpflichtungen nachzukommen.<\/p><p><strong>&nbsp; 7.Rechte des Betroffenen<\/strong><\/p><p>Die betroffene Person hat das Recht, eine Best\u00e4tigung dar\u00fcber zu erhalten, ob Daten verarbeitet werden oder nicht, und in diesem Fall Folgendes zu erhalten:<br>Zugang zu personenbezogenen Daten (Art. 15);<br>Berichtigung falscher personenbezogener Daten (Art. 16);<br>L\u00f6schung personenbezogener Daten (Art. 17);<br>Einschr\u00e4nkung der Verarbeitung (Art. 18);<br>Widerspruch gegen die Verarbeitung personenbezogener Daten (Art. 21);<br>Widerruf der Einwilligung (wenn ge\u00e4u\u00dfert).<br>Die betroffene Person hat das Recht, die sie betreffenden personenbezogenen Daten, die sie einem Verantwortlichen bereitgestellt hat, in einem strukturierten, g\u00e4ngigen und maschinenlesbaren Format zu einzusehen, und sie hat das Recht, diese Daten einem anderen Verantwortlichen ohne Behinderung durch den Verantwortlichen, dem die personenbezogenen Daten bereitgestellt wurden, zu \u00fcbermitteln, sofern die Verarbeitung auf einer Einwilligung oder auf einem Vertrag beruht und automatisiert erfolgt.<br>Der Interessent hat das Recht, eine Beschwerde bei der Aufsichtsbeh\u00f6rde einzureichen.<br>Alle Antr\u00e4ge sind wie folgt zu melden:<br>&nbsp; &nbsp;a.Einschreiben an die Adresse des Datenverantwortlichen Sercom Italia Srl Unipersonale &#8211; Strada Statale 18, Nr. 375 (89013) Gioia Tauro &#8211; USt-IdNr. 03146200807;<br>&nbsp; &nbsp; b.E-Mail: info@sercomitalia.com<\/p>\t\t\t\t\t\t\t\t<\/div>\n\t\t\t\t<\/div>\n\t\t            <\/div>\n        <\/div>\n                    <\/div>\n        <\/section>\n        \t\t<\/div>\n\t\t","protected":false},"excerpt":{"rendered":"<p>Privacy Policy INFORMATIONEN GEM\u00c4\u00df ART. 13 und 14 der DSGVO(ALLGEMEINE DATENSCHUTZVERORDNUNG) 2016\/679 Die geltenden Rechtsvorschriften \u00fcber die Verarbeitung personenbezogener Daten, die gem\u00e4\u00df den Bestimmungen der Europ\u00e4ischen Verordnung EU 2016\/679 vom 27.04.2016 zum Schutz nat\u00fcrlicher Personen bei der Verarbeitung personenbezogener Daten und zum freien Datenverkehr definiert sind, enthalten Bestimmungen, die sicherstellen sollen, dass die Verarbeitung unter [&hellip;]<\/p>\n","protected":false},"author":1,"featured_media":0,"parent":0,"menu_order":0,"comment_status":"closed","ping_status":"closed","template":"","meta":{"footnotes":""},"class_list":["post-13869","page","type-page","status-publish","hentry"],"_links":{"self":[{"href":"https:\/\/sercomitalia.com\/de\/wp-json\/wp\/v2\/pages\/13869","targetHints":{"allow":["GET"]}}],"collection":[{"href":"https:\/\/sercomitalia.com\/de\/wp-json\/wp\/v2\/pages"}],"about":[{"href":"https:\/\/sercomitalia.com\/de\/wp-json\/wp\/v2\/types\/page"}],"author":[{"embeddable":true,"href":"https:\/\/sercomitalia.com\/de\/wp-json\/wp\/v2\/users\/1"}],"replies":[{"embeddable":true,"href":"https:\/\/sercomitalia.com\/de\/wp-json\/wp\/v2\/comments?post=13869"}],"version-history":[{"count":7,"href":"https:\/\/sercomitalia.com\/de\/wp-json\/wp\/v2\/pages\/13869\/revisions"}],"predecessor-version":[{"id":14046,"href":"https:\/\/sercomitalia.com\/de\/wp-json\/wp\/v2\/pages\/13869\/revisions\/14046"}],"wp:attachment":[{"href":"https:\/\/sercomitalia.com\/de\/wp-json\/wp\/v2\/media?parent=13869"}],"curies":[{"name":"wp","href":"https:\/\/api.w.org\/{rel}","templated":true}]}}