{"id":13919,"date":"2021-03-11T09:03:21","date_gmt":"2021-03-11T08:03:21","guid":{"rendered":"https:\/\/sercomitalia.com\/company\/"},"modified":"2024-06-07T15:12:58","modified_gmt":"2024-06-07T13:12:58","slug":"company","status":"publish","type":"page","link":"https:\/\/sercomitalia.com\/de\/company\/","title":{"rendered":"\u00dcber uns"},"content":{"rendered":"\t\t<div data-elementor-type=\"wp-page\" data-elementor-id=\"13919\" class=\"elementor elementor-13919 elementor-20\">\n\t\t\t\t        <section class=\"elementor-section elementor-top-section elementor-element elementor-element-3844968 elementor-section-boxed elementor-section-height-default elementor-section-height-default\" data-id=\"3844968\" data-element_type=\"section\" data-e-type=\"section\">\n            \n                        <div class=\"elementor-container elementor-column-gap-extended \">\n                    <div class=\"elementor-column elementor-col-50 elementor-top-column elementor-element elementor-element-44c71b2\" data-id=\"44c71b2\" data-element_type=\"column\" data-e-type=\"column\">\n        <div class=\"elementor-widget-wrap elementor-element-populated\">\n                    \n                <section class=\"elementor-section elementor-inner-section elementor-element elementor-element-6a6a11a elementor-section-boxed elementor-section-height-default elementor-section-height-default\" data-id=\"6a6a11a\" data-element_type=\"section\" data-e-type=\"section\" data-settings=\"{&quot;background_background&quot;:&quot;classic&quot;}\">\n            \n                        <div class=\"elementor-container elementor-column-gap-no \">\n                    <div class=\"elementor-column elementor-col-50 elementor-inner-column elementor-element elementor-element-57e460e\" data-id=\"57e460e\" data-element_type=\"column\" data-e-type=\"column\">\n        <div class=\"elementor-widget-wrap elementor-element-populated\">\n                    \n        \t\t<div class=\"elementor-element elementor-element-bcb7c7f elementor-widget elementor-widget-ct_fancy_box\" data-id=\"bcb7c7f\" data-element_type=\"widget\" data-e-type=\"widget\" data-widget_type=\"ct_fancy_box.default\">\n\t\t\t\t<div class=\"elementor-widget-container\">\n\t\t\t\t\t<div class=\"ct-fancy-box ct-fancy-box-layout2 \" data-wow-delay=\"ms\">\r\n    <div class=\"item--inner bg-image\">\r\n                    <div class=\"item--icon icon-psb\">\r\n                <i aria-hidden=\"true\" class=\"fas fa-ship\"><\/i>            <\/div>\r\n                        <h5 class=\"item--title\">\r\n            LOGISTIKKOORDINIERUNG         <\/h5>\r\n        <div class=\"item--description\">Wir finden f\u00fcr Sie die perfekte L\u00f6sung, um Ihre Lieferkette zu optimieren und Zeit und Ressourcen zu sparen.<\/div>\r\n    <\/div>\r\n<\/div>\t\t\t\t<\/div>\n\t\t\t\t<\/div>\n\t\t\t\t<div class=\"elementor-element elementor-element-f6fcabc elementor-widget elementor-widget-ct_fancy_box\" data-id=\"f6fcabc\" data-element_type=\"widget\" data-e-type=\"widget\" data-widget_type=\"ct_fancy_box.default\">\n\t\t\t\t<div class=\"elementor-widget-container\">\n\t\t\t\t\t<div class=\"ct-fancy-box ct-fancy-box-layout2 \" data-wow-delay=\"ms\">\r\n    <div class=\"item--inner bg-image\">\r\n                    <div class=\"item--icon icon-psb\">\r\n                <i aria-hidden=\"true\" class=\"flaticon flaticon-leaf\"><\/i>            <\/div>\r\n                        <h5 class=\"item--title\">\r\n            PRODUKTE        <\/h5>\r\n        <div class=\"item--description\">Pr\u00fcfen Sie ganz einfach die umfangreiche Liste der Zutaten und Inhaltsstoffe unserer Lebensmittel, S\u00fc\u00dfwaren, Getr\u00e4nke, Eiswaren und unseres Geb\u00e4cks sowie unserer Halbfertigprodukte.\n<\/div>\r\n    <\/div>\r\n<\/div>\t\t\t\t<\/div>\n\t\t\t\t<\/div>\n\t\t            <\/div>\n        <\/div>\n                <div class=\"elementor-column elementor-col-50 elementor-inner-column elementor-element elementor-element-97d4881\" data-id=\"97d4881\" data-element_type=\"column\" data-e-type=\"column\">\n        <div class=\"elementor-widget-wrap elementor-element-populated\">\n                    \n        \t\t<div class=\"elementor-element elementor-element-44f3366 elementor-widget elementor-widget-ct_fancy_box\" data-id=\"44f3366\" data-element_type=\"widget\" data-e-type=\"widget\" data-widget_type=\"ct_fancy_box.default\">\n\t\t\t\t<div class=\"elementor-widget-container\">\n\t\t\t\t\t<div class=\"ct-fancy-box ct-fancy-box-layout2 \" data-wow-delay=\"ms\">\r\n    <div class=\"item--inner bg-image\">\r\n                    <div class=\"item--icon icon-psb\">\r\n                <i aria-hidden=\"true\" class=\"flaticon flaticon-credit-card\"><\/i>            <\/div>\r\n                        <h5 class=\"item--title\">\r\n            GFSI-ZERTIFIZIERUNGEN (engl. global food safety initiative)        <\/h5>\r\n        <div class=\"item--description\">Sercom Italia erneuert jedes Jahr seine BRC- und IFS-Zertifikate und beweist somit sein kontinuierliches Engagement f\u00fcr Qualit\u00e4t und Lebensmittelsicherheit.<\/div>\r\n    <\/div>\r\n<\/div>\t\t\t\t<\/div>\n\t\t\t\t<\/div>\n\t\t\t\t<div class=\"elementor-element elementor-element-136960b elementor-widget elementor-widget-ct_fancy_box\" data-id=\"136960b\" data-element_type=\"widget\" data-e-type=\"widget\" data-widget_type=\"ct_fancy_box.default\">\n\t\t\t\t<div class=\"elementor-widget-container\">\n\t\t\t\t\t<div class=\"ct-fancy-box ct-fancy-box-layout2 \" data-wow-delay=\"ms\">\r\n    <div class=\"item--inner bg-image\">\r\n                    <div class=\"item--icon icon-psb\">\r\n                <i aria-hidden=\"true\" class=\"icon icon-favorite1\"><\/i>            <\/div>\r\n                        <h5 class=\"item--title\">\r\n            SPEZIALPRODUKTE        <\/h5>\r\n        <div class=\"item--description\">Vom Konzept bis hin zur Auslieferung haben sich viele Unternehmen bereits f\u00fcr uns entschieden und unsere Methode mit au\u00dfergew\u00f6hnlichem Erfolg \u00fcbernommen.\n<\/div>\r\n    <\/div>\r\n<\/div>\t\t\t\t<\/div>\n\t\t\t\t<\/div>\n\t\t            <\/div>\n        <\/div>\n                    <\/div>\n        <\/section>\n                    <\/div>\n        <\/div>\n                <div class=\"elementor-column elementor-col-50 elementor-top-column elementor-element elementor-element-40661bf\" data-id=\"40661bf\" data-element_type=\"column\" data-e-type=\"column\">\n        <div class=\"elementor-widget-wrap elementor-element-populated\">\n                    \n        \t\t<div class=\"elementor-element elementor-element-6607777 elementor-widget elementor-widget-ct_text_editor\" data-id=\"6607777\" data-element_type=\"widget\" data-e-type=\"widget\" data-widget_type=\"ct_text_editor.default\">\n\t\t\t\t<div class=\"elementor-widget-container\">\n\t\t\t\t\t<div id=\"ct_text_editor-6607777\" class=\"ct-text-editor \" data-wow-delay=\"ms\">\n\t<div class=\"ct-item--inner\">\n\t\t<div class=\"ct-inline-css\"  data-css=\"\n\t        \t\t\t\">\n\n\t    <\/div>\n\t\t<div class=\"ct-text-editor elementor-clearfix\">\n\t\t\t<p><span style=\"font-weight: 400\">Sercom Italia ist ein 2013 gegr\u00fcndetes Unternehmen, das Lebensmittelzutaten liefert. Es liegt im Herzen des Mittelmeerraums. <\/span><span style=\"font-weight: 400\"><br \/><\/span><span style=\"font-weight: 400\"><br \/><\/span><span style=\"font-weight: 400\">Wir bieten L\u00f6sungen f\u00fcr die Versorgung und Lieferung von Lebensmittelzutaten im B2B-Bereich. Wir beliefern Unternehmen mit den gew\u00fcnschten Produkten und Dienstleistungen und vereinfachen die Prozesse durch intelligente und effiziente Methoden. <\/span><span style=\"font-weight: 400\"><br \/><\/span><span style=\"font-weight: 400\"><br \/><\/span><span style=\"font-weight: 400\"> Stetig bauen wir unser Angebot aus, um Lieferungen f\u00fcr die Lebensmittel-, Getr\u00e4nke- und S\u00fc\u00dfwarenindustrie auch weltweit anbieten zu k\u00f6nnen.<\/span><\/p>\t\t\n\t\t<\/div>\n\t<\/div>\n<\/div>\t\t\t\t<\/div>\n\t\t\t\t<\/div>\n\t\t\t\t<div class=\"elementor-element elementor-element-16eda0e elementor-widget elementor-widget-ct_heading\" data-id=\"16eda0e\" data-element_type=\"widget\" data-e-type=\"widget\" data-widget_type=\"ct_heading.default\">\n\t\t\t\t<div class=\"elementor-widget-container\">\n\t\t\t\t\t<div class=\"ct-heading h-align- item-st-line-right\">\r\n    <div class=\"ct-heading--inner\">\r\n    \t    \t\t<div class=\"item--sub-title style-default\">\r\n                <span>\r\n                    <span>~<\/span>                    Warum Sie uns w\u00e4hlen sollten?                    <span>~<\/span>                <\/span>\r\n            <\/div>\r\n    \t        <h3 class=\"item--title case-animate-time st-line-right \" data-wow-delay=\"ms\">\r\n            <span class=\"slide-in-container\"><span class=\"d-inline-block wow case-fade-in-up\"><\/span><\/span>        <\/h3>\r\n    <\/div>\r\n<\/div>\r\n\r\n\t\t\t\t<\/div>\n\t\t\t\t<\/div>\n\t\t\t\t<div class=\"elementor-element elementor-element-94a376d elementor-widget elementor-widget-ct_text_editor\" data-id=\"94a376d\" data-element_type=\"widget\" data-e-type=\"widget\" data-widget_type=\"ct_text_editor.default\">\n\t\t\t\t<div class=\"elementor-widget-container\">\n\t\t\t\t\t<div id=\"ct_text_editor-94a376d\" class=\"ct-text-editor \" data-wow-delay=\"ms\">\n\t<div class=\"ct-item--inner\">\n\t\t<div class=\"ct-inline-css\"  data-css=\"\n\t        \t\t\t\">\n\n\t    <\/div>\n\t\t<div class=\"ct-text-editor elementor-clearfix\">\n\t\t\t<p><span style=\"font-weight: 400\">\u00a0Wir vereinfachen Ihre Einkaufsprozesse. Unsere St\u00e4rken sind ein solides Managementsystem, unser Kooperationskonzept, die Produktanpassung und die Lieferlogistik.<\/span><span style=\"font-weight: 400\"><br \/><\/span><span style=\"font-weight: 400\"><br \/><\/span><span style=\"font-weight: 400\"> Unser qualifiziertes Team aus sorgf\u00e4ltig ausgesuchten Mitarbeitern ist stets \u00fcber die aktuellen und komplexen Zusammenh\u00e4nge des Lebensmittelmarktes informiert. Wir erf\u00fcllen die vielf\u00e4ltigen und sich wandelnden Bed\u00fcrfnisse unserer Kunden mit gr\u00f6\u00dfter Sorgfalt und Pr\u00e4zision, indem wir zertifizierte und hochwertige Produkte f\u00fcr vielf\u00e4ltige Anwendungsm\u00f6glichkeiten liefern.<\/span><\/p>\t\t\n\t\t<\/div>\n\t<\/div>\n<\/div>\t\t\t\t<\/div>\n\t\t\t\t<\/div>\n\t\t            <\/div>\n        <\/div>\n                    <\/div>\n        <\/section>\n                <section class=\"elementor-section elementor-top-section elementor-element elementor-element-5e0b9f0 elementor-section-stretched elementor-section-boxed elementor-section-height-default elementor-section-height-default\" data-id=\"5e0b9f0\" data-element_type=\"section\" data-e-type=\"section\" data-settings=\"{&quot;stretch_section&quot;:&quot;section-stretched&quot;,&quot;background_background&quot;:&quot;classic&quot;}\">\n            \n                        <div class=\"elementor-container elementor-column-gap-extended \">\n                    <div class=\"elementor-column elementor-col-50 elementor-top-column elementor-element elementor-element-cf73a59\" data-id=\"cf73a59\" data-element_type=\"column\" data-e-type=\"column\">\n        <div class=\"elementor-widget-wrap elementor-element-populated\">\n                    \n        \t\t<div class=\"elementor-element elementor-element-83dcb5a elementor-widget elementor-widget-spacer\" data-id=\"83dcb5a\" data-element_type=\"widget\" data-e-type=\"widget\" data-widget_type=\"spacer.default\">\n\t\t\t\t<div class=\"elementor-widget-container\">\n\t\t\t\t\t\t\t<div class=\"elementor-spacer\">\n\t\t\t<div class=\"elementor-spacer-inner\"><\/div>\n\t\t<\/div>\n\t\t\t\t\t\t<\/div>\n\t\t\t\t<\/div>\n\t\t\t\t<div class=\"elementor-element elementor-element-ef70fd1 elementor-widget elementor-widget-ct_image\" data-id=\"ef70fd1\" data-element_type=\"widget\" data-e-type=\"widget\" data-widget_type=\"ct_image.default\">\n\t\t\t\t<div class=\"elementor-widget-container\">\n\t\t\t\t\t<div class=\"ct-image-single    effect-none \" data-width=\"\" data-height=\"\">\r\n                        <img fetchpriority=\"high\" decoding=\"async\" width=\"960\" height=\"640\" src=\"https:\/\/sercomitalia.com\/wp-content\/uploads\/2023\/10\/logistic.jpg\" class=\"no-lazyload attachment-full\" alt=\"\" \/>            <\/div>\t\t\t\t<\/div>\n\t\t\t\t<\/div>\n\t\t            <\/div>\n        <\/div>\n                <div class=\"elementor-column elementor-col-50 elementor-top-column elementor-element elementor-element-ea3261c\" data-id=\"ea3261c\" data-element_type=\"column\" data-e-type=\"column\">\n        <div class=\"elementor-widget-wrap elementor-element-populated\">\n                    \n        \t\t<div class=\"elementor-element elementor-element-51d3557 elementor-widget elementor-widget-spacer\" data-id=\"51d3557\" data-element_type=\"widget\" data-e-type=\"widget\" data-widget_type=\"spacer.default\">\n\t\t\t\t<div class=\"elementor-widget-container\">\n\t\t\t\t\t\t\t<div class=\"elementor-spacer\">\n\t\t\t<div class=\"elementor-spacer-inner\"><\/div>\n\t\t<\/div>\n\t\t\t\t\t\t<\/div>\n\t\t\t\t<\/div>\n\t\t\t\t<div class=\"elementor-element elementor-element-3ecfbce elementor-widget elementor-widget-ct_heading\" data-id=\"3ecfbce\" data-element_type=\"widget\" data-e-type=\"widget\" data-widget_type=\"ct_heading.default\">\n\t\t\t\t<div class=\"elementor-widget-container\">\n\t\t\t\t\t<div class=\"ct-heading h-align- item-st-default\">\r\n    <div class=\"ct-heading--inner\">\r\n    \t    \t\t<div class=\"item--sub-title style-default\">\r\n                <span>\r\n                    <span>~<\/span>                    \u00dcber uns                    <span>~<\/span>                <\/span>\r\n            <\/div>\r\n    \t        <h3 class=\"item--title case-animate-time st-default \" data-wow-delay=\"ms\">\r\n            <span class=\"slide-in-container\"><span class=\"d-inline-block wow case-fade-in-up\">LOGISTIK<\/span><\/span> <span class=\"slide-in-container\"><span class=\"d-inline-block wow case-fade-in-up\">KOORDINATIONSDIENSTE:<\/span><\/span> <span class=\"slide-in-container\"><span class=\"d-inline-block wow case-fade-in-up\">WIR<\/span><\/span> <span class=\"slide-in-container\"><span class=\"d-inline-block wow case-fade-in-up\">LIEFERN<\/span><\/span> <span class=\"slide-in-container\"><span class=\"d-inline-block wow case-fade-in-up\">WELTWEIT.<\/span><\/span>        <\/h3>\r\n    <\/div>\r\n<\/div>\r\n\r\n\t\t\t\t<\/div>\n\t\t\t\t<\/div>\n\t\t\t\t<div class=\"elementor-element elementor-element-d0d4f73 elementor-widget elementor-widget-ct_text_editor\" data-id=\"d0d4f73\" data-element_type=\"widget\" data-e-type=\"widget\" data-widget_type=\"ct_text_editor.default\">\n\t\t\t\t<div class=\"elementor-widget-container\">\n\t\t\t\t\t<div id=\"ct_text_editor-d0d4f73\" class=\"ct-text-editor \" data-wow-delay=\"ms\">\n\t<div class=\"ct-item--inner\">\n\t\t<div class=\"ct-inline-css\"  data-css=\"\n\t        \t\t\t\">\n\n\t    <\/div>\n\t\t<div class=\"ct-text-editor elementor-clearfix\">\n\t\t\t<p><span style=\"font-weight: 400\">Der <strong>Logistikservice<\/strong> von Sercom Italia ist rund um die Uhr aktiv.<\/span><\/p>\t\t\n\t\t<\/div>\n\t<\/div>\n<\/div>\t\t\t\t<\/div>\n\t\t\t\t<\/div>\n\t\t\t\t<div class=\"elementor-element elementor-element-9266724 elementor-widget elementor-widget-ct_text_editor\" data-id=\"9266724\" data-element_type=\"widget\" data-e-type=\"widget\" data-widget_type=\"ct_text_editor.default\">\n\t\t\t\t<div class=\"elementor-widget-container\">\n\t\t\t\t\t<div id=\"ct_text_editor-9266724\" class=\"ct-text-editor \" data-wow-delay=\"ms\">\n\t<div class=\"ct-item--inner\">\n\t\t<div class=\"ct-inline-css\"  data-css=\"\n\t        \t\t\t\">\n\n\t    <\/div>\n\t\t<div class=\"ct-text-editor elementor-clearfix\">\n\t\t\t<p><span style=\"font-weight: 400\">Die Bed\u00fcrfnisse unserer Kunden zeitnah und effizient zu bearbeiten hat bei uns eine sehr hohe Priorit\u00e4t.<\/span><\/p><p><span style=\"font-weight: 400\">Wir arbeiten mit einigen der gr\u00f6\u00dften Schifffahrtsagenturen und einigen der renommiertesten Partner f\u00fcr Stra\u00dfenlogistik und temperaturgef\u00fchrte Lagerung in Europa zusammen.<\/span><\/p>\t\t\n\t\t<\/div>\n\t<\/div>\n<\/div>\t\t\t\t<\/div>\n\t\t\t\t<\/div>\n\t\t        <section class=\"elementor-section elementor-inner-section elementor-element elementor-element-cdefe75 elementor-section-boxed elementor-section-height-default elementor-section-height-default\" data-id=\"cdefe75\" data-element_type=\"section\" data-e-type=\"section\">\n            \n                        <div class=\"elementor-container elementor-column-gap-extended \">\n                    <div class=\"elementor-column elementor-col-50 elementor-inner-column elementor-element elementor-element-523db76\" data-id=\"523db76\" data-element_type=\"column\" data-e-type=\"column\">\n        <div class=\"elementor-widget-wrap elementor-element-populated\">\n                    \n        \t\t<div class=\"elementor-element elementor-element-f602fed elementor-widget elementor-widget-ct_fancy_box\" data-id=\"f602fed\" data-element_type=\"widget\" data-e-type=\"widget\" data-widget_type=\"ct_fancy_box.default\">\n\t\t\t\t<div class=\"elementor-widget-container\">\n\t\t\t\t\t<div class=\"ct-fancy-box ct-fancy-box-layout3 style1 \" data-wow-delay=\"ms\">\r\n    <div class=\"item--inner\">\r\n                    <div class=\"item--icon\">\r\n                <i aria-hidden=\"true\" class=\"far fa-handshake\"><\/i>            <\/div>\r\n                        <div class=\"item--holder\">\r\n            <h5 class=\"item--title\">\r\n                Engagement f\u00fcr Sicherheit und P\u00fcnktlichkeit            <\/h5>\r\n            <div class=\"item--description\"><\/div>\r\n        <\/div>\r\n            <\/div>\r\n<\/div>\t\t\t\t<\/div>\n\t\t\t\t<\/div>\n\t\t            <\/div>\n        <\/div>\n                <div class=\"elementor-column elementor-col-50 elementor-inner-column elementor-element elementor-element-99d0107\" data-id=\"99d0107\" data-element_type=\"column\" data-e-type=\"column\">\n        <div class=\"elementor-widget-wrap elementor-element-populated\">\n                    \n        \t\t<div class=\"elementor-element elementor-element-49f2284 elementor-widget elementor-widget-ct_fancy_box\" data-id=\"49f2284\" data-element_type=\"widget\" data-e-type=\"widget\" data-widget_type=\"ct_fancy_box.default\">\n\t\t\t\t<div class=\"elementor-widget-container\">\n\t\t\t\t\t<div class=\"ct-fancy-box ct-fancy-box-layout3 style1 \" data-wow-delay=\"ms\">\r\n    <div class=\"item--inner\">\r\n                    <div class=\"item--icon\">\r\n                <i aria-hidden=\"true\" class=\"fas fa-award\"><\/i>            <\/div>\r\n                        <div class=\"item--holder\">\r\n            <h5 class=\"item--title\">\r\n                Exklusive Auswahl zertifizierter Logistikpartner            <\/h5>\r\n            <div class=\"item--description\"><\/div>\r\n        <\/div>\r\n            <\/div>\r\n<\/div>\t\t\t\t<\/div>\n\t\t\t\t<\/div>\n\t\t            <\/div>\n        <\/div>\n                    <\/div>\n        <\/section>\n                    <\/div>\n        <\/div>\n                    <\/div>\n        <\/section>\n        \t\t<\/div>\n\t\t","protected":false},"excerpt":{"rendered":"<p>LOGISTIKKOORDINIERUNG Wir finden f\u00fcr Sie die perfekte L\u00f6sung, um Ihre Lieferkette zu optimieren und Zeit und Ressourcen zu sparen. PRODUKTE Pr\u00fcfen Sie ganz einfach die umfangreiche Liste der Zutaten und Inhaltsstoffe unserer Lebensmittel, S\u00fc\u00dfwaren, Getr\u00e4nke, Eiswaren und unseres Geb\u00e4cks sowie unserer Halbfertigprodukte. GFSI-ZERTIFIZIERUNGEN (engl. global food safety initiative) Sercom Italia erneuert jedes Jahr seine BRC- [&hellip;]<\/p>\n","protected":false},"author":1,"featured_media":0,"parent":0,"menu_order":0,"comment_status":"closed","ping_status":"closed","template":"","meta":{"footnotes":""},"class_list":["post-13919","page","type-page","status-publish","hentry"],"_links":{"self":[{"href":"https:\/\/sercomitalia.com\/de\/wp-json\/wp\/v2\/pages\/13919","targetHints":{"allow":["GET"]}}],"collection":[{"href":"https:\/\/sercomitalia.com\/de\/wp-json\/wp\/v2\/pages"}],"about":[{"href":"https:\/\/sercomitalia.com\/de\/wp-json\/wp\/v2\/types\/page"}],"author":[{"embeddable":true,"href":"https:\/\/sercomitalia.com\/de\/wp-json\/wp\/v2\/users\/1"}],"replies":[{"embeddable":true,"href":"https:\/\/sercomitalia.com\/de\/wp-json\/wp\/v2\/comments?post=13919"}],"version-history":[{"count":43,"href":"https:\/\/sercomitalia.com\/de\/wp-json\/wp\/v2\/pages\/13919\/revisions"}],"predecessor-version":[{"id":14995,"href":"https:\/\/sercomitalia.com\/de\/wp-json\/wp\/v2\/pages\/13919\/revisions\/14995"}],"wp:attachment":[{"href":"https:\/\/sercomitalia.com\/de\/wp-json\/wp\/v2\/media?parent=13919"}],"curies":[{"name":"wp","href":"https:\/\/api.w.org\/{rel}","templated":true}]}}