{"id":13659,"date":"2023-09-11T10:57:01","date_gmt":"2023-09-11T08:57:01","guid":{"rendered":"https:\/\/sercomitalia.com\/quality\/"},"modified":"2024-06-04T17:20:00","modified_gmt":"2024-06-04T15:20:00","slug":"quality","status":"publish","type":"page","link":"https:\/\/sercomitalia.com\/es\/quality\/","title":{"rendered":"Garant\u00eda de calidad y productos certificados"},"content":{"rendered":"\t\t<div data-elementor-type=\"wp-page\" data-elementor-id=\"13659\" class=\"elementor elementor-13659 elementor-8806\">\n\t\t\t\t        <section class=\"elementor-section elementor-top-section elementor-element elementor-element-48816f7 elementor-section-boxed elementor-section-height-default elementor-section-height-default\" data-id=\"48816f7\" data-element_type=\"section\" data-e-type=\"section\">\n            \n                        <div class=\"elementor-container elementor-column-gap-extended \">\n                    <div class=\"elementor-column elementor-col-50 elementor-top-column elementor-element elementor-element-a3cabaf\" data-id=\"a3cabaf\" data-element_type=\"column\" data-e-type=\"column\">\n        <div class=\"elementor-widget-wrap elementor-element-populated\">\n                    \n        \t\t<div class=\"elementor-element elementor-element-5c05d05 elementor-widget elementor-widget-ct_image\" data-id=\"5c05d05\" data-element_type=\"widget\" data-e-type=\"widget\" data-widget_type=\"ct_image.default\">\n\t\t\t\t<div class=\"elementor-widget-container\">\n\t\t\t\t\t<div class=\"ct-image-single    effect-none \" data-width=\"\" data-height=\"\">\r\n                        <img fetchpriority=\"high\" decoding=\"async\" width=\"640\" height=\"640\" src=\"https:\/\/sercomitalia.com\/wp-content\/uploads\/2024\/06\/fruit-quality-assurance-certified-products-640x640-1.jpg\" class=\"no-lazyload attachment-full\" alt=\"\" \/>            <\/div>\t\t\t\t<\/div>\n\t\t\t\t<\/div>\n\t\t            <\/div>\n        <\/div>\n                <div class=\"elementor-column elementor-col-50 elementor-top-column elementor-element elementor-element-3877980\" data-id=\"3877980\" data-element_type=\"column\" data-e-type=\"column\">\n        <div class=\"elementor-widget-wrap elementor-element-populated\">\n                    \n        \t\t<div class=\"elementor-element elementor-element-b5257e4 elementor-widget elementor-widget-text-editor\" data-id=\"b5257e4\" data-element_type=\"widget\" data-e-type=\"widget\" data-widget_type=\"text-editor.default\">\n\t\t\t\t<div class=\"elementor-widget-container\">\n\t\t\t\t\t\t\t\t\t<p><span style=\"font-weight: 400;\">La clave de nuestro \u00e9xito es la b\u00fasqueda minuciosa de los productos en sus lugares de origen y en las zonas m\u00e1s aptas para su producci\u00f3n.<\/span><\/p><p><span style=\"font-weight: 400;\">Al elegir colaborar con coproductores cualificados, expertos y certificados, garantizamos que todos los productos que suministramos cumplen con los m\u00e1s altos est\u00e1ndares de calidad y se adhieren a las normativas m\u00e1s estrictas en materia de seguridad alimentaria.<\/span><\/p><p><span style=\"font-weight: 400;\">Sercom Italia cuenta con las certificaciones de calidad GFSI, que avalan nuestro compromiso de mantener el control de calidad a lo largo de toda la cadena de suministro y garantizar al cliente la fiabilidad de nuestros productos.<\/span><\/p><p><span style=\"font-weight: 400;\">La garant\u00eda de calidad y la seguridad alimentaria son una parte integral de nuestro trabajo diario para nuestros clientes.<\/span><\/p><p><span style=\"font-weight: 400;\">Todos nuestros productos se someten a rigurosos controles anal\u00edticos antes y despu\u00e9s de la producci\u00f3n.<\/span><\/p>\t\t\t\t\t\t\t\t<\/div>\n\t\t\t\t<\/div>\n\t\t            <\/div>\n        <\/div>\n                    <\/div>\n        <\/section>\n                <section class=\"elementor-section elementor-top-section elementor-element elementor-element-6facde4 elementor-section-boxed elementor-section-height-default elementor-section-height-default\" data-id=\"6facde4\" data-element_type=\"section\" data-e-type=\"section\">\n            \n                        <div class=\"elementor-container elementor-column-gap-extended \">\n                    <div class=\"elementor-column elementor-col-100 elementor-top-column elementor-element elementor-element-d11f53b\" data-id=\"d11f53b\" data-element_type=\"column\" data-e-type=\"column\">\n        <div class=\"elementor-widget-wrap elementor-element-populated\">\n                    \n        \t\t<div class=\"elementor-element elementor-element-96875c5 elementor-widget elementor-widget-text-editor\" data-id=\"96875c5\" data-element_type=\"widget\" data-e-type=\"widget\" data-widget_type=\"text-editor.default\">\n\t\t\t\t<div class=\"elementor-widget-container\">\n\t\t\t\t\t\t\t\t\t<p><span style=\"font-weight: 400;\">Como muestra de su compromiso y creciente atenci\u00f3n a la pol\u00edtica de calidad, Sercom Italia ha implementado un sistema de calidad integrado a trav\u00e9s de la aplicaci\u00f3n de los sistemas BRC e IFS.<\/span><\/p><p><span style=\"font-weight: 400;\">Todos los establecimientos de nuestros fabricantes cuentan con certificados independientes que acreditan el cumplimiento de las normas de calidad m\u00e1s estrictas y, en caso necesario, tambi\u00e9n con la aprobaci\u00f3n de auditor\u00edas de terceros organizadas para la ocasi\u00f3n.\u00a0<\/span><\/p><p><span style=\"font-weight: 400;\">Sercom Italia tambi\u00e9n se ha adecuado a lo largo de los a\u00f1os a las diferentes necesidades de los clientes, obteniendo certificaciones espec\u00edficas relevantes, como la certificaci\u00f3n Kosher.<\/span><\/p><p><span style=\"font-weight: 400;\">Adem\u00e1s de ser una empresa exportadora aprobada por la FDA para productos convencionales, Sercom Italia tambi\u00e9n opera en el sector ECOL\u00d3GICO con resultados muy positivos, garantizando la transparencia de la cadena de suministro certificada ecol\u00f3gica que cumple con los est\u00e1ndares de la UE y NOP USDA.<\/span><\/p>\t\t\t\t\t\t\t\t<\/div>\n\t\t\t\t<\/div>\n\t\t            <\/div>\n        <\/div>\n                    <\/div>\n        <\/section>\n                <section class=\"elementor-section elementor-inner-section elementor-element elementor-element-30a71e7b elementor-section-boxed elementor-section-height-default elementor-section-height-default\" data-id=\"30a71e7b\" data-element_type=\"section\" data-e-type=\"section\">\n            \n                        <div class=\"elementor-container elementor-column-gap-no \">\n                    <div class=\"elementor-column elementor-col-33 elementor-inner-column elementor-element elementor-element-783394d5\" data-id=\"783394d5\" data-element_type=\"column\" data-e-type=\"column\">\n        <div class=\"elementor-widget-wrap elementor-element-populated\">\n                    \n        \t\t<div class=\"elementor-element elementor-element-5ec88d87 ct-fancy-box-wrap elementor-widget elementor-widget-ct_fancy_box\" data-id=\"5ec88d87\" data-element_type=\"widget\" data-e-type=\"widget\" data-widget_type=\"ct_fancy_box.default\">\n\t\t\t\t<div class=\"elementor-widget-container\">\n\t\t\t\t\t<div class=\"ct-fancy-box ct-fancy-box-layout3 style1 \" data-wow-delay=\"ms\">\r\n    <div class=\"item--inner\">\r\n                    <div class=\"item--icon\">\r\n                <i aria-hidden=\"true\" class=\"icon icon-shield\"><\/i>            <\/div>\r\n                        <div class=\"item--holder\">\r\n            <h5 class=\"item--title\">\r\n                Control anal\u00edtico            <\/h5>\r\n            <div class=\"item--description\"><\/div>\r\n        <\/div>\r\n            <\/div>\r\n<\/div>\t\t\t\t<\/div>\n\t\t\t\t<\/div>\n\t\t            <\/div>\n        <\/div>\n                <div class=\"elementor-column elementor-col-33 elementor-inner-column elementor-element elementor-element-61c81081\" data-id=\"61c81081\" data-element_type=\"column\" data-e-type=\"column\">\n        <div class=\"elementor-widget-wrap elementor-element-populated\">\n                    \n        \t\t<div class=\"elementor-element elementor-element-551daa0c ct-fancy-box-wrap elementor-widget elementor-widget-ct_fancy_box\" data-id=\"551daa0c\" data-element_type=\"widget\" data-e-type=\"widget\" data-widget_type=\"ct_fancy_box.default\">\n\t\t\t\t<div class=\"elementor-widget-container\">\n\t\t\t\t\t<div class=\"ct-fancy-box ct-fancy-box-layout3 style1 \" data-wow-delay=\"ms\">\r\n    <div class=\"item--inner\">\r\n                    <div class=\"item--icon\">\r\n                <i aria-hidden=\"true\" class=\"icon icon-customer-support-2\"><\/i>            <\/div>\r\n                        <div class=\"item--holder\">\r\n            <h5 class=\"item--title\">\r\n                M\u00e1ximo apoyo y asistencia en materia de control de calidad            <\/h5>\r\n            <div class=\"item--description\"><\/div>\r\n        <\/div>\r\n            <\/div>\r\n<\/div>\t\t\t\t<\/div>\n\t\t\t\t<\/div>\n\t\t            <\/div>\n        <\/div>\n                <div class=\"elementor-column elementor-col-33 elementor-inner-column elementor-element elementor-element-f4bf697\" data-id=\"f4bf697\" data-element_type=\"column\" data-e-type=\"column\">\n        <div class=\"elementor-widget-wrap elementor-element-populated\">\n                    \n        \t\t<div class=\"elementor-element elementor-element-238ab291 ct-fancy-box-wrap elementor-widget elementor-widget-ct_fancy_box\" data-id=\"238ab291\" data-element_type=\"widget\" data-e-type=\"widget\" data-widget_type=\"ct_fancy_box.default\">\n\t\t\t\t<div class=\"elementor-widget-container\">\n\t\t\t\t\t<div class=\"ct-fancy-box ct-fancy-box-layout3 style1 \" data-wow-delay=\"ms\">\r\n    <div class=\"item--inner\">\r\n                    <div class=\"item--icon\">\r\n                <i aria-hidden=\"true\" class=\"icon icon-Speed-Clock\"><\/i>            <\/div>\r\n                        <div class=\"item--holder\">\r\n            <h5 class=\"item--title\">\r\n                Respuestas r\u00e1pidas            <\/h5>\r\n            <div class=\"item--description\"><\/div>\r\n        <\/div>\r\n            <\/div>\r\n<\/div>\t\t\t\t<\/div>\n\t\t\t\t<\/div>\n\t\t            <\/div>\n        <\/div>\n                    <\/div>\n        <\/section>\n                <section class=\"elementor-section elementor-top-section elementor-element elementor-element-09f4a79 elementor-section-boxed elementor-section-height-default elementor-section-height-default\" data-id=\"09f4a79\" data-element_type=\"section\" data-e-type=\"section\">\n            \n                        <div class=\"elementor-container elementor-column-gap-default \">\n                    <div class=\"elementor-column elementor-col-100 elementor-top-column elementor-element elementor-element-273e165\" data-id=\"273e165\" data-element_type=\"column\" data-e-type=\"column\">\n        <div class=\"elementor-widget-wrap elementor-element-populated\">\n                    \n        \t\t<div class=\"elementor-element elementor-element-1bc26e4 elementor-widget elementor-widget-text-editor\" data-id=\"1bc26e4\" data-element_type=\"widget\" data-e-type=\"widget\" data-widget_type=\"text-editor.default\">\n\t\t\t\t<div class=\"elementor-widget-container\">\n\t\t\t\t\t\t\t\t\t<h2 style=\"text-align: center;\"><span style=\"font-weight: 400;\">Certificaciones y acreditaciones<\/span><\/h2><p><span style=\"font-weight: 400;\">Adhesi\u00f3n rigurosa y completa a las directrices y protocolos prescritos por nuestros clientes, sin desviaciones ni compromisos.<\/span><\/p>\t\t\t\t\t\t\t\t<\/div>\n\t\t\t\t<\/div>\n\t\t            <\/div>\n        <\/div>\n                    <\/div>\n        <\/section>\n                <section class=\"elementor-section elementor-top-section elementor-element elementor-element-46cffd2 elementor-section-boxed elementor-section-height-default elementor-section-height-default\" data-id=\"46cffd2\" data-element_type=\"section\" data-e-type=\"section\">\n            \n                        <div class=\"elementor-container elementor-column-gap-default \">\n                    <div class=\"elementor-column elementor-col-100 elementor-top-column elementor-element elementor-element-0bb95cc\" data-id=\"0bb95cc\" data-element_type=\"column\" data-e-type=\"column\">\n        <div class=\"elementor-widget-wrap elementor-element-populated\">\n                    \n        \t\t<div class=\"elementor-element elementor-element-99d01c6 elementor-widget elementor-widget-image-gallery\" data-id=\"99d01c6\" data-element_type=\"widget\" data-e-type=\"widget\" data-widget_type=\"image-gallery.default\">\n\t\t\t\t<div class=\"elementor-widget-container\">\n\t\t\t\t\t\t\t<div class=\"elementor-image-gallery\">\n\t\t\t<div id='gallery-1' class='gallery galleryid-13659 gallery-columns-6 gallery-size-full'><figure class='gallery-item'>\n\t\t\t<div class='gallery-icon landscape'>\n\t\t\t\t<img decoding=\"async\" width=\"334\" height=\"188\" src=\"https:\/\/sercomitalia.com\/wp-content\/uploads\/2023\/09\/usda.png\" class=\"attachment-full size-full\" alt=\"\" srcset=\"https:\/\/sercomitalia.com\/wp-content\/uploads\/2023\/09\/usda.png 334w, https:\/\/sercomitalia.com\/wp-content\/uploads\/2023\/09\/usda-300x169.png 300w\" sizes=\"(max-width: 334px) 100vw, 334px\" \/>\n\t\t\t<\/div><\/figure><figure class='gallery-item'>\n\t\t\t<div class='gallery-icon landscape'>\n\t\t\t\t<img decoding=\"async\" width=\"334\" height=\"188\" src=\"https:\/\/sercomitalia.com\/wp-content\/uploads\/2023\/09\/ifs.png\" class=\"attachment-full size-full\" alt=\"\" srcset=\"https:\/\/sercomitalia.com\/wp-content\/uploads\/2023\/09\/ifs.png 334w, https:\/\/sercomitalia.com\/wp-content\/uploads\/2023\/09\/ifs-300x169.png 300w\" sizes=\"(max-width: 334px) 100vw, 334px\" \/>\n\t\t\t<\/div><\/figure><figure class='gallery-item'>\n\t\t\t<div class='gallery-icon landscape'>\n\t\t\t\t<img loading=\"lazy\" decoding=\"async\" width=\"334\" height=\"188\" src=\"https:\/\/sercomitalia.com\/wp-content\/uploads\/2023\/09\/brcgs.png\" class=\"attachment-full size-full\" alt=\"\" srcset=\"https:\/\/sercomitalia.com\/wp-content\/uploads\/2023\/09\/brcgs.png 334w, https:\/\/sercomitalia.com\/wp-content\/uploads\/2023\/09\/brcgs-300x169.png 300w\" sizes=\"(max-width: 334px) 100vw, 334px\" \/>\n\t\t\t<\/div><\/figure><figure class='gallery-item'>\n\t\t\t<div class='gallery-icon landscape'>\n\t\t\t\t<img loading=\"lazy\" decoding=\"async\" width=\"334\" height=\"188\" src=\"https:\/\/sercomitalia.com\/wp-content\/uploads\/2023\/09\/icea.png\" class=\"attachment-full size-full\" alt=\"\" srcset=\"https:\/\/sercomitalia.com\/wp-content\/uploads\/2023\/09\/icea.png 334w, https:\/\/sercomitalia.com\/wp-content\/uploads\/2023\/09\/icea-300x169.png 300w\" sizes=\"(max-width: 334px) 100vw, 334px\" \/>\n\t\t\t<\/div><\/figure><figure class='gallery-item'>\n\t\t\t<div class='gallery-icon landscape'>\n\t\t\t\t<img loading=\"lazy\" decoding=\"async\" width=\"334\" height=\"188\" src=\"https:\/\/sercomitalia.com\/wp-content\/uploads\/2023\/10\/fda-logo.jpg\" class=\"attachment-full size-full\" alt=\"\" srcset=\"https:\/\/sercomitalia.com\/wp-content\/uploads\/2023\/10\/fda-logo.jpg 334w, https:\/\/sercomitalia.com\/wp-content\/uploads\/2023\/10\/fda-logo-300x169.jpg 300w\" sizes=\"(max-width: 334px) 100vw, 334px\" \/>\n\t\t\t<\/div><\/figure><figure class='gallery-item'>\n\t\t\t<div class='gallery-icon landscape'>\n\t\t\t\t<img loading=\"lazy\" decoding=\"async\" width=\"334\" height=\"188\" src=\"https:\/\/sercomitalia.com\/wp-content\/uploads\/2023\/09\/kosher.png\" class=\"attachment-full size-full\" alt=\"\" srcset=\"https:\/\/sercomitalia.com\/wp-content\/uploads\/2023\/09\/kosher.png 334w, https:\/\/sercomitalia.com\/wp-content\/uploads\/2023\/09\/kosher-300x169.png 300w\" sizes=\"(max-width: 334px) 100vw, 334px\" \/>\n\t\t\t<\/div><\/figure>\n\t\t<\/div>\n\t\t<\/div>\n\t\t\t\t\t\t<\/div>\n\t\t\t\t<\/div>\n\t\t            <\/div>\n        <\/div>\n                    <\/div>\n        <\/section>\n        \t\t<\/div>\n\t\t","protected":false},"excerpt":{"rendered":"<p>La clave de nuestro \u00e9xito es la b\u00fasqueda minuciosa de los productos en sus lugares de origen y en las zonas m\u00e1s aptas para su producci\u00f3n. Al elegir colaborar con coproductores cualificados, expertos y certificados, garantizamos que todos los productos que suministramos cumplen con los m\u00e1s altos est\u00e1ndares de calidad y se adhieren a las [&hellip;]<\/p>\n","protected":false},"author":1,"featured_media":0,"parent":0,"menu_order":0,"comment_status":"closed","ping_status":"closed","template":"","meta":{"footnotes":""},"class_list":["post-13659","page","type-page","status-publish","hentry"],"_links":{"self":[{"href":"https:\/\/sercomitalia.com\/es\/wp-json\/wp\/v2\/pages\/13659","targetHints":{"allow":["GET"]}}],"collection":[{"href":"https:\/\/sercomitalia.com\/es\/wp-json\/wp\/v2\/pages"}],"about":[{"href":"https:\/\/sercomitalia.com\/es\/wp-json\/wp\/v2\/types\/page"}],"author":[{"embeddable":true,"href":"https:\/\/sercomitalia.com\/es\/wp-json\/wp\/v2\/users\/1"}],"replies":[{"embeddable":true,"href":"https:\/\/sercomitalia.com\/es\/wp-json\/wp\/v2\/comments?post=13659"}],"version-history":[{"count":13,"href":"https:\/\/sercomitalia.com\/es\/wp-json\/wp\/v2\/pages\/13659\/revisions"}],"predecessor-version":[{"id":14932,"href":"https:\/\/sercomitalia.com\/es\/wp-json\/wp\/v2\/pages\/13659\/revisions\/14932"}],"wp:attachment":[{"href":"https:\/\/sercomitalia.com\/es\/wp-json\/wp\/v2\/media?parent=13659"}],"curies":[{"name":"wp","href":"https:\/\/api.w.org\/{rel}","templated":true}]}}