{"id":13666,"date":"2023-10-06T10:06:52","date_gmt":"2023-10-06T08:06:52","guid":{"rendered":"https:\/\/sercomitalia.com\/privacy-policy-2\/"},"modified":"2023-12-22T12:05:49","modified_gmt":"2023-12-22T11:05:49","slug":"privacy-policy","status":"publish","type":"page","link":"https:\/\/sercomitalia.com\/es\/privacy-policy\/","title":{"rendered":"Privacy Policy"},"content":{"rendered":"\t\t<div data-elementor-type=\"wp-page\" data-elementor-id=\"13666\" class=\"elementor elementor-13666 elementor-11316\">\n\t\t\t\t        <section class=\"elementor-section elementor-top-section elementor-element elementor-element-05b077a elementor-section-boxed elementor-section-height-default elementor-section-height-default\" data-id=\"05b077a\" data-element_type=\"section\" data-e-type=\"section\">\n            \n                        <div class=\"elementor-container elementor-column-gap-default \">\n                    <div class=\"elementor-column elementor-col-100 elementor-top-column elementor-element elementor-element-06b5038\" data-id=\"06b5038\" data-element_type=\"column\" data-e-type=\"column\">\n        <div class=\"elementor-widget-wrap elementor-element-populated\">\n                    \n        \t\t<div class=\"elementor-element elementor-element-e886b1a elementor-widget elementor-widget-text-editor\" data-id=\"e886b1a\" data-element_type=\"widget\" data-e-type=\"widget\" data-widget_type=\"text-editor.default\">\n\t\t\t\t<div class=\"elementor-widget-container\">\n\t\t\t\t\t\t\t\t\t<p><b>Privacy Policy<\/b><\/p><p><b>INFORMACI\u00d3N CONFORME AL ART.13 Y 14 DEL RGPD<\/b><\/p><p><b>(REGLAMENTO GENERAL DE PROTECCI\u00d3N DE DATOS) 2016\/679<\/b><\/p><p><span style=\"font-weight: 400;\">De acuerdo con lo establecido en el Reglamento (UE) 2016\/679, de 27 de abril de 2016, relativo a la protecci\u00f3n de las personas f\u00edsicas en lo que respecta al tratamiento de datos personales y a la libre circulaci\u00f3n de estos datos (Reglamento general de protecci\u00f3n de datos, RGPD), le comunicamos que el tratamiento de sus datos garantiza la protecci\u00f3n de los derechos y libertades fundamentales de las personas f\u00edsicas, en particular en lo que se refiere a su derecho a la protecci\u00f3n de datos.\u00a0<\/span><\/p><p><b>1.Identidad y contacto del Responsable del tratamiento de datos<\/b><\/p><p><span style=\"font-weight: 400;\">El Responsable del tratamiento de los datos personales recogidos, tratados y utilizados para el cumplimiento del contrato, en la persona del representante legal, es Sercom Italia Srl Unipersonale con sede en Gioia Tauro (RC), 89013, Strada Statale 18, n.375 &#8211; P.IVA 03146200807 &#8211; sercomitalia.com.<\/span><\/p><p><b>2.Origen de los datos, finalidad del tratamiento y base jur\u00eddica<\/b><\/p><p><span style=\"font-weight: 400;\">Toda la informaci\u00f3n procesada por Sercom Italia como Responsable del tratamiento se recoger\u00e1 en conformidad con el art\u00edculo 14 del GDPR.<\/span><\/p><p><span style=\"font-weight: 400;\">Los datos recogidos por Sercom Italia ser\u00e1n, a modo de ejemplo: nombre, apellido, fecha de nacimiento, n\u00famero de seguridad social y\/o CIF, correo electr\u00f3nico, n\u00famero de tel\u00e9fono, etc.<\/span><\/p><p><span style=\"font-weight: 400;\">Los datos personales ser\u00e1n tratados por Sercom Italia, teniendo en cuenta el contrato en vigor con el cliente, para fines relacionados con el Contrato de Venta.<\/span><\/p><p><span style=\"font-weight: 400;\">Por lo tanto, la base jur\u00eddica de dicho tratamiento de datos es el cumplimiento de una obligaci\u00f3n contractual.<\/span><\/p><p><span style=\"font-weight: 400;\">Es de precisar que Sercom Italia tratar\u00e1 los datos personales para finalidades distintas de las indicados anteriormente s\u00f3lo en caso de tener que cumplir con obligaciones legales.En caso de que los datos se utilicen para finalidades distintas de las indicadas anteriormente, ser\u00e1 responsabilidad del Responsable del tratamiento proporcionar informaci\u00f3n adicional.<\/span><\/p><p><b>3.Destinatarios o categor\u00edas de destinatarios\u00a0<\/b><\/p><p><span style=\"font-weight: 400;\">Los datos personales proporcionados no se ceder\u00e1n a terceros.No obstante, podr\u00e1n cederse a sujetos espec\u00edficos, respetando plenamente las disposiciones legales, para finalidades estrictamente relacionadas con las indicadas anteriormente.Cualquier acceso a los datos personales est\u00e1 limitado a las personas autorizadas por el Responsable.<\/span><\/p><p><b>4.Creaci\u00f3n de perfiles<\/b><\/p><p><span style=\"font-weight: 400;\">Los datos personales no ser\u00e1n objeto de actividades de elaboraci\u00f3n de perfiles ni de procesos automatizados de toma de decisiones.<\/span><\/p><p><b>5.Periodo de conservaci\u00f3n\u00a0<\/b><\/p><p><span style=\"font-weight: 400;\">Los datos personales no deben conservarse m\u00e1s de lo necesario en relaci\u00f3n con la finalidad para la que se tratan, de conformidad con las condiciones previstas por el RGPD.\u00a0En particular, los datos se conservar\u00e1n durante toda la duraci\u00f3n del contrato mencionado aqu\u00ed, y m\u00e1s all\u00e1, dentro de los l\u00edmites necesarios para cumplir con las obligaciones legales y reglamentarias a las que Sercom Italia est\u00e1 sujeta.<\/span><\/p><p><span style=\"font-weight: 400;\">Transcurrido este per\u00edodo, ser\u00e1 responsabilidad de Sercom Italia proceder a la eliminaci\u00f3n de los datos del sistema y\/o de los registros, as\u00ed como proceder a la anonimizaci\u00f3n de los datos para evitar cualquier identificaci\u00f3n posterior.<\/span><\/p><p><b>6.Otorgamiento obligatorio<\/b><\/p><p><span style=\"font-weight: 400;\">Teniendo en cuenta las finalidades del tratamiento indicadas anteriormente, el otorgamiento de los datos es obligatorio.\u00a0La omisi\u00f3n de datos, o el suministro de datos parciales o incorrectos, implicar\u00e1 la imposibilidad para Sercom Italia de prestar los servicios solicitados y, por lo tanto, de cumplir con sus obligaciones.<\/span><\/p><p><b>7.Derechos del interesado<\/b><\/p><p><span style=\"font-weight: 400;\">El interesado tiene derecho a recibir confirmaci\u00f3n de si se est\u00e1n tratando o no datos y, en tal caso, obtener:<\/span><\/p><ul><li style=\"font-weight: 400;\" aria-level=\"1\"><span style=\"font-weight: 400;\">Acceso a los datos personales (art. 15);<\/span><\/li><li style=\"font-weight: 400;\" aria-level=\"1\"><span style=\"font-weight: 400;\">Rectificaci\u00f3n de datos personales inexactos (art. 16);<\/span><\/li><li style=\"font-weight: 400;\" aria-level=\"1\"><span style=\"font-weight: 400;\">Eliminaci\u00f3n de los datos personales (art. 17);<\/span><\/li><li style=\"font-weight: 400;\" aria-level=\"1\"><span style=\"font-weight: 400;\">Limitaci\u00f3n del tratamiento (art. 18);<\/span><\/li><li style=\"font-weight: 400;\" aria-level=\"1\"><span style=\"font-weight: 400;\">Oposici\u00f3n al tratamiento de datos personales (art. 21);<\/span><\/li><li style=\"font-weight: 400;\" aria-level=\"1\"><span style=\"font-weight: 400;\">Revocaci\u00f3n del consentimiento (cuando se exprese).<\/span><\/li><\/ul><p><span style=\"font-weight: 400;\">El interesado tiene derecho a recibir en un formato estructurado, de uso com\u00fan y legible por un dispositivo autom\u00e1tico los datos personales que le conciernen proporcionados a un responsable del tratamiento y tiene derecho a transmitir dichos datos a otro responsable del tratamiento sin impedimentos por parte del responsable del tratamiento al que se hayan proporcionado los datos personales, siempre y cuando el tratamiento se base en el consentimiento o en un contrato y se lleve a cabo por medios automatizados.<\/span><\/p><p><span style=\"font-weight: 400;\">El interesado tiene derecho a presentar una reclamaci\u00f3n ante la autoridad de control.<\/span><\/p><p><span style=\"font-weight: 400;\">Todas las solicitudes deber\u00e1n notificarse de la siguiente manera:<\/span><\/p><ol><li style=\"font-weight: 400;\" aria-level=\"1\"><span style=\"font-weight: 400;\">Carta certificada enviada a la direcci\u00f3n del responsable del tratamiento Sercom Italia Srl Unipersonale &#8211; Strada Statale 18, n .\u00ba 375 (89013) Gioia Tauro &#8211; N.\u00ba IVA 03146200807<\/span><\/li><li style=\"font-weight: 400;\" aria-level=\"1\"><span style=\"font-weight: 400;\">Correo electr\u00f3nico:\u00a0 <\/span><a href=\"mailto:info@sercomitalia.com\"><span style=\"font-weight: 400;\">info@sercomitalia.com<\/span><\/a><\/li><\/ol><p>\u00a0<\/p>\t\t\t\t\t\t\t\t<\/div>\n\t\t\t\t<\/div>\n\t\t            <\/div>\n        <\/div>\n                    <\/div>\n        <\/section>\n        \t\t<\/div>\n\t\t","protected":false},"excerpt":{"rendered":"<p>Privacy Policy INFORMACI\u00d3N CONFORME AL ART.13 Y 14 DEL RGPD (REGLAMENTO GENERAL DE PROTECCI\u00d3N DE DATOS) 2016\/679 De acuerdo con lo establecido en el Reglamento (UE) 2016\/679, de 27 de abril de 2016, relativo a la protecci\u00f3n de las personas f\u00edsicas en lo que respecta al tratamiento de datos personales y a la libre circulaci\u00f3n [&hellip;]<\/p>\n","protected":false},"author":1,"featured_media":0,"parent":0,"menu_order":0,"comment_status":"closed","ping_status":"closed","template":"","meta":{"footnotes":""},"class_list":["post-13666","page","type-page","status-publish","hentry"],"_links":{"self":[{"href":"https:\/\/sercomitalia.com\/es\/wp-json\/wp\/v2\/pages\/13666","targetHints":{"allow":["GET"]}}],"collection":[{"href":"https:\/\/sercomitalia.com\/es\/wp-json\/wp\/v2\/pages"}],"about":[{"href":"https:\/\/sercomitalia.com\/es\/wp-json\/wp\/v2\/types\/page"}],"author":[{"embeddable":true,"href":"https:\/\/sercomitalia.com\/es\/wp-json\/wp\/v2\/users\/1"}],"replies":[{"embeddable":true,"href":"https:\/\/sercomitalia.com\/es\/wp-json\/wp\/v2\/comments?post=13666"}],"version-history":[{"count":7,"href":"https:\/\/sercomitalia.com\/es\/wp-json\/wp\/v2\/pages\/13666\/revisions"}],"predecessor-version":[{"id":14193,"href":"https:\/\/sercomitalia.com\/es\/wp-json\/wp\/v2\/pages\/13666\/revisions\/14193"}],"wp:attachment":[{"href":"https:\/\/sercomitalia.com\/es\/wp-json\/wp\/v2\/media?parent=13666"}],"curies":[{"name":"wp","href":"https:\/\/api.w.org\/{rel}","templated":true}]}}