{"id":13672,"date":"2021-03-11T09:03:21","date_gmt":"2021-03-11T08:03:21","guid":{"rendered":"https:\/\/sercomitalia.com\/company\/"},"modified":"2024-06-04T11:35:21","modified_gmt":"2024-06-04T09:35:21","slug":"company","status":"publish","type":"page","link":"https:\/\/sercomitalia.com\/es\/company\/","title":{"rendered":"Empresa"},"content":{"rendered":"\t\t<div data-elementor-type=\"wp-page\" data-elementor-id=\"13672\" class=\"elementor elementor-13672 elementor-20\">\n\t\t\t\t        <section class=\"elementor-section elementor-top-section elementor-element elementor-element-3844968 elementor-section-boxed elementor-section-height-default elementor-section-height-default\" data-id=\"3844968\" data-element_type=\"section\" data-e-type=\"section\">\n            \n                        <div class=\"elementor-container elementor-column-gap-extended \">\n                    <div class=\"elementor-column elementor-col-50 elementor-top-column elementor-element elementor-element-44c71b2\" data-id=\"44c71b2\" data-element_type=\"column\" data-e-type=\"column\">\n        <div class=\"elementor-widget-wrap elementor-element-populated\">\n                    \n                <section class=\"elementor-section elementor-inner-section elementor-element elementor-element-6a6a11a elementor-section-boxed elementor-section-height-default elementor-section-height-default\" data-id=\"6a6a11a\" data-element_type=\"section\" data-e-type=\"section\" data-settings=\"{&quot;background_background&quot;:&quot;classic&quot;}\">\n            \n                        <div class=\"elementor-container elementor-column-gap-no \">\n                    <div class=\"elementor-column elementor-col-50 elementor-inner-column elementor-element elementor-element-57e460e\" data-id=\"57e460e\" data-element_type=\"column\" data-e-type=\"column\">\n        <div class=\"elementor-widget-wrap elementor-element-populated\">\n                    \n        \t\t<div class=\"elementor-element elementor-element-bcb7c7f elementor-widget elementor-widget-ct_fancy_box\" data-id=\"bcb7c7f\" data-element_type=\"widget\" data-e-type=\"widget\" data-widget_type=\"ct_fancy_box.default\">\n\t\t\t\t<div class=\"elementor-widget-container\">\n\t\t\t\t\t<div class=\"ct-fancy-box ct-fancy-box-layout2 \" data-wow-delay=\"ms\">\r\n    <div class=\"item--inner bg-image\">\r\n                    <div class=\"item--icon icon-psb\">\r\n                <i aria-hidden=\"true\" class=\"fas fa-ship\"><\/i>            <\/div>\r\n                        <h5 class=\"item--title\">\r\n            COORDINACI\u00d3N DE LOG\u00cdSTICA        <\/h5>\r\n        <div class=\"item--description\">La soluci\u00f3n perfecta para optimizar tu cadena de abastecimiento, ahorrando tiempo y recursos.<\/div>\r\n    <\/div>\r\n<\/div>\t\t\t\t<\/div>\n\t\t\t\t<\/div>\n\t\t\t\t<div class=\"elementor-element elementor-element-f6fcabc elementor-widget elementor-widget-ct_fancy_box\" data-id=\"f6fcabc\" data-element_type=\"widget\" data-e-type=\"widget\" data-widget_type=\"ct_fancy_box.default\">\n\t\t\t\t<div class=\"elementor-widget-container\">\n\t\t\t\t\t<div class=\"ct-fancy-box ct-fancy-box-layout2 \" data-wow-delay=\"ms\">\r\n    <div class=\"item--inner bg-image\">\r\n                    <div class=\"item--icon icon-psb\">\r\n                <i aria-hidden=\"true\" class=\"flaticon flaticon-leaf\"><\/i>            <\/div>\r\n                        <h5 class=\"item--title\">\r\n            PRODUCTOS        <\/h5>\r\n        <div class=\"item--description\">Consulta la amplia lista de ingredientes, materias primas y productos semielaborados, destinados a la industria alimentaria y de confiter\u00eda, de bebidas, panader\u00eda y helader\u00eda.\n<\/div>\r\n    <\/div>\r\n<\/div>\t\t\t\t<\/div>\n\t\t\t\t<\/div>\n\t\t            <\/div>\n        <\/div>\n                <div class=\"elementor-column elementor-col-50 elementor-inner-column elementor-element elementor-element-97d4881\" data-id=\"97d4881\" data-element_type=\"column\" data-e-type=\"column\">\n        <div class=\"elementor-widget-wrap elementor-element-populated\">\n                    \n        \t\t<div class=\"elementor-element elementor-element-44f3366 elementor-widget elementor-widget-ct_fancy_box\" data-id=\"44f3366\" data-element_type=\"widget\" data-e-type=\"widget\" data-widget_type=\"ct_fancy_box.default\">\n\t\t\t\t<div class=\"elementor-widget-container\">\n\t\t\t\t\t<div class=\"ct-fancy-box ct-fancy-box-layout2 \" data-wow-delay=\"ms\">\r\n    <div class=\"item--inner bg-image\">\r\n                    <div class=\"item--icon icon-psb\">\r\n                <i aria-hidden=\"true\" class=\"flaticon flaticon-credit-card\"><\/i>            <\/div>\r\n                        <h5 class=\"item--title\">\r\n            CERTIFICACIONES GFSI        <\/h5>\r\n        <div class=\"item--description\">Sercom Italia posee y renueva cada a\u00f1o sus certificaciones BRC e IFS, lo que demuestra su compromiso constante con la calidad y la seguridad alimentaria.\n<\/div>\r\n    <\/div>\r\n<\/div>\t\t\t\t<\/div>\n\t\t\t\t<\/div>\n\t\t\t\t<div class=\"elementor-element elementor-element-136960b elementor-widget elementor-widget-ct_fancy_box\" data-id=\"136960b\" data-element_type=\"widget\" data-e-type=\"widget\" data-widget_type=\"ct_fancy_box.default\">\n\t\t\t\t<div class=\"elementor-widget-container\">\n\t\t\t\t\t<div class=\"ct-fancy-box ct-fancy-box-layout2 \" data-wow-delay=\"ms\">\r\n    <div class=\"item--inner bg-image\">\r\n                    <div class=\"item--icon icon-psb\">\r\n                <i aria-hidden=\"true\" class=\"icon icon-favorite1\"><\/i>            <\/div>\r\n                        <h5 class=\"item--title\">\r\n            PRODUCTOS ESPECIALES        <\/h5>\r\n        <div class=\"item--description\">Muchas empresas ya nos han elegido y han adoptado nuestro m\u00e9todo, desde la fase de dise\u00f1o hasta la de entrega, obteniendo excelentes resultados.\n<\/div>\r\n    <\/div>\r\n<\/div>\t\t\t\t<\/div>\n\t\t\t\t<\/div>\n\t\t            <\/div>\n        <\/div>\n                    <\/div>\n        <\/section>\n                    <\/div>\n        <\/div>\n                <div class=\"elementor-column elementor-col-50 elementor-top-column elementor-element elementor-element-40661bf\" data-id=\"40661bf\" data-element_type=\"column\" data-e-type=\"column\">\n        <div class=\"elementor-widget-wrap elementor-element-populated\">\n                    \n        \t\t<div class=\"elementor-element elementor-element-6607777 elementor-widget elementor-widget-ct_text_editor\" data-id=\"6607777\" data-element_type=\"widget\" data-e-type=\"widget\" data-widget_type=\"ct_text_editor.default\">\n\t\t\t\t<div class=\"elementor-widget-container\">\n\t\t\t\t\t<div id=\"ct_text_editor-6607777\" class=\"ct-text-editor \" data-wow-delay=\"ms\">\n\t<div class=\"ct-item--inner\">\n\t\t<div class=\"ct-inline-css\"  data-css=\"\n\t        \t\t\t\">\n\n\t    <\/div>\n\t\t<div class=\"ct-text-editor elementor-clearfix\">\n\t\t\t<p>Sercom Italia es una empresa que suministra ingredientes alimentarios. Se fund\u00f3 en 2013 y cuenta con una<br \/>posici\u00f3n estrat\u00e9gica en el coraz\u00f3n de la regi\u00f3n mediterr\u00e1nea.<\/p><p><br \/>Proporcionamos soluciones de abastecimiento y suministro de ingredientes alimentarios, incluyendo B2B y<br \/>ofreciendo a las empresas los productos y servicios que necesitan, simplificando el proceso de<br \/>abastecimiento a trav\u00e9s de enfoques inteligentes y eficientes.<\/p><p><br \/>Trabajamos para ofrecer soluciones integrales de suministro para la industria alimentaria, de bebidas y de confiter\u00eda a nivel mundial.<\/p>\t\t\n\t\t<\/div>\n\t<\/div>\n<\/div>\t\t\t\t<\/div>\n\t\t\t\t<\/div>\n\t\t\t\t<div class=\"elementor-element elementor-element-16eda0e elementor-widget elementor-widget-ct_heading\" data-id=\"16eda0e\" data-element_type=\"widget\" data-e-type=\"widget\" data-widget_type=\"ct_heading.default\">\n\t\t\t\t<div class=\"elementor-widget-container\">\n\t\t\t\t\t<div class=\"ct-heading h-align- item-st-line-right\">\r\n    <div class=\"ct-heading--inner\">\r\n    \t    \t\t<div class=\"item--sub-title style-default\">\r\n                <span>\r\n                    <span>~<\/span>                    \u00bfPor qu\u00e9 elegirnos?                    <span>~<\/span>                <\/span>\r\n            <\/div>\r\n    \t        <h3 class=\"item--title case-animate-time st-line-right \" data-wow-delay=\"ms\">\r\n            <span class=\"slide-in-container\"><span class=\"d-inline-block wow case-fade-in-up\"><\/span><\/span>        <\/h3>\r\n    <\/div>\r\n<\/div>\r\n\r\n\t\t\t\t<\/div>\n\t\t\t\t<\/div>\n\t\t\t\t<div class=\"elementor-element elementor-element-94a376d elementor-widget elementor-widget-ct_text_editor\" data-id=\"94a376d\" data-element_type=\"widget\" data-e-type=\"widget\" data-widget_type=\"ct_text_editor.default\">\n\t\t\t\t<div class=\"elementor-widget-container\">\n\t\t\t\t\t<div id=\"ct_text_editor-94a376d\" class=\"ct-text-editor \" data-wow-delay=\"ms\">\n\t<div class=\"ct-item--inner\">\n\t\t<div class=\"ct-inline-css\"  data-css=\"\n\t        \t\t\t\">\n\n\t    <\/div>\n\t\t<div class=\"ct-text-editor elementor-clearfix\">\n\t\t\t<p>Facilitamos tus procesos de compra. Nuestros puntos fuertes son un s\u00f3lido sistema de gesti\u00f3n, nuestro<br \/>concepto de cooperaci\u00f3n, la personalizaci\u00f3n de los productos y la capacidad de planificaci\u00f3n de los<br \/>suministros.<\/p><p><br \/>Gracias a nuestro equipo dedicado y cualificado, estudiamos y comprendemos las complejidades del<br \/>mercado alimentario y satisfacemos las diferentes y cambiantes necesidades de nuestros clientes con el<br \/>m\u00e1ximo cuidado y precisi\u00f3n, proporcionando productos certificados y de calidad para una amplia variedad<br \/>de aplicaciones.<\/p>\t\t\n\t\t<\/div>\n\t<\/div>\n<\/div>\t\t\t\t<\/div>\n\t\t\t\t<\/div>\n\t\t            <\/div>\n        <\/div>\n                    <\/div>\n        <\/section>\n                <section class=\"elementor-section elementor-top-section elementor-element elementor-element-5e0b9f0 elementor-section-stretched elementor-section-boxed elementor-section-height-default elementor-section-height-default\" data-id=\"5e0b9f0\" data-element_type=\"section\" data-e-type=\"section\" data-settings=\"{&quot;stretch_section&quot;:&quot;section-stretched&quot;,&quot;background_background&quot;:&quot;classic&quot;}\">\n            \n                        <div class=\"elementor-container elementor-column-gap-extended \">\n                    <div class=\"elementor-column elementor-col-50 elementor-top-column elementor-element elementor-element-cf73a59\" data-id=\"cf73a59\" data-element_type=\"column\" data-e-type=\"column\">\n        <div class=\"elementor-widget-wrap elementor-element-populated\">\n                    \n        \t\t<div class=\"elementor-element elementor-element-83dcb5a elementor-widget elementor-widget-spacer\" data-id=\"83dcb5a\" data-element_type=\"widget\" data-e-type=\"widget\" data-widget_type=\"spacer.default\">\n\t\t\t\t<div class=\"elementor-widget-container\">\n\t\t\t\t\t\t\t<div class=\"elementor-spacer\">\n\t\t\t<div class=\"elementor-spacer-inner\"><\/div>\n\t\t<\/div>\n\t\t\t\t\t\t<\/div>\n\t\t\t\t<\/div>\n\t\t\t\t<div class=\"elementor-element elementor-element-ef70fd1 elementor-widget elementor-widget-ct_image\" data-id=\"ef70fd1\" data-element_type=\"widget\" data-e-type=\"widget\" data-widget_type=\"ct_image.default\">\n\t\t\t\t<div class=\"elementor-widget-container\">\n\t\t\t\t\t<div class=\"ct-image-single    effect-none \" data-width=\"\" data-height=\"\">\r\n                        <img fetchpriority=\"high\" decoding=\"async\" width=\"960\" height=\"640\" src=\"https:\/\/sercomitalia.com\/wp-content\/uploads\/2023\/10\/logistic.jpg\" class=\"no-lazyload attachment-full\" alt=\"\" \/>            <\/div>\t\t\t\t<\/div>\n\t\t\t\t<\/div>\n\t\t            <\/div>\n        <\/div>\n                <div class=\"elementor-column elementor-col-50 elementor-top-column elementor-element elementor-element-ea3261c\" data-id=\"ea3261c\" data-element_type=\"column\" data-e-type=\"column\">\n        <div class=\"elementor-widget-wrap elementor-element-populated\">\n                    \n        \t\t<div class=\"elementor-element elementor-element-51d3557 elementor-widget elementor-widget-spacer\" data-id=\"51d3557\" data-element_type=\"widget\" data-e-type=\"widget\" data-widget_type=\"spacer.default\">\n\t\t\t\t<div class=\"elementor-widget-container\">\n\t\t\t\t\t\t\t<div class=\"elementor-spacer\">\n\t\t\t<div class=\"elementor-spacer-inner\"><\/div>\n\t\t<\/div>\n\t\t\t\t\t\t<\/div>\n\t\t\t\t<\/div>\n\t\t\t\t<div class=\"elementor-element elementor-element-3ecfbce elementor-widget elementor-widget-ct_heading\" data-id=\"3ecfbce\" data-element_type=\"widget\" data-e-type=\"widget\" data-widget_type=\"ct_heading.default\">\n\t\t\t\t<div class=\"elementor-widget-container\">\n\t\t\t\t\t<div class=\"ct-heading h-align- item-st-default\">\r\n    <div class=\"ct-heading--inner\">\r\n    \t    \t\t<div class=\"item--sub-title style-default\">\r\n                <span>\r\n                    <span>~<\/span>                    Qui\u00e9nes somos                    <span>~<\/span>                <\/span>\r\n            <\/div>\r\n    \t        <h3 class=\"item--title case-animate-time st-default \" data-wow-delay=\"ms\">\r\n            <span class=\"slide-in-container\"><span class=\"d-inline-block wow case-fade-in-up\">SERVICIOS<\/span><\/span> <span class=\"slide-in-container\"><span class=\"d-inline-block wow case-fade-in-up\">DE<\/span><\/span> <span class=\"slide-in-container\"><span class=\"d-inline-block wow case-fade-in-up\">COORDINACI\u00d3N<\/span><\/span> <span class=\"slide-in-container\"><span class=\"d-inline-block wow case-fade-in-up\">DE<\/span><\/span> <span class=\"slide-in-container\"><span class=\"d-inline-block wow case-fade-in-up\">LOG\u00cdSTICA:<\/span><\/span> <span class=\"slide-in-container\"><span class=\"d-inline-block wow case-fade-in-up\">ENVIAMOS<\/span><\/span> <span class=\"slide-in-container\"><span class=\"d-inline-block wow case-fade-in-up\">A<\/span><\/span> <span class=\"slide-in-container\"><span class=\"d-inline-block wow case-fade-in-up\">TODO<\/span><\/span> <span class=\"slide-in-container\"><span class=\"d-inline-block wow case-fade-in-up\">EL<\/span><\/span> <span class=\"slide-in-container\"><span class=\"d-inline-block wow case-fade-in-up\">MUNDO<\/span><\/span>        <\/h3>\r\n    <\/div>\r\n<\/div>\r\n\r\n\t\t\t\t<\/div>\n\t\t\t\t<\/div>\n\t\t\t\t<div class=\"elementor-element elementor-element-d0d4f73 elementor-widget elementor-widget-ct_text_editor\" data-id=\"d0d4f73\" data-element_type=\"widget\" data-e-type=\"widget\" data-widget_type=\"ct_text_editor.default\">\n\t\t\t\t<div class=\"elementor-widget-container\">\n\t\t\t\t\t<div id=\"ct_text_editor-d0d4f73\" class=\"ct-text-editor \" data-wow-delay=\"ms\">\n\t<div class=\"ct-item--inner\">\n\t\t<div class=\"ct-inline-css\"  data-css=\"\n\t        \t\t\t\">\n\n\t    <\/div>\n\t\t<div class=\"ct-text-editor elementor-clearfix\">\n\t\t\t<p><span style=\"font-weight: 400\">Sercom Italia ofrece un<strong> servicio de coordinaci\u00f3n de log\u00edstica<\/strong> activo las 24 horas del d\u00eda.<\/span><\/p>\t\t\n\t\t<\/div>\n\t<\/div>\n<\/div>\t\t\t\t<\/div>\n\t\t\t\t<\/div>\n\t\t\t\t<div class=\"elementor-element elementor-element-9266724 elementor-widget elementor-widget-ct_text_editor\" data-id=\"9266724\" data-element_type=\"widget\" data-e-type=\"widget\" data-widget_type=\"ct_text_editor.default\">\n\t\t\t\t<div class=\"elementor-widget-container\">\n\t\t\t\t\t<div id=\"ct_text_editor-9266724\" class=\"ct-text-editor \" data-wow-delay=\"ms\">\n\t<div class=\"ct-item--inner\">\n\t\t<div class=\"ct-inline-css\"  data-css=\"\n\t        \t\t\t\">\n\n\t    <\/div>\n\t\t<div class=\"ct-text-editor elementor-clearfix\">\n\t\t\t<p><span style=\"font-weight: 400\">Garantizar una respuesta eficiente y oportuna a las necesidades de nuestros clientes es fundamental.<\/span><\/p><p><span style=\"font-weight: 400\">Colaboramos con algunas de las agencias de transporte mar\u00edtimo m\u00e1s grandes y contamos con la colaboraci\u00f3n de algunos de los socios de log\u00edstica de transporte y de almacenamiento con temperatura controlada m\u00e1s reconocidos de Europa.<\/span><\/p>\t\t\n\t\t<\/div>\n\t<\/div>\n<\/div>\t\t\t\t<\/div>\n\t\t\t\t<\/div>\n\t\t        <section class=\"elementor-section elementor-inner-section elementor-element elementor-element-cdefe75 elementor-section-boxed elementor-section-height-default elementor-section-height-default\" data-id=\"cdefe75\" data-element_type=\"section\" data-e-type=\"section\">\n            \n                        <div class=\"elementor-container elementor-column-gap-extended \">\n                    <div class=\"elementor-column elementor-col-50 elementor-inner-column elementor-element elementor-element-523db76\" data-id=\"523db76\" data-element_type=\"column\" data-e-type=\"column\">\n        <div class=\"elementor-widget-wrap elementor-element-populated\">\n                    \n        \t\t<div class=\"elementor-element elementor-element-f602fed elementor-widget elementor-widget-ct_fancy_box\" data-id=\"f602fed\" data-element_type=\"widget\" data-e-type=\"widget\" data-widget_type=\"ct_fancy_box.default\">\n\t\t\t\t<div class=\"elementor-widget-container\">\n\t\t\t\t\t<div class=\"ct-fancy-box ct-fancy-box-layout3 style1 \" data-wow-delay=\"ms\">\r\n    <div class=\"item--inner\">\r\n                    <div class=\"item--icon\">\r\n                <i aria-hidden=\"true\" class=\"far fa-handshake\"><\/i>            <\/div>\r\n                        <div class=\"item--holder\">\r\n            <h5 class=\"item--title\">\r\n                Compromiso de seguridad y m\u00e1xima puntualidad            <\/h5>\r\n            <div class=\"item--description\"><\/div>\r\n        <\/div>\r\n            <\/div>\r\n<\/div>\t\t\t\t<\/div>\n\t\t\t\t<\/div>\n\t\t            <\/div>\n        <\/div>\n                <div class=\"elementor-column elementor-col-50 elementor-inner-column elementor-element elementor-element-99d0107\" data-id=\"99d0107\" data-element_type=\"column\" data-e-type=\"column\">\n        <div class=\"elementor-widget-wrap elementor-element-populated\">\n                    \n        \t\t<div class=\"elementor-element elementor-element-49f2284 elementor-widget elementor-widget-ct_fancy_box\" data-id=\"49f2284\" data-element_type=\"widget\" data-e-type=\"widget\" data-widget_type=\"ct_fancy_box.default\">\n\t\t\t\t<div class=\"elementor-widget-container\">\n\t\t\t\t\t<div class=\"ct-fancy-box ct-fancy-box-layout3 style1 \" data-wow-delay=\"ms\">\r\n    <div class=\"item--inner\">\r\n                    <div class=\"item--icon\">\r\n                <i aria-hidden=\"true\" class=\"fas fa-award\"><\/i>            <\/div>\r\n                        <div class=\"item--holder\">\r\n            <h5 class=\"item--title\">\r\n                Selecci\u00f3n exclusiva de socios log\u00edsticos certificados            <\/h5>\r\n            <div class=\"item--description\"><\/div>\r\n        <\/div>\r\n            <\/div>\r\n<\/div>\t\t\t\t<\/div>\n\t\t\t\t<\/div>\n\t\t            <\/div>\n        <\/div>\n                    <\/div>\n        <\/section>\n                    <\/div>\n        <\/div>\n                    <\/div>\n        <\/section>\n        \t\t<\/div>\n\t\t","protected":false},"excerpt":{"rendered":"<p>COORDINACI\u00d3N DE LOG\u00cdSTICA La soluci\u00f3n perfecta para optimizar tu cadena de abastecimiento, ahorrando tiempo y recursos. PRODUCTOS Consulta la amplia lista de ingredientes, materias primas y productos semielaborados, destinados a la industria alimentaria y de confiter\u00eda, de bebidas, panader\u00eda y helader\u00eda. CERTIFICACIONES GFSI Sercom Italia posee y renueva cada a\u00f1o sus certificaciones BRC e IFS, [&hellip;]<\/p>\n","protected":false},"author":1,"featured_media":0,"parent":0,"menu_order":0,"comment_status":"closed","ping_status":"closed","template":"","meta":{"footnotes":""},"class_list":["post-13672","page","type-page","status-publish","hentry"],"_links":{"self":[{"href":"https:\/\/sercomitalia.com\/es\/wp-json\/wp\/v2\/pages\/13672","targetHints":{"allow":["GET"]}}],"collection":[{"href":"https:\/\/sercomitalia.com\/es\/wp-json\/wp\/v2\/pages"}],"about":[{"href":"https:\/\/sercomitalia.com\/es\/wp-json\/wp\/v2\/types\/page"}],"author":[{"embeddable":true,"href":"https:\/\/sercomitalia.com\/es\/wp-json\/wp\/v2\/users\/1"}],"replies":[{"embeddable":true,"href":"https:\/\/sercomitalia.com\/es\/wp-json\/wp\/v2\/comments?post=13672"}],"version-history":[{"count":20,"href":"https:\/\/sercomitalia.com\/es\/wp-json\/wp\/v2\/pages\/13672\/revisions"}],"predecessor-version":[{"id":14513,"href":"https:\/\/sercomitalia.com\/es\/wp-json\/wp\/v2\/pages\/13672\/revisions\/14513"}],"wp:attachment":[{"href":"https:\/\/sercomitalia.com\/es\/wp-json\/wp\/v2\/media?parent=13672"}],"curies":[{"name":"wp","href":"https:\/\/api.w.org\/{rel}","templated":true}]}}