{"id":13270,"date":"2021-03-11T09:03:21","date_gmt":"2021-03-11T08:03:21","guid":{"rendered":"https:\/\/sercomitalia.com\/company\/"},"modified":"2024-06-07T15:09:43","modified_gmt":"2024-06-07T13:09:43","slug":"company","status":"publish","type":"page","link":"https:\/\/sercomitalia.com\/fr\/company\/","title":{"rendered":"Entreprise"},"content":{"rendered":"\t\t<div data-elementor-type=\"wp-page\" data-elementor-id=\"13270\" class=\"elementor elementor-13270 elementor-20\">\n\t\t\t\t        <section class=\"elementor-section elementor-top-section elementor-element elementor-element-3844968 elementor-section-boxed elementor-section-height-default elementor-section-height-default\" data-id=\"3844968\" data-element_type=\"section\" data-e-type=\"section\">\n            \n                        <div class=\"elementor-container elementor-column-gap-extended \">\n                    <div class=\"elementor-column elementor-col-50 elementor-top-column elementor-element elementor-element-44c71b2\" data-id=\"44c71b2\" data-element_type=\"column\" data-e-type=\"column\">\n        <div class=\"elementor-widget-wrap elementor-element-populated\">\n                    \n                <section class=\"elementor-section elementor-inner-section elementor-element elementor-element-6a6a11a elementor-section-boxed elementor-section-height-default elementor-section-height-default\" data-id=\"6a6a11a\" data-element_type=\"section\" data-e-type=\"section\" data-settings=\"{&quot;background_background&quot;:&quot;classic&quot;}\">\n            \n                        <div class=\"elementor-container elementor-column-gap-no \">\n                    <div class=\"elementor-column elementor-col-50 elementor-inner-column elementor-element elementor-element-57e460e\" data-id=\"57e460e\" data-element_type=\"column\" data-e-type=\"column\">\n        <div class=\"elementor-widget-wrap elementor-element-populated\">\n                    \n        \t\t<div class=\"elementor-element elementor-element-bcb7c7f elementor-widget elementor-widget-ct_fancy_box\" data-id=\"bcb7c7f\" data-element_type=\"widget\" data-e-type=\"widget\" data-widget_type=\"ct_fancy_box.default\">\n\t\t\t\t<div class=\"elementor-widget-container\">\n\t\t\t\t\t<div class=\"ct-fancy-box ct-fancy-box-layout2 \" data-wow-delay=\"ms\">\r\n    <div class=\"item--inner bg-image\">\r\n                    <div class=\"item--icon icon-psb\">\r\n                <i aria-hidden=\"true\" class=\"fas fa-ship\"><\/i>            <\/div>\r\n                        <h5 class=\"item--title\">\r\n            COORDINATION LOGISTIQUE        <\/h5>\r\n        <div class=\"item--description\">La solution id\u00e9ale pour optimiser votre cha\u00eene d'approvisionnement, en \u00e9conomisant du temps et des ressources..<\/div>\r\n    <\/div>\r\n<\/div>\t\t\t\t<\/div>\n\t\t\t\t<\/div>\n\t\t\t\t<div class=\"elementor-element elementor-element-f6fcabc elementor-widget elementor-widget-ct_fancy_box\" data-id=\"f6fcabc\" data-element_type=\"widget\" data-e-type=\"widget\" data-widget_type=\"ct_fancy_box.default\">\n\t\t\t\t<div class=\"elementor-widget-container\">\n\t\t\t\t\t<div class=\"ct-fancy-box ct-fancy-box-layout2 \" data-wow-delay=\"ms\">\r\n    <div class=\"item--inner bg-image\">\r\n                    <div class=\"item--icon icon-psb\">\r\n                <i aria-hidden=\"true\" class=\"flaticon flaticon-leaf\"><\/i>            <\/div>\r\n                        <h5 class=\"item--title\">\r\n            PRODUITS        <\/h5>\r\n        <div class=\"item--description\">Consultez la liste d\u00e9taill\u00e9e des ingr\u00e9dients, des mati\u00e8res premi\u00e8res et des produits semi-finis destin\u00e9s \u00e0 la p\u00e2tisserie et \u00e0 l'industrie alimentaire, des boissons, de la boulangerie et des glaces.\n<\/div>\r\n    <\/div>\r\n<\/div>\t\t\t\t<\/div>\n\t\t\t\t<\/div>\n\t\t            <\/div>\n        <\/div>\n                <div class=\"elementor-column elementor-col-50 elementor-inner-column elementor-element elementor-element-97d4881\" data-id=\"97d4881\" data-element_type=\"column\" data-e-type=\"column\">\n        <div class=\"elementor-widget-wrap elementor-element-populated\">\n                    \n        \t\t<div class=\"elementor-element elementor-element-44f3366 elementor-widget elementor-widget-ct_fancy_box\" data-id=\"44f3366\" data-element_type=\"widget\" data-e-type=\"widget\" data-widget_type=\"ct_fancy_box.default\">\n\t\t\t\t<div class=\"elementor-widget-container\">\n\t\t\t\t\t<div class=\"ct-fancy-box ct-fancy-box-layout2 \" data-wow-delay=\"ms\">\r\n    <div class=\"item--inner bg-image\">\r\n                    <div class=\"item--icon icon-psb\">\r\n                <i aria-hidden=\"true\" class=\"flaticon flaticon-credit-card\"><\/i>            <\/div>\r\n                        <h5 class=\"item--title\">\r\n            CERTIFICATIONS GFSI        <\/h5>\r\n        <div class=\"item--description\">Sercom Italia d\u00e9tient des certifications BRC et IFS propres, qu'elle renouvelle chaque ann\u00e9e, d\u00e9montrant ainsi son engagement constant en mati\u00e8re de qualit\u00e9 et de s\u00e9curit\u00e9 alimentaire.\n<\/div>\r\n    <\/div>\r\n<\/div>\t\t\t\t<\/div>\n\t\t\t\t<\/div>\n\t\t\t\t<div class=\"elementor-element elementor-element-136960b elementor-widget elementor-widget-ct_fancy_box\" data-id=\"136960b\" data-element_type=\"widget\" data-e-type=\"widget\" data-widget_type=\"ct_fancy_box.default\">\n\t\t\t\t<div class=\"elementor-widget-container\">\n\t\t\t\t\t<div class=\"ct-fancy-box ct-fancy-box-layout2 \" data-wow-delay=\"ms\">\r\n    <div class=\"item--inner bg-image\">\r\n                    <div class=\"item--icon icon-psb\">\r\n                <i aria-hidden=\"true\" class=\"icon icon-favorite1\"><\/i>            <\/div>\r\n                        <h5 class=\"item--title\">\r\n            PRODUITS SPECIAUX        <\/h5>\r\n        <div class=\"item--description\">Du concept \u00e0 la livraison, de nombreuses entreprises nous ont d\u00e9j\u00e0 choisis et ont adopt\u00e9 notre m\u00e9thode avec des r\u00e9sultats remarquables.\n<\/div>\r\n    <\/div>\r\n<\/div>\t\t\t\t<\/div>\n\t\t\t\t<\/div>\n\t\t            <\/div>\n        <\/div>\n                    <\/div>\n        <\/section>\n                    <\/div>\n        <\/div>\n                <div class=\"elementor-column elementor-col-50 elementor-top-column elementor-element elementor-element-40661bf\" data-id=\"40661bf\" data-element_type=\"column\" data-e-type=\"column\">\n        <div class=\"elementor-widget-wrap elementor-element-populated\">\n                    \n        \t\t<div class=\"elementor-element elementor-element-6607777 elementor-widget elementor-widget-ct_text_editor\" data-id=\"6607777\" data-element_type=\"widget\" data-e-type=\"widget\" data-widget_type=\"ct_text_editor.default\">\n\t\t\t\t<div class=\"elementor-widget-container\">\n\t\t\t\t\t<div id=\"ct_text_editor-6607777\" class=\"ct-text-editor \" data-wow-delay=\"ms\">\n\t<div class=\"ct-item--inner\">\n\t\t<div class=\"ct-inline-css\"  data-css=\"\n\t        \t\t\t\">\n\n\t    <\/div>\n\t\t<div class=\"ct-text-editor elementor-clearfix\">\n\t\t\t<p><span style=\"font-weight: 400\">Sercom Italia est un fournisseur d&#8217;ingr\u00e9dients alimentaires fond\u00e9 en 2013 et strat\u00e9giquement bas\u00e9e au c\u0153ur de la r\u00e9gion m\u00e9diterran\u00e9enne. <\/span><span style=\"font-weight: 400\"><br \/><\/span><span style=\"font-weight: 400\"><br \/><\/span><span style=\"font-weight: 400\">Nous fournissons des solutions B2B de sourcing et d&#8217;approvisionnement en ingr\u00e9dients alimentaires, offrant aux entreprises les produits et services dont elles ont besoin et en simplifiant le processus d&#8217;approvisionnement gr\u00e2ce \u00e0 des approches intelligentes et efficaces.<\/span><span style=\"font-weight: 400\"><br \/><\/span><span style=\"font-weight: 400\"><br \/><\/span><span style=\"font-weight: 400\">Nous travaillons pour assurer des solutions d&#8217;approvisionnement int\u00e9gr\u00e9es pour les industries de l&#8217;alimentation, des boissons et des produits p\u00e2tissiers \u00e0 l&#8217;\u00e9chelle mondiale.<\/span><\/p>\t\t\n\t\t<\/div>\n\t<\/div>\n<\/div>\t\t\t\t<\/div>\n\t\t\t\t<\/div>\n\t\t\t\t<div class=\"elementor-element elementor-element-16eda0e elementor-widget elementor-widget-ct_heading\" data-id=\"16eda0e\" data-element_type=\"widget\" data-e-type=\"widget\" data-widget_type=\"ct_heading.default\">\n\t\t\t\t<div class=\"elementor-widget-container\">\n\t\t\t\t\t<div class=\"ct-heading h-align- item-st-line-right\">\r\n    <div class=\"ct-heading--inner\">\r\n    \t    \t\t<div class=\"item--sub-title style-default\">\r\n                <span>\r\n                    <span>~<\/span>                    Pourquoi nous choisir ?                    <span>~<\/span>                <\/span>\r\n            <\/div>\r\n    \t        <h3 class=\"item--title case-animate-time st-line-right \" data-wow-delay=\"ms\">\r\n            <span class=\"slide-in-container\"><span class=\"d-inline-block wow case-fade-in-up\"><\/span><\/span>        <\/h3>\r\n    <\/div>\r\n<\/div>\r\n\r\n\t\t\t\t<\/div>\n\t\t\t\t<\/div>\n\t\t\t\t<div class=\"elementor-element elementor-element-94a376d elementor-widget elementor-widget-ct_text_editor\" data-id=\"94a376d\" data-element_type=\"widget\" data-e-type=\"widget\" data-widget_type=\"ct_text_editor.default\">\n\t\t\t\t<div class=\"elementor-widget-container\">\n\t\t\t\t\t<div id=\"ct_text_editor-94a376d\" class=\"ct-text-editor \" data-wow-delay=\"ms\">\n\t<div class=\"ct-item--inner\">\n\t\t<div class=\"ct-inline-css\"  data-css=\"\n\t        \t\t\t\">\n\n\t    <\/div>\n\t\t<div class=\"ct-text-editor elementor-clearfix\">\n\t\t\t<p><span style=\"font-weight: 400\">Nous simplifions vos processus d&#8217;achat. La solidit\u00e9 de notre syst\u00e8me de gestion, notre concept de coop\u00e9ration, nos capacit\u00e9s \u00e0 personaliser les produits et \u00e0 planifier l&#8217;approvisionnement sont nos points forts.<\/span><span style=\"font-weight: 400\"><br \/><\/span><span style=\"font-weight: 400\"><br \/><\/span><span style=\"font-weight: 400\">Dot\u00e9s d&#8217;une \u00e9quipe rigoureuse et qualifi\u00e9e, nous \u00e9tudions et comprenons les complexit\u00e9s du march\u00e9 alimentaire, nous r\u00e9pondons aux besoins divers et changeants de nos clients avec le plus grand soin et la plus grande pr\u00e9cision, et nous fournissons des produits certifi\u00e9s et de qualit\u00e9 pour une grande vari\u00e9t\u00e9 d&#8217;utilisations.<\/span><\/p>\t\t\n\t\t<\/div>\n\t<\/div>\n<\/div>\t\t\t\t<\/div>\n\t\t\t\t<\/div>\n\t\t            <\/div>\n        <\/div>\n                    <\/div>\n        <\/section>\n                <section class=\"elementor-section elementor-top-section elementor-element elementor-element-5e0b9f0 elementor-section-stretched elementor-section-boxed elementor-section-height-default elementor-section-height-default\" data-id=\"5e0b9f0\" data-element_type=\"section\" data-e-type=\"section\" data-settings=\"{&quot;stretch_section&quot;:&quot;section-stretched&quot;,&quot;background_background&quot;:&quot;classic&quot;}\">\n            \n                        <div class=\"elementor-container elementor-column-gap-extended \">\n                    <div class=\"elementor-column elementor-col-50 elementor-top-column elementor-element elementor-element-cf73a59\" data-id=\"cf73a59\" data-element_type=\"column\" data-e-type=\"column\">\n        <div class=\"elementor-widget-wrap elementor-element-populated\">\n                    \n        \t\t<div class=\"elementor-element elementor-element-83dcb5a elementor-widget elementor-widget-spacer\" data-id=\"83dcb5a\" data-element_type=\"widget\" data-e-type=\"widget\" data-widget_type=\"spacer.default\">\n\t\t\t\t<div class=\"elementor-widget-container\">\n\t\t\t\t\t\t\t<div class=\"elementor-spacer\">\n\t\t\t<div class=\"elementor-spacer-inner\"><\/div>\n\t\t<\/div>\n\t\t\t\t\t\t<\/div>\n\t\t\t\t<\/div>\n\t\t\t\t<div class=\"elementor-element elementor-element-ef70fd1 elementor-widget elementor-widget-ct_image\" data-id=\"ef70fd1\" data-element_type=\"widget\" data-e-type=\"widget\" data-widget_type=\"ct_image.default\">\n\t\t\t\t<div class=\"elementor-widget-container\">\n\t\t\t\t\t<div class=\"ct-image-single    effect-none \" data-width=\"\" data-height=\"\">\r\n                        <img fetchpriority=\"high\" decoding=\"async\" width=\"960\" height=\"640\" src=\"https:\/\/sercomitalia.com\/wp-content\/uploads\/2023\/10\/logistic.jpg\" class=\"no-lazyload attachment-full\" alt=\"\" \/>            <\/div>\t\t\t\t<\/div>\n\t\t\t\t<\/div>\n\t\t            <\/div>\n        <\/div>\n                <div class=\"elementor-column elementor-col-50 elementor-top-column elementor-element elementor-element-ea3261c\" data-id=\"ea3261c\" data-element_type=\"column\" data-e-type=\"column\">\n        <div class=\"elementor-widget-wrap elementor-element-populated\">\n                    \n        \t\t<div class=\"elementor-element elementor-element-51d3557 elementor-widget elementor-widget-spacer\" data-id=\"51d3557\" data-element_type=\"widget\" data-e-type=\"widget\" data-widget_type=\"spacer.default\">\n\t\t\t\t<div class=\"elementor-widget-container\">\n\t\t\t\t\t\t\t<div class=\"elementor-spacer\">\n\t\t\t<div class=\"elementor-spacer-inner\"><\/div>\n\t\t<\/div>\n\t\t\t\t\t\t<\/div>\n\t\t\t\t<\/div>\n\t\t\t\t<div class=\"elementor-element elementor-element-3ecfbce elementor-widget elementor-widget-ct_heading\" data-id=\"3ecfbce\" data-element_type=\"widget\" data-e-type=\"widget\" data-widget_type=\"ct_heading.default\">\n\t\t\t\t<div class=\"elementor-widget-container\">\n\t\t\t\t\t<div class=\"ct-heading h-align- item-st-default\">\r\n    <div class=\"ct-heading--inner\">\r\n    \t    \t\t<div class=\"item--sub-title style-default\">\r\n                <span>\r\n                    <span>~<\/span>                    A propos de nous                    <span>~<\/span>                <\/span>\r\n            <\/div>\r\n    \t        <h3 class=\"item--title case-animate-time st-default \" data-wow-delay=\"ms\">\r\n            <span class=\"slide-in-container\"><span class=\"d-inline-block wow case-fade-in-up\">SERVICES<\/span><\/span> <span class=\"slide-in-container\"><span class=\"d-inline-block wow case-fade-in-up\">DE<\/span><\/span> <span class=\"slide-in-container\"><span class=\"d-inline-block wow case-fade-in-up\">COORDINATION<\/span><\/span> <span class=\"slide-in-container\"><span class=\"d-inline-block wow case-fade-in-up\">LOGISTIQUE<\/span><\/span> <span class=\"slide-in-container\"><span class=\"d-inline-block wow case-fade-in-up\">NOUS<\/span><\/span> <span class=\"slide-in-container\"><span class=\"d-inline-block wow case-fade-in-up\">LIVRONS<\/span><\/span> <span class=\"slide-in-container\"><span class=\"d-inline-block wow case-fade-in-up\">DANS<\/span><\/span> <span class=\"slide-in-container\"><span class=\"d-inline-block wow case-fade-in-up\">LE<\/span><\/span> <span class=\"slide-in-container\"><span class=\"d-inline-block wow case-fade-in-up\">MONDE<\/span><\/span> <span class=\"slide-in-container\"><span class=\"d-inline-block wow case-fade-in-up\">ENTIER<\/span><\/span>        <\/h3>\r\n    <\/div>\r\n<\/div>\r\n\r\n\t\t\t\t<\/div>\n\t\t\t\t<\/div>\n\t\t\t\t<div class=\"elementor-element elementor-element-d0d4f73 elementor-widget elementor-widget-ct_text_editor\" data-id=\"d0d4f73\" data-element_type=\"widget\" data-e-type=\"widget\" data-widget_type=\"ct_text_editor.default\">\n\t\t\t\t<div class=\"elementor-widget-container\">\n\t\t\t\t\t<div id=\"ct_text_editor-d0d4f73\" class=\"ct-text-editor \" data-wow-delay=\"ms\">\n\t<div class=\"ct-item--inner\">\n\t\t<div class=\"ct-inline-css\"  data-css=\"\n\t        \t\t\t\">\n\n\t    <\/div>\n\t\t<div class=\"ct-text-editor elementor-clearfix\">\n\t\t\t<p><span style=\"font-weight: 400\">Sercom Italia offre un <strong>service de coordination logistique<\/strong> actif 24 heures sur 24.<\/span><\/p>\t\t\n\t\t<\/div>\n\t<\/div>\n<\/div>\t\t\t\t<\/div>\n\t\t\t\t<\/div>\n\t\t\t\t<div class=\"elementor-element elementor-element-9266724 elementor-widget elementor-widget-ct_text_editor\" data-id=\"9266724\" data-element_type=\"widget\" data-e-type=\"widget\" data-widget_type=\"ct_text_editor.default\">\n\t\t\t\t<div class=\"elementor-widget-container\">\n\t\t\t\t\t<div id=\"ct_text_editor-9266724\" class=\"ct-text-editor \" data-wow-delay=\"ms\">\n\t<div class=\"ct-item--inner\">\n\t\t<div class=\"ct-inline-css\"  data-css=\"\n\t        \t\t\t\">\n\n\t    <\/div>\n\t\t<div class=\"ct-text-editor elementor-clearfix\">\n\t\t\t<p><span style=\"font-weight: 400\">Il est essentiel pour nous de r\u00e9pondre efficacement et rapidement aux besoins de nos clients.<\/span><\/p><p><span style=\"font-weight: 400\">Nous travaillons avec certaines des plus grandes agences de transport maritime et collaborons avec certains des partenaires les plus renomm\u00e9s d&#8217;Europe en mati\u00e8re de logistique routi\u00e8re et de stockage \u00e0 temp\u00e9rature contr\u00f4l\u00e9e.<\/span><\/p>\t\t\n\t\t<\/div>\n\t<\/div>\n<\/div>\t\t\t\t<\/div>\n\t\t\t\t<\/div>\n\t\t        <section class=\"elementor-section elementor-inner-section elementor-element elementor-element-cdefe75 elementor-section-boxed elementor-section-height-default elementor-section-height-default\" data-id=\"cdefe75\" data-element_type=\"section\" data-e-type=\"section\">\n            \n                        <div class=\"elementor-container elementor-column-gap-extended \">\n                    <div class=\"elementor-column elementor-col-50 elementor-inner-column elementor-element elementor-element-523db76\" data-id=\"523db76\" data-element_type=\"column\" data-e-type=\"column\">\n        <div class=\"elementor-widget-wrap elementor-element-populated\">\n                    \n        \t\t<div class=\"elementor-element elementor-element-f602fed elementor-widget elementor-widget-ct_fancy_box\" data-id=\"f602fed\" data-element_type=\"widget\" data-e-type=\"widget\" data-widget_type=\"ct_fancy_box.default\">\n\t\t\t\t<div class=\"elementor-widget-container\">\n\t\t\t\t\t<div class=\"ct-fancy-box ct-fancy-box-layout3 style1 \" data-wow-delay=\"ms\">\r\n    <div class=\"item--inner\">\r\n                    <div class=\"item--icon\">\r\n                <i aria-hidden=\"true\" class=\"far fa-handshake\"><\/i>            <\/div>\r\n                        <div class=\"item--holder\">\r\n            <h5 class=\"item--title\">\r\n                Engagement en faveur de la s\u00e9curit\u00e9 et d'une ponctualit\u00e9 maximale            <\/h5>\r\n            <div class=\"item--description\"><\/div>\r\n        <\/div>\r\n            <\/div>\r\n<\/div>\t\t\t\t<\/div>\n\t\t\t\t<\/div>\n\t\t            <\/div>\n        <\/div>\n                <div class=\"elementor-column elementor-col-50 elementor-inner-column elementor-element elementor-element-99d0107\" data-id=\"99d0107\" data-element_type=\"column\" data-e-type=\"column\">\n        <div class=\"elementor-widget-wrap elementor-element-populated\">\n                    \n        \t\t<div class=\"elementor-element elementor-element-49f2284 elementor-widget elementor-widget-ct_fancy_box\" data-id=\"49f2284\" data-element_type=\"widget\" data-e-type=\"widget\" data-widget_type=\"ct_fancy_box.default\">\n\t\t\t\t<div class=\"elementor-widget-container\">\n\t\t\t\t\t<div class=\"ct-fancy-box ct-fancy-box-layout3 style1 \" data-wow-delay=\"ms\">\r\n    <div class=\"item--inner\">\r\n                    <div class=\"item--icon\">\r\n                <i aria-hidden=\"true\" class=\"fas fa-award\"><\/i>            <\/div>\r\n                        <div class=\"item--holder\">\r\n            <h5 class=\"item--title\">\r\n                S\u00e9lection exclusive de partenaires logistiques certifi\u00e9s            <\/h5>\r\n            <div class=\"item--description\"><\/div>\r\n        <\/div>\r\n            <\/div>\r\n<\/div>\t\t\t\t<\/div>\n\t\t\t\t<\/div>\n\t\t            <\/div>\n        <\/div>\n                    <\/div>\n        <\/section>\n                    <\/div>\n        <\/div>\n                    <\/div>\n        <\/section>\n        \t\t<\/div>\n\t\t","protected":false},"excerpt":{"rendered":"<p>COORDINATION LOGISTIQUE La solution id\u00e9ale pour optimiser votre cha\u00eene d&#8217;approvisionnement, en \u00e9conomisant du temps et des ressources.. PRODUITS Consultez la liste d\u00e9taill\u00e9e des ingr\u00e9dients, des mati\u00e8res premi\u00e8res et des produits semi-finis destin\u00e9s \u00e0 la p\u00e2tisserie et \u00e0 l&#8217;industrie alimentaire, des boissons, de la boulangerie et des glaces. CERTIFICATIONS GFSI Sercom Italia d\u00e9tient des certifications BRC [&hellip;]<\/p>\n","protected":false},"author":1,"featured_media":0,"parent":0,"menu_order":0,"comment_status":"closed","ping_status":"closed","template":"","meta":{"footnotes":""},"class_list":["post-13270","page","type-page","status-publish","hentry"],"_links":{"self":[{"href":"https:\/\/sercomitalia.com\/fr\/wp-json\/wp\/v2\/pages\/13270","targetHints":{"allow":["GET"]}}],"collection":[{"href":"https:\/\/sercomitalia.com\/fr\/wp-json\/wp\/v2\/pages"}],"about":[{"href":"https:\/\/sercomitalia.com\/fr\/wp-json\/wp\/v2\/types\/page"}],"author":[{"embeddable":true,"href":"https:\/\/sercomitalia.com\/fr\/wp-json\/wp\/v2\/users\/1"}],"replies":[{"embeddable":true,"href":"https:\/\/sercomitalia.com\/fr\/wp-json\/wp\/v2\/comments?post=13270"}],"version-history":[{"count":33,"href":"https:\/\/sercomitalia.com\/fr\/wp-json\/wp\/v2\/pages\/13270\/revisions"}],"predecessor-version":[{"id":14993,"href":"https:\/\/sercomitalia.com\/fr\/wp-json\/wp\/v2\/pages\/13270\/revisions\/14993"}],"wp:attachment":[{"href":"https:\/\/sercomitalia.com\/fr\/wp-json\/wp\/v2\/media?parent=13270"}],"curies":[{"name":"wp","href":"https:\/\/api.w.org\/{rel}","templated":true}]}}