{"id":13364,"date":"2023-09-11T10:57:01","date_gmt":"2023-09-11T08:57:01","guid":{"rendered":"https:\/\/sercomitalia.com\/quality\/"},"modified":"2024-06-04T17:19:49","modified_gmt":"2024-06-04T15:19:49","slug":"quality","status":"publish","type":"page","link":"https:\/\/sercomitalia.com\/fr\/quality\/","title":{"rendered":"Garantie de qualit\u00e9 et produits certifi\u00e9s"},"content":{"rendered":"\t\t<div data-elementor-type=\"wp-page\" data-elementor-id=\"13364\" class=\"elementor elementor-13364 elementor-8806\">\n\t\t\t\t        <section class=\"elementor-section elementor-top-section elementor-element elementor-element-48816f7 elementor-section-boxed elementor-section-height-default elementor-section-height-default\" data-id=\"48816f7\" data-element_type=\"section\" data-e-type=\"section\">\n            \n                        <div class=\"elementor-container elementor-column-gap-extended \">\n                    <div class=\"elementor-column elementor-col-50 elementor-top-column elementor-element elementor-element-a3cabaf\" data-id=\"a3cabaf\" data-element_type=\"column\" data-e-type=\"column\">\n        <div class=\"elementor-widget-wrap elementor-element-populated\">\n                    \n        \t\t<div class=\"elementor-element elementor-element-1629880 elementor-widget elementor-widget-ct_image\" data-id=\"1629880\" data-element_type=\"widget\" data-e-type=\"widget\" data-widget_type=\"ct_image.default\">\n\t\t\t\t<div class=\"elementor-widget-container\">\n\t\t\t\t\t<div class=\"ct-image-single    effect-none \" data-width=\"\" data-height=\"\">\r\n                        <img fetchpriority=\"high\" decoding=\"async\" width=\"640\" height=\"640\" src=\"https:\/\/sercomitalia.com\/wp-content\/uploads\/2024\/06\/fruit-quality-assurance-certified-products-640x640-1.jpg\" class=\"no-lazyload attachment-full\" alt=\"\" \/>            <\/div>\t\t\t\t<\/div>\n\t\t\t\t<\/div>\n\t\t            <\/div>\n        <\/div>\n                <div class=\"elementor-column elementor-col-50 elementor-top-column elementor-element elementor-element-835e2d0\" data-id=\"835e2d0\" data-element_type=\"column\" data-e-type=\"column\">\n        <div class=\"elementor-widget-wrap elementor-element-populated\">\n                    \n        \t\t<div class=\"elementor-element elementor-element-2ee9ee7 elementor-widget elementor-widget-text-editor\" data-id=\"2ee9ee7\" data-element_type=\"widget\" data-e-type=\"widget\" data-widget_type=\"text-editor.default\">\n\t\t\t\t<div class=\"elementor-widget-container\">\n\t\t\t\t\t\t\t\t\t<p><span style=\"font-weight: 400;\">La cl\u00e9 de notre succ\u00e8s est la recherche minutieuse des produits dans leur lieu d&#8217;origine et dans les zones les plus appropri\u00e9es pour leur production. <\/span><span style=\"font-weight: 400;\">En choisissant de collaborer avec des coproducteurs qualifi\u00e9s, exp\u00e9riment\u00e9s et certifi\u00e9s, nous nous assurons que tous les produits que nous fournissons r\u00e9pondent aux normes de qualit\u00e9 les plus \u00e9lev\u00e9es et respectent les r\u00e9glementations les plus strictes en mati\u00e8re de s\u00e9curit\u00e9 alimentaire. <\/span><span style=\"font-weight: 400;\">Sercom Italia d\u00e9tient les certifications de qualit\u00e9 GFSI, validant notre engagement \u00e0 maintenir le contr\u00f4le de la qualit\u00e9 tout au long de la cha\u00eene d&#8217;approvisionnement et garantissant la confiance de nos clients dans nos produits. <\/span><span style=\"font-weight: 400;\">Garantir la qualit\u00e9 et la s\u00e9curit\u00e9 alimentaire fait partie int\u00e9grante de notre travail quotidien pour nos clients.<br \/><\/span>Tous nos produits sont soumis \u00e0 des tests analytiques rigoureux avant et apr\u00e8s la production.\u00a0Pour confirmer son engagement et son attention croissante vers la politique de qualit\u00e9, Sercom Italia a mis en place un syst\u00e8me de qualit\u00e9 int\u00e9gr\u00e9 en appliquant les syst\u00e8mes BRC et IFS.\u00a0<span style=\"font-weight: 400;\"><br \/><\/span><\/p>\t\t\t\t\t\t\t\t<\/div>\n\t\t\t\t<\/div>\n\t\t            <\/div>\n        <\/div>\n                    <\/div>\n        <\/section>\n                <section class=\"elementor-section elementor-top-section elementor-element elementor-element-9d914ea elementor-section-boxed elementor-section-height-default elementor-section-height-default\" data-id=\"9d914ea\" data-element_type=\"section\" data-e-type=\"section\">\n            \n                        <div class=\"elementor-container elementor-column-gap-extended \">\n                    <div class=\"elementor-column elementor-col-100 elementor-top-column elementor-element elementor-element-f120cfc\" data-id=\"f120cfc\" data-element_type=\"column\" data-e-type=\"column\">\n        <div class=\"elementor-widget-wrap elementor-element-populated\">\n                    \n        \t\t<div class=\"elementor-element elementor-element-979d45f elementor-widget elementor-widget-text-editor\" data-id=\"979d45f\" data-element_type=\"widget\" data-e-type=\"widget\" data-widget_type=\"text-editor.default\">\n\t\t\t\t<div class=\"elementor-widget-container\">\n\t\t\t\t\t\t\t\t\t<p><span style=\"font-weight: 400;\">Tous les sites de nos fabricants sont certifi\u00e9s de mani\u00e8re ind\u00e9pendante selon les normes de qualit\u00e9 les plus \u00e9lev\u00e9es et, le cas \u00e9ch\u00e9ant, sont \u00e9galement approuv\u00e9s par des audits de tiers sp\u00e9cialement organis\u00e9s. <\/span><span style=\"font-weight: 400;\">Sercom Italia s&#8217;est \u00e9galement adapt\u00e9 au fil des ans aux diff\u00e9rentes exigences de ses clients, en obtenant les certifications sp\u00e9cifiques pertinentes, telles que la certification Cacher. <\/span><span style=\"font-weight: 400;\">En plus d&#8217;\u00eatre une soci\u00e9t\u00e9 d&#8217;exportation enregistr\u00e9e aupr\u00e8s de la FDA pour les produits conventionnels, Sercom Italia op\u00e8re \u00e9galement dans le secteur de la production biologique avec des r\u00e9sultats extr\u00eamement positifs. Elle garantit la transparence de la cha\u00eene d&#8217;approvisionnement certifi\u00e9e biologique en adh\u00e9rant aux normes de l&#8217;UE et du NOP de l&#8217;USDA.<\/span><\/p>\t\t\t\t\t\t\t\t<\/div>\n\t\t\t\t<\/div>\n\t\t            <\/div>\n        <\/div>\n                    <\/div>\n        <\/section>\n                <section class=\"elementor-section elementor-inner-section elementor-element elementor-element-30a71e7b elementor-section-boxed elementor-section-height-default elementor-section-height-default\" data-id=\"30a71e7b\" data-element_type=\"section\" data-e-type=\"section\">\n            \n                        <div class=\"elementor-container elementor-column-gap-no \">\n                    <div class=\"elementor-column elementor-col-33 elementor-inner-column elementor-element elementor-element-783394d5\" data-id=\"783394d5\" data-element_type=\"column\" data-e-type=\"column\">\n        <div class=\"elementor-widget-wrap elementor-element-populated\">\n                    \n        \t\t<div class=\"elementor-element elementor-element-5ec88d87 ct-fancy-box-wrap elementor-widget elementor-widget-ct_fancy_box\" data-id=\"5ec88d87\" data-element_type=\"widget\" data-e-type=\"widget\" data-widget_type=\"ct_fancy_box.default\">\n\t\t\t\t<div class=\"elementor-widget-container\">\n\t\t\t\t\t<div class=\"ct-fancy-box ct-fancy-box-layout3 style1 \" data-wow-delay=\"ms\">\r\n    <div class=\"item--inner\">\r\n                    <div class=\"item--icon\">\r\n                <i aria-hidden=\"true\" class=\"icon icon-shield\"><\/i>            <\/div>\r\n                        <div class=\"item--holder\">\r\n            <h5 class=\"item--title\">\r\n                Contr\u00f4les analytiques            <\/h5>\r\n            <div class=\"item--description\"><\/div>\r\n        <\/div>\r\n            <\/div>\r\n<\/div>\t\t\t\t<\/div>\n\t\t\t\t<\/div>\n\t\t            <\/div>\n        <\/div>\n                <div class=\"elementor-column elementor-col-33 elementor-inner-column elementor-element elementor-element-61c81081\" data-id=\"61c81081\" data-element_type=\"column\" data-e-type=\"column\">\n        <div class=\"elementor-widget-wrap elementor-element-populated\">\n                    \n        \t\t<div class=\"elementor-element elementor-element-551daa0c ct-fancy-box-wrap elementor-widget elementor-widget-ct_fancy_box\" data-id=\"551daa0c\" data-element_type=\"widget\" data-e-type=\"widget\" data-widget_type=\"ct_fancy_box.default\">\n\t\t\t\t<div class=\"elementor-widget-container\">\n\t\t\t\t\t<div class=\"ct-fancy-box ct-fancy-box-layout3 style1 \" data-wow-delay=\"ms\">\r\n    <div class=\"item--inner\">\r\n                    <div class=\"item--icon\">\r\n                <i aria-hidden=\"true\" class=\"icon icon-customer-support-2\"><\/i>            <\/div>\r\n                        <div class=\"item--holder\">\r\n            <h5 class=\"item--title\">\r\n                Assistance et soutien total en mati\u00e8re d'assurance qualit\u00e9            <\/h5>\r\n            <div class=\"item--description\"><\/div>\r\n        <\/div>\r\n            <\/div>\r\n<\/div>\t\t\t\t<\/div>\n\t\t\t\t<\/div>\n\t\t            <\/div>\n        <\/div>\n                <div class=\"elementor-column elementor-col-33 elementor-inner-column elementor-element elementor-element-f4bf697\" data-id=\"f4bf697\" data-element_type=\"column\" data-e-type=\"column\">\n        <div class=\"elementor-widget-wrap elementor-element-populated\">\n                    \n        \t\t<div class=\"elementor-element elementor-element-238ab291 ct-fancy-box-wrap elementor-widget elementor-widget-ct_fancy_box\" data-id=\"238ab291\" data-element_type=\"widget\" data-e-type=\"widget\" data-widget_type=\"ct_fancy_box.default\">\n\t\t\t\t<div class=\"elementor-widget-container\">\n\t\t\t\t\t<div class=\"ct-fancy-box ct-fancy-box-layout3 style1 \" data-wow-delay=\"ms\">\r\n    <div class=\"item--inner\">\r\n                    <div class=\"item--icon\">\r\n                <i aria-hidden=\"true\" class=\"icon icon-Speed-Clock\"><\/i>            <\/div>\r\n                        <div class=\"item--holder\">\r\n            <h5 class=\"item--title\">\r\n                R\u00e9ponses rapides            <\/h5>\r\n            <div class=\"item--description\"><\/div>\r\n        <\/div>\r\n            <\/div>\r\n<\/div>\t\t\t\t<\/div>\n\t\t\t\t<\/div>\n\t\t            <\/div>\n        <\/div>\n                    <\/div>\n        <\/section>\n                <section class=\"elementor-section elementor-top-section elementor-element elementor-element-09f4a79 elementor-section-boxed elementor-section-height-default elementor-section-height-default\" data-id=\"09f4a79\" data-element_type=\"section\" data-e-type=\"section\">\n            \n                        <div class=\"elementor-container elementor-column-gap-default \">\n                    <div class=\"elementor-column elementor-col-100 elementor-top-column elementor-element elementor-element-273e165\" data-id=\"273e165\" data-element_type=\"column\" data-e-type=\"column\">\n        <div class=\"elementor-widget-wrap elementor-element-populated\">\n                    \n        \t\t<div class=\"elementor-element elementor-element-1bc26e4 elementor-widget elementor-widget-text-editor\" data-id=\"1bc26e4\" data-element_type=\"widget\" data-e-type=\"widget\" data-widget_type=\"text-editor.default\">\n\t\t\t\t<div class=\"elementor-widget-container\">\n\t\t\t\t\t\t\t\t\t<h2 style=\"text-align: center;\"><span style=\"font-weight: 400;\">Certifications et accr\u00e9ditations<\/span><\/h2><p><span style=\"font-weight: 400;\">Respect strict et complet des lignes directrices et des protocoles prescrits par nos clients, sans d\u00e9viation ni compromis.<\/span><\/p>\t\t\t\t\t\t\t\t<\/div>\n\t\t\t\t<\/div>\n\t\t            <\/div>\n        <\/div>\n                    <\/div>\n        <\/section>\n                <section class=\"elementor-section elementor-top-section elementor-element elementor-element-46cffd2 elementor-section-boxed elementor-section-height-default elementor-section-height-default\" data-id=\"46cffd2\" data-element_type=\"section\" data-e-type=\"section\">\n            \n                        <div class=\"elementor-container elementor-column-gap-default \">\n                    <div class=\"elementor-column elementor-col-100 elementor-top-column elementor-element elementor-element-0bb95cc\" data-id=\"0bb95cc\" data-element_type=\"column\" data-e-type=\"column\">\n        <div class=\"elementor-widget-wrap elementor-element-populated\">\n                    \n        \t\t<div class=\"elementor-element elementor-element-99d01c6 elementor-widget elementor-widget-image-gallery\" data-id=\"99d01c6\" data-element_type=\"widget\" data-e-type=\"widget\" data-widget_type=\"image-gallery.default\">\n\t\t\t\t<div class=\"elementor-widget-container\">\n\t\t\t\t\t\t\t<div class=\"elementor-image-gallery\">\n\t\t\t<div id='gallery-1' class='gallery galleryid-13364 gallery-columns-6 gallery-size-full'><figure class='gallery-item'>\n\t\t\t<div class='gallery-icon landscape'>\n\t\t\t\t<img decoding=\"async\" width=\"334\" height=\"188\" src=\"https:\/\/sercomitalia.com\/wp-content\/uploads\/2023\/09\/usda.png\" class=\"attachment-full size-full\" alt=\"\" srcset=\"https:\/\/sercomitalia.com\/wp-content\/uploads\/2023\/09\/usda.png 334w, https:\/\/sercomitalia.com\/wp-content\/uploads\/2023\/09\/usda-300x169.png 300w\" sizes=\"(max-width: 334px) 100vw, 334px\" \/>\n\t\t\t<\/div><\/figure><figure class='gallery-item'>\n\t\t\t<div class='gallery-icon landscape'>\n\t\t\t\t<img decoding=\"async\" width=\"334\" height=\"188\" src=\"https:\/\/sercomitalia.com\/wp-content\/uploads\/2023\/09\/ifs.png\" class=\"attachment-full size-full\" alt=\"\" srcset=\"https:\/\/sercomitalia.com\/wp-content\/uploads\/2023\/09\/ifs.png 334w, https:\/\/sercomitalia.com\/wp-content\/uploads\/2023\/09\/ifs-300x169.png 300w\" sizes=\"(max-width: 334px) 100vw, 334px\" \/>\n\t\t\t<\/div><\/figure><figure class='gallery-item'>\n\t\t\t<div class='gallery-icon landscape'>\n\t\t\t\t<img loading=\"lazy\" decoding=\"async\" width=\"334\" height=\"188\" src=\"https:\/\/sercomitalia.com\/wp-content\/uploads\/2023\/09\/brcgs.png\" class=\"attachment-full size-full\" alt=\"\" srcset=\"https:\/\/sercomitalia.com\/wp-content\/uploads\/2023\/09\/brcgs.png 334w, https:\/\/sercomitalia.com\/wp-content\/uploads\/2023\/09\/brcgs-300x169.png 300w\" sizes=\"(max-width: 334px) 100vw, 334px\" \/>\n\t\t\t<\/div><\/figure><figure class='gallery-item'>\n\t\t\t<div class='gallery-icon landscape'>\n\t\t\t\t<img loading=\"lazy\" decoding=\"async\" width=\"334\" height=\"188\" src=\"https:\/\/sercomitalia.com\/wp-content\/uploads\/2023\/09\/icea.png\" class=\"attachment-full size-full\" alt=\"\" srcset=\"https:\/\/sercomitalia.com\/wp-content\/uploads\/2023\/09\/icea.png 334w, https:\/\/sercomitalia.com\/wp-content\/uploads\/2023\/09\/icea-300x169.png 300w\" sizes=\"(max-width: 334px) 100vw, 334px\" \/>\n\t\t\t<\/div><\/figure><figure class='gallery-item'>\n\t\t\t<div class='gallery-icon landscape'>\n\t\t\t\t<img loading=\"lazy\" decoding=\"async\" width=\"334\" height=\"188\" src=\"https:\/\/sercomitalia.com\/wp-content\/uploads\/2023\/10\/fda-logo.jpg\" class=\"attachment-full size-full\" alt=\"\" srcset=\"https:\/\/sercomitalia.com\/wp-content\/uploads\/2023\/10\/fda-logo.jpg 334w, https:\/\/sercomitalia.com\/wp-content\/uploads\/2023\/10\/fda-logo-300x169.jpg 300w\" sizes=\"(max-width: 334px) 100vw, 334px\" \/>\n\t\t\t<\/div><\/figure><figure class='gallery-item'>\n\t\t\t<div class='gallery-icon landscape'>\n\t\t\t\t<img loading=\"lazy\" decoding=\"async\" width=\"334\" height=\"188\" src=\"https:\/\/sercomitalia.com\/wp-content\/uploads\/2023\/09\/kosher.png\" class=\"attachment-full size-full\" alt=\"\" srcset=\"https:\/\/sercomitalia.com\/wp-content\/uploads\/2023\/09\/kosher.png 334w, https:\/\/sercomitalia.com\/wp-content\/uploads\/2023\/09\/kosher-300x169.png 300w\" sizes=\"(max-width: 334px) 100vw, 334px\" \/>\n\t\t\t<\/div><\/figure>\n\t\t<\/div>\n\t\t<\/div>\n\t\t\t\t\t\t<\/div>\n\t\t\t\t<\/div>\n\t\t            <\/div>\n        <\/div>\n                    <\/div>\n        <\/section>\n        \t\t<\/div>\n\t\t","protected":false},"excerpt":{"rendered":"<p>La cl\u00e9 de notre succ\u00e8s est la recherche minutieuse des produits dans leur lieu d&#8217;origine et dans les zones les plus appropri\u00e9es pour leur production. En choisissant de collaborer avec des coproducteurs qualifi\u00e9s, exp\u00e9riment\u00e9s et certifi\u00e9s, nous nous assurons que tous les produits que nous fournissons r\u00e9pondent aux normes de qualit\u00e9 les plus \u00e9lev\u00e9es et [&hellip;]<\/p>\n","protected":false},"author":1,"featured_media":0,"parent":0,"menu_order":0,"comment_status":"closed","ping_status":"closed","template":"","meta":{"footnotes":""},"class_list":["post-13364","page","type-page","status-publish","hentry"],"_links":{"self":[{"href":"https:\/\/sercomitalia.com\/fr\/wp-json\/wp\/v2\/pages\/13364","targetHints":{"allow":["GET"]}}],"collection":[{"href":"https:\/\/sercomitalia.com\/fr\/wp-json\/wp\/v2\/pages"}],"about":[{"href":"https:\/\/sercomitalia.com\/fr\/wp-json\/wp\/v2\/types\/page"}],"author":[{"embeddable":true,"href":"https:\/\/sercomitalia.com\/fr\/wp-json\/wp\/v2\/users\/1"}],"replies":[{"embeddable":true,"href":"https:\/\/sercomitalia.com\/fr\/wp-json\/wp\/v2\/comments?post=13364"}],"version-history":[{"count":17,"href":"https:\/\/sercomitalia.com\/fr\/wp-json\/wp\/v2\/pages\/13364\/revisions"}],"predecessor-version":[{"id":14929,"href":"https:\/\/sercomitalia.com\/fr\/wp-json\/wp\/v2\/pages\/13364\/revisions\/14929"}],"wp:attachment":[{"href":"https:\/\/sercomitalia.com\/fr\/wp-json\/wp\/v2\/media?parent=13364"}],"curies":[{"name":"wp","href":"https:\/\/api.w.org\/{rel}","templated":true}]}}