{"id":13396,"date":"2023-10-06T10:06:52","date_gmt":"2023-10-06T08:06:52","guid":{"rendered":"https:\/\/sercomitalia.com\/privacy-policy-2\/"},"modified":"2023-12-22T12:02:40","modified_gmt":"2023-12-22T11:02:40","slug":"privacy-policy","status":"publish","type":"page","link":"https:\/\/sercomitalia.com\/fr\/privacy-policy\/","title":{"rendered":"Privacy Policy"},"content":{"rendered":"\t\t<div data-elementor-type=\"wp-page\" data-elementor-id=\"13396\" class=\"elementor elementor-13396 elementor-11316\">\n\t\t\t\t        <section class=\"elementor-section elementor-top-section elementor-element elementor-element-05b077a elementor-section-boxed elementor-section-height-default elementor-section-height-default\" data-id=\"05b077a\" data-element_type=\"section\" data-e-type=\"section\">\n            \n                        <div class=\"elementor-container elementor-column-gap-default \">\n                    <div class=\"elementor-column elementor-col-100 elementor-top-column elementor-element elementor-element-06b5038\" data-id=\"06b5038\" data-element_type=\"column\" data-e-type=\"column\">\n        <div class=\"elementor-widget-wrap elementor-element-populated\">\n                    \n        \t\t<div class=\"elementor-element elementor-element-e886b1a elementor-widget elementor-widget-text-editor\" data-id=\"e886b1a\" data-element_type=\"widget\" data-e-type=\"widget\" data-widget_type=\"text-editor.default\">\n\t\t\t\t<div class=\"elementor-widget-container\">\n\t\t\t\t\t\t\t\t\t<p><b>Privacy Policy<\/b><\/p><p><b>INFORMATIONS TRANSMISES EN ACCORD AVEC LES ARTICLES13 ET 14 DU RGPD<\/b><\/p><p><b>(R\u00c8GLEMENT G\u00c9N\u00c9RAL SUR LA PROTECTION DES DONN\u00c9ES) 2016\/679<\/b><\/p><p><span style=\"font-weight: 400;\">La l\u00e9gislation actuelle sur le traitement des donn\u00e9es \u00e0 caract\u00e8re personnel, d\u00e9finie conform\u00e9ment au r\u00e8glement UE 2016\/679 du 27 avril 2016 et relative \u00e0 la s\u00e9curit\u00e9 des personnes physiques \u00e0 l&#8217;\u00e9gard du traitement des donn\u00e9es \u00e0 caract\u00e8re personnel et \u00e0 la libre circulation de ces donn\u00e9es (R\u00e8glement g\u00e9n\u00e9ral sur la protection des donn\u00e9es, RGPD), pr\u00e9voit des dispositions visant \u00e0 garantir que le traitement des donn\u00e9es \u00e0 caract\u00e8re personnel soit effectu\u00e9 dans le respect des libert\u00e9s et des droits fondamentaux des personnes physiques, en particulier de leur droit \u00e0 la protection des donn\u00e9es.<\/span><\/p><p><b>1.Identit\u00e9 et coordonn\u00e9es du Responsable du traitement des donn\u00e9es<\/b><\/p><p><span style=\"font-weight: 400;\">Le Responsable du traitement des donn\u00e9es \u00e0 caract\u00e8re personnel, collect\u00e9es, trait\u00e9es et utilis\u00e9es pour l&#8217;ex\u00e9cution du contrat, en la personne du repr\u00e9sentant l\u00e9gal, est Sercom Italia Srl Unipersonale dont le si\u00e8ge se situe \u00e0 Gioia Tauro (RC), 89013, Strada Statale 18, n. 375 &#8211; Num. TVA 03146200807 &#8211; sercomitalia.com.<\/span><\/p><p><b>2.Origine des donn\u00e9es, but et base juridique du traitement<\/b><\/p><p><span style=\"font-weight: 400;\">Toutes les informations trait\u00e9es par Sercom Italia en sa qualit\u00e9 de Responsable du traitement sont collect\u00e9es conform\u00e9ment \u00e0 l&#8217;article 14 du RGPD.<\/span><\/p><p><span style=\"font-weight: 400;\">Les donn\u00e9es collect\u00e9es par Sercom Italia sont, \u00e0 titre d&#8217;exemple : nom, pr\u00e9nom, date de naissance, num\u00e9ro d&#8217;identification fiscal et\/ou num\u00e9ro de TVA, e-mail, num\u00e9ro de t\u00e9l\u00e9phone, etc.<\/span><\/p><p><span style=\"font-weight: 400;\">Les donn\u00e9es \u00e0 caract\u00e8re personnel seront trait\u00e9es par Sercom Italia \u00e0 des fins li\u00e9es au Contrat de vente, en consid\u00e9ration du contrat pr\u00e9existant avec le client.<\/span><\/p><p><span style=\"font-weight: 400;\">La base juridique de ce traitement des donn\u00e9es est donc l&#8217;ex\u00e9cution de l&#8217;obligation contractuelle.<\/span><\/p><p><span style=\"font-weight: 400;\">Il est pr\u00e9cis\u00e9 que Sercom Italia ne traitera pas les donn\u00e9es \u00e0 caract\u00e8re personnel pour des finalit\u00e9s autres que celles indiqu\u00e9es ci-dessus, \u00e0 l&#8217;exception des cas o\u00f9 elle devrait se conformer \u00e0 des obligations l\u00e9gales.\u00a0Au cas o\u00f9 les donn\u00e9es seraient utilis\u00e9es \u00e0 d&#8217;autres fins que celles indiqu\u00e9es ci-dessus, il appartiendra au Responsable de transmettre des informations compl\u00e9mentaires.<\/span><\/p><p><b>3.Destinataires ou cat\u00e9gories de destinataires<\/b><\/p><p><span style=\"font-weight: 400;\">Les donn\u00e9es renseign\u00e9es \u00e0 caract\u00e8re personnel ne seront pas divulgu\u00e9es \u00e0 des destinataires non sp\u00e9cifi\u00e9s.\u00a0Elles peuvent toutefois \u00eatre communiqu\u00e9es \u00e0 des destinataires d\u00e9termin\u00e9s, dans le respect des dispositions l\u00e9gales, \u00e0 des fins strictement li\u00e9es \u00e0 celles indiqu\u00e9es ci-dessus.\u00a0Tout acc\u00e8s aux donn\u00e9es \u00e0 caract\u00e8re personnel est limit\u00e9 aux personnes autoris\u00e9es par le Responsable du traitement.<\/span><\/p><p><b>4.Profilage<\/b><\/p><p><span style=\"font-weight: 400;\">Les donn\u00e9es \u00e0 caract\u00e8re personnel ne feront pas l&#8217;objet d&#8217;activit\u00e9s de profilage ni de processus d\u00e9cisionnels automatis\u00e9s.<\/span><\/p><p><b>5.Dur\u00e9e de conservation<\/b><\/p><p><span style=\"font-weight: 400;\">Les donn\u00e9es \u00e0 caract\u00e8re personnel doivent \u00eatre conserv\u00e9es pendant une dur\u00e9e n&#8217;exc\u00e9dant pas celle n\u00e9cessaire au but pour lequel elles sont trait\u00e9es; ceci dans le respect des conditions pr\u00e9vues par le RGPD.\u00a0En particulier, les donn\u00e9es seront conserv\u00e9es pendant toute la dur\u00e9e du contrat mentionn\u00e9 dans le pr\u00e9sent document, et au-del\u00e0, dans le cadre des obligations l\u00e9gales et r\u00e9glementaires auxquelles Sercom Italia est soumise.<\/span><\/p><p><span style=\"font-weight: 400;\">Apr\u00e8s cette p\u00e9riode, il appartiendra \u00e0 Sercom Italia de proc\u00e9der \u00e0 la suppression des donn\u00e9es du syst\u00e8me et\/ou des enregistrements, ou de proc\u00e9der \u00e0 l&#8217;anonymisation des donn\u00e9es afin d&#8217;\u00e9viter toute identification ult\u00e9rieure.<\/span><\/p><p><b>6.Transmission Obligatoire<\/b><\/p><p><span style=\"font-weight: 400;\">Compte tenu de la finalit\u00e9 du traitement susmentionn\u00e9, la transmission des donn\u00e9es est obligatoire.\u00a0La non-transmission, la transmission partielle ou inexacte des donn\u00e9es placera Sercom Italia dans l&#8217;impossibilit\u00e9 de fournir les services demand\u00e9s et donc de remplir ses obligations.<\/span><\/p><p><b>7.Droits de l&#8217;utilisateur<\/b><\/p><p><span style=\"font-weight: 400;\">L&#8217;utilisateur a le droit d&#8217;obtenir la confirmation qu&#8217;un traitement de donn\u00e9es a lieu ou non, et, le cas \u00e9ch\u00e9ant, d&#8217;obtenir\u00a0:<\/span><\/p><ul><li style=\"font-weight: 400;\" aria-level=\"1\"><span style=\"font-weight: 400;\">Acc\u00e8s aux donn\u00e9es \u00e0 caract\u00e8re personnel (article 15)\u00a0;<\/span><\/li><li style=\"font-weight: 400;\" aria-level=\"1\"><span style=\"font-weight: 400;\">Rectification des donn\u00e9es \u00e0 caract\u00e8re personnel inexactes (article 16)\u00a0;<\/span><\/li><li style=\"font-weight: 400;\" aria-level=\"1\"><span style=\"font-weight: 400;\">Suppression des donn\u00e9es \u00e0 caract\u00e8re personnel (article 17)\u00a0;<\/span><\/li><li style=\"font-weight: 400;\" aria-level=\"1\"><span style=\"font-weight: 400;\">Limitation du traitement (article 18)\u00a0;<\/span><\/li><li style=\"font-weight: 400;\" aria-level=\"1\"><span style=\"font-weight: 400;\">Opposition au traitement des donn\u00e9es \u00e0 caract\u00e8re personnel (article 21)\u00a0;<\/span><\/li><li style=\"font-weight: 400;\" aria-level=\"1\"><span style=\"font-weight: 400;\">Retrait du consentement (le cas \u00e9ch\u00e9ant).<\/span><\/li><\/ul><p><span style=\"font-weight: 400;\">L&#8217;utilisateur a le droit de recevoir, dans un format structur\u00e9, couramment utilis\u00e9 et lisible par machine, les donn\u00e9es \u00e0 caract\u00e8re personnel le concernant qui ont \u00e9t\u00e9 communiqu\u00e9es \u00e0 un responsable du traitement et a le droit d&#8217;obtenir que ces donn\u00e9es soient transmises \u00e0 un autre responsable du traitement sans que le responsable du traitement auquel les donn\u00e9es \u00e0 caract\u00e8re personnel ont \u00e9t\u00e9 communiqu\u00e9es y fasse obstacle, lorsque le traitement est fond\u00e9 sur le consentement ou sur un contrat et qu&#8217;il est effectu\u00e9 \u00e0 l&#8217;aide de proc\u00e9d\u00e9s automatis\u00e9s.<\/span><\/p><p><span style=\"font-weight: 400;\">L&#8217;utilisateur a le droit d&#8217;introduire une r\u00e9clamation aupr\u00e8s de l&#8217;autorit\u00e9 de contr\u00f4le.<\/span><\/p><p><span style=\"font-weight: 400;\">Toute demande doit \u00eatre transmise comme suit\u00a0:<\/span><\/p><p><span style=\"font-weight: 400;\">a.Lettre recommand\u00e9e \u00e0 l&#8217;adresse du responsable du traitement Sercom Italia Srl Unipersonale &#8211; Strada Statale 18, n. 375 (89013) Gioia Tauro &#8211; Num. TVA 03146200807 ;<\/span><\/p><p><span style=\"font-weight: 400;\">b.Email :\u00a0 <\/span><a href=\"mailto:info@sercomitalia.com\"><span style=\"font-weight: 400;\">info@sercomitalia.com<\/span><\/a><\/p>\t\t\t\t\t\t\t\t<\/div>\n\t\t\t\t<\/div>\n\t\t            <\/div>\n        <\/div>\n                    <\/div>\n        <\/section>\n        \t\t<\/div>\n\t\t","protected":false},"excerpt":{"rendered":"<p>Privacy Policy INFORMATIONS TRANSMISES EN ACCORD AVEC LES ARTICLES13 ET 14 DU RGPD (R\u00c8GLEMENT G\u00c9N\u00c9RAL SUR LA PROTECTION DES DONN\u00c9ES) 2016\/679 La l\u00e9gislation actuelle sur le traitement des donn\u00e9es \u00e0 caract\u00e8re personnel, d\u00e9finie conform\u00e9ment au r\u00e8glement UE 2016\/679 du 27 avril 2016 et relative \u00e0 la s\u00e9curit\u00e9 des personnes physiques \u00e0 l&#8217;\u00e9gard du traitement des [&hellip;]<\/p>\n","protected":false},"author":1,"featured_media":0,"parent":0,"menu_order":0,"comment_status":"closed","ping_status":"closed","template":"","meta":{"footnotes":""},"class_list":["post-13396","page","type-page","status-publish","hentry"],"_links":{"self":[{"href":"https:\/\/sercomitalia.com\/fr\/wp-json\/wp\/v2\/pages\/13396","targetHints":{"allow":["GET"]}}],"collection":[{"href":"https:\/\/sercomitalia.com\/fr\/wp-json\/wp\/v2\/pages"}],"about":[{"href":"https:\/\/sercomitalia.com\/fr\/wp-json\/wp\/v2\/types\/page"}],"author":[{"embeddable":true,"href":"https:\/\/sercomitalia.com\/fr\/wp-json\/wp\/v2\/users\/1"}],"replies":[{"embeddable":true,"href":"https:\/\/sercomitalia.com\/fr\/wp-json\/wp\/v2\/comments?post=13396"}],"version-history":[{"count":7,"href":"https:\/\/sercomitalia.com\/fr\/wp-json\/wp\/v2\/pages\/13396\/revisions"}],"predecessor-version":[{"id":14190,"href":"https:\/\/sercomitalia.com\/fr\/wp-json\/wp\/v2\/pages\/13396\/revisions\/14190"}],"wp:attachment":[{"href":"https:\/\/sercomitalia.com\/fr\/wp-json\/wp\/v2\/media?parent=13396"}],"curies":[{"name":"wp","href":"https:\/\/api.w.org\/{rel}","templated":true}]}}