{"id":12948,"date":"2023-09-11T10:57:01","date_gmt":"2023-09-11T08:57:01","guid":{"rendered":"https:\/\/sercomitalia.com\/garanzia-di-qualita-e-prodotti-certificati\/"},"modified":"2024-06-04T17:18:55","modified_gmt":"2024-06-04T15:18:55","slug":"garanzia-di-qualita-e-prodotti-certificati","status":"publish","type":"page","link":"https:\/\/sercomitalia.com\/it\/garanzia-di-qualita-e-prodotti-certificati\/","title":{"rendered":"Garanzia di qualit\u00e0 e prodotti certificati"},"content":{"rendered":"\t\t<div data-elementor-type=\"wp-page\" data-elementor-id=\"12948\" class=\"elementor elementor-12948 elementor-8806\">\n\t\t\t\t        <section class=\"elementor-section elementor-top-section elementor-element elementor-element-48816f7 elementor-section-boxed elementor-section-height-default elementor-section-height-default\" data-id=\"48816f7\" data-element_type=\"section\" data-e-type=\"section\">\n            \n                        <div class=\"elementor-container elementor-column-gap-extended \">\n                    <div class=\"elementor-column elementor-col-50 elementor-top-column elementor-element elementor-element-a3cabaf\" data-id=\"a3cabaf\" data-element_type=\"column\" data-e-type=\"column\">\n        <div class=\"elementor-widget-wrap elementor-element-populated\">\n                    \n        \t\t<div class=\"elementor-element elementor-element-3c7df61 elementor-widget elementor-widget-ct_image\" data-id=\"3c7df61\" data-element_type=\"widget\" data-e-type=\"widget\" data-widget_type=\"ct_image.default\">\n\t\t\t\t<div class=\"elementor-widget-container\">\n\t\t\t\t\t<div class=\"ct-image-single    effect-none \" data-width=\"\" data-height=\"\">\r\n                        <img fetchpriority=\"high\" decoding=\"async\" width=\"640\" height=\"640\" src=\"https:\/\/sercomitalia.com\/wp-content\/uploads\/2024\/06\/fruit-quality-assurance-certified-products-640x640-1.jpg\" class=\"no-lazyload attachment-full\" alt=\"\" \/>            <\/div>\t\t\t\t<\/div>\n\t\t\t\t<\/div>\n\t\t            <\/div>\n        <\/div>\n                <div class=\"elementor-column elementor-col-50 elementor-top-column elementor-element elementor-element-cf59c1a\" data-id=\"cf59c1a\" data-element_type=\"column\" data-e-type=\"column\">\n        <div class=\"elementor-widget-wrap elementor-element-populated\">\n                    \n        \t\t<div class=\"elementor-element elementor-element-726bb7f elementor-widget elementor-widget-text-editor\" data-id=\"726bb7f\" data-element_type=\"widget\" data-e-type=\"widget\" data-widget_type=\"text-editor.default\">\n\t\t\t\t<div class=\"elementor-widget-container\">\n\t\t\t\t\t\t\t\t\t<p><span style=\"font-weight: 400;\">La chiave del nostro successo \u00e8 l&#8217;attenta ricerca dei prodotti nei luoghi d&#8217;origine e nelle<\/span> <span style=\"font-weight: 400;\">aree pi\u00f9 vocate per la produzione di ciascuno.<\/span><\/p><p><span style=\"font-weight: 400;\">Scegliendo di collaborare con co-produttori qualificati, esperti e certificati,<\/span> <span style=\"font-weight: 400;\">garantiamo che tutti i prodotti che forniamo soddisfino i pi\u00f9 alti standard di qualit\u00e0 e aderiscano alle<\/span> <span style=\"font-weight: 400;\">pi\u00f9 severe normative in materia di sicurezza alimentare.<\/span><\/p><p><span style=\"font-weight: 400;\">Sercom Italia \u00e8 in possesso delle certificazioni di qualit\u00e0 GFSI, che convalidano il nostro impegno a mantenere<\/span> <span style=\"font-weight: 400;\">il controllo della qualit\u00e0 lungo tutta la catena di fornitura e a garantire ai nostri clienti fiducia nei<\/span> <span style=\"font-weight: 400;\">nostri prodotti.<\/span><\/p><p><span style=\"font-weight: 400;\">La garanzia di qualit\u00e0 e la sicurezza alimentare sono parte integrante del nostro lavoro quotidiano per i nostri clienti.<\/span><\/p><p><span style=\"font-weight: 400;\">Tutti i nostri prodotti sono sottoposti a rigorosi controlli analitici prima e dopo la produzione.<\/span><\/p>\t\t\t\t\t\t\t\t<\/div>\n\t\t\t\t<\/div>\n\t\t            <\/div>\n        <\/div>\n                    <\/div>\n        <\/section>\n                <section class=\"elementor-section elementor-top-section elementor-element elementor-element-14f67e8 elementor-section-boxed elementor-section-height-default elementor-section-height-default\" data-id=\"14f67e8\" data-element_type=\"section\" data-e-type=\"section\">\n            \n                        <div class=\"elementor-container elementor-column-gap-extended \">\n                    <div class=\"elementor-column elementor-col-100 elementor-top-column elementor-element elementor-element-b5c80f5\" data-id=\"b5c80f5\" data-element_type=\"column\" data-e-type=\"column\">\n        <div class=\"elementor-widget-wrap elementor-element-populated\">\n                    \n        \t\t<div class=\"elementor-element elementor-element-5e2fb9f elementor-widget elementor-widget-text-editor\" data-id=\"5e2fb9f\" data-element_type=\"widget\" data-e-type=\"widget\" data-widget_type=\"text-editor.default\">\n\t\t\t\t<div class=\"elementor-widget-container\">\n\t\t\t\t\t\t\t\t\t<p><span style=\"font-weight: 400;\">A conferma dell\u2019impegno e della crescente attenzione alla politica della qualit\u00e0, Sercom Italia<\/span> <span style=\"font-weight: 400;\">ha implementato un sistema di qualit\u00e0 integrato attraverso l&#8217;applicazione degli<\/span> <span style=\"font-weight: 400;\">schemi BRC e IFS.<\/span><\/p><p><span style=\"font-weight: 400;\">Tutti i siti dei nostri produttori sono certificati in modo indipendente secondo i pi\u00f9 alti standard di qualit\u00e0 e,<\/span> <span style=\"font-weight: 400;\">ove necessario, sono anche approvati attraverso audit di terze parti appositamente organizzati<\/span>.<\/p><p><span style=\"font-weight: 400;\">Sercom Italia si \u00e8 inoltre adattata negli anni alle diverse esigenze dei clienti, ottenendo certificazioni<\/span> <span style=\"font-weight: 400;\">specifiche rilevanti come la certificazione Kosher.<\/span><\/p><p><span style=\"font-weight: 400;\">Oltre ad essere un&#8217;azienda esportatrice FDA Registered per i prodotti convenzionali, Sercom Italia<\/span> <span style=\"font-weight: 400;\">opera anche nel settore del BIO con risultati super positivi garantendo la trasparenza della filiera certificata Biologica aderente sia agli standard EU che NOP USDA.<\/span><\/p>\t\t\t\t\t\t\t\t<\/div>\n\t\t\t\t<\/div>\n\t\t            <\/div>\n        <\/div>\n                    <\/div>\n        <\/section>\n                <section class=\"elementor-section elementor-inner-section elementor-element elementor-element-30a71e7b elementor-section-boxed elementor-section-height-default elementor-section-height-default\" data-id=\"30a71e7b\" data-element_type=\"section\" data-e-type=\"section\">\n            \n                        <div class=\"elementor-container elementor-column-gap-no \">\n                    <div class=\"elementor-column elementor-col-33 elementor-inner-column elementor-element elementor-element-783394d5\" data-id=\"783394d5\" data-element_type=\"column\" data-e-type=\"column\">\n        <div class=\"elementor-widget-wrap elementor-element-populated\">\n                    \n        \t\t<div class=\"elementor-element elementor-element-5ec88d87 ct-fancy-box-wrap elementor-widget elementor-widget-ct_fancy_box\" data-id=\"5ec88d87\" data-element_type=\"widget\" data-e-type=\"widget\" data-widget_type=\"ct_fancy_box.default\">\n\t\t\t\t<div class=\"elementor-widget-container\">\n\t\t\t\t\t<div class=\"ct-fancy-box ct-fancy-box-layout3 style1 \" data-wow-delay=\"ms\">\r\n    <div class=\"item--inner\">\r\n                    <div class=\"item--icon\">\r\n                <i aria-hidden=\"true\" class=\"icon icon-shield\"><\/i>            <\/div>\r\n                        <div class=\"item--holder\">\r\n            <h5 class=\"item--title\">\r\n                Controlli analitici            <\/h5>\r\n            <div class=\"item--description\"><\/div>\r\n        <\/div>\r\n            <\/div>\r\n<\/div>\t\t\t\t<\/div>\n\t\t\t\t<\/div>\n\t\t            <\/div>\n        <\/div>\n                <div class=\"elementor-column elementor-col-33 elementor-inner-column elementor-element elementor-element-61c81081\" data-id=\"61c81081\" data-element_type=\"column\" data-e-type=\"column\">\n        <div class=\"elementor-widget-wrap elementor-element-populated\">\n                    \n        \t\t<div class=\"elementor-element elementor-element-551daa0c ct-fancy-box-wrap elementor-widget-tablet__width-initial elementor-widget elementor-widget-ct_fancy_box\" data-id=\"551daa0c\" data-element_type=\"widget\" data-e-type=\"widget\" data-widget_type=\"ct_fancy_box.default\">\n\t\t\t\t<div class=\"elementor-widget-container\">\n\t\t\t\t\t<div class=\"ct-fancy-box ct-fancy-box-layout3 style1 \" data-wow-delay=\"ms\">\r\n    <div class=\"item--inner\">\r\n                    <div class=\"item--icon\">\r\n                <i aria-hidden=\"true\" class=\"icon icon-customer-support-2\"><\/i>            <\/div>\r\n                        <div class=\"item--holder\">\r\n            <h5 class=\"item--title\">\r\n                Massimo supporto e assistenza in tema di QA            <\/h5>\r\n            <div class=\"item--description\"><\/div>\r\n        <\/div>\r\n            <\/div>\r\n<\/div>\t\t\t\t<\/div>\n\t\t\t\t<\/div>\n\t\t            <\/div>\n        <\/div>\n                <div class=\"elementor-column elementor-col-33 elementor-inner-column elementor-element elementor-element-f4bf697\" data-id=\"f4bf697\" data-element_type=\"column\" data-e-type=\"column\">\n        <div class=\"elementor-widget-wrap elementor-element-populated\">\n                    \n        \t\t<div class=\"elementor-element elementor-element-238ab291 ct-fancy-box-wrap elementor-widget elementor-widget-ct_fancy_box\" data-id=\"238ab291\" data-element_type=\"widget\" data-e-type=\"widget\" data-widget_type=\"ct_fancy_box.default\">\n\t\t\t\t<div class=\"elementor-widget-container\">\n\t\t\t\t\t<div class=\"ct-fancy-box ct-fancy-box-layout3 style1 \" data-wow-delay=\"ms\">\r\n    <div class=\"item--inner\">\r\n                    <div class=\"item--icon\">\r\n                <i aria-hidden=\"true\" class=\"icon icon-Speed-Clock\"><\/i>            <\/div>\r\n                        <div class=\"item--holder\">\r\n            <h5 class=\"item--title\">\r\n                Risposte rapide            <\/h5>\r\n            <div class=\"item--description\"><\/div>\r\n        <\/div>\r\n            <\/div>\r\n<\/div>\t\t\t\t<\/div>\n\t\t\t\t<\/div>\n\t\t            <\/div>\n        <\/div>\n                    <\/div>\n        <\/section>\n                <section class=\"elementor-section elementor-top-section elementor-element elementor-element-09f4a79 elementor-section-boxed elementor-section-height-default elementor-section-height-default\" data-id=\"09f4a79\" data-element_type=\"section\" data-e-type=\"section\">\n            \n                        <div class=\"elementor-container elementor-column-gap-default \">\n                    <div class=\"elementor-column elementor-col-100 elementor-top-column elementor-element elementor-element-273e165\" data-id=\"273e165\" data-element_type=\"column\" data-e-type=\"column\">\n        <div class=\"elementor-widget-wrap elementor-element-populated\">\n                    \n        \t\t<div class=\"elementor-element elementor-element-1bc26e4 elementor-widget elementor-widget-text-editor\" data-id=\"1bc26e4\" data-element_type=\"widget\" data-e-type=\"widget\" data-widget_type=\"text-editor.default\">\n\t\t\t\t<div class=\"elementor-widget-container\">\n\t\t\t\t\t\t\t\t\t<h2 style=\"text-align: center;\"><span style=\"font-weight: 400;\">Certificazioni e accreditamenti<\/span><\/h2>\n<p>Adesione rigorosa e completa alle linee guida e ai protocolli prescritti dai nostri clienti, senza deviazioni o compromessi.<\/p>\n\t\t\t\t\t\t\t\t<\/div>\n\t\t\t\t<\/div>\n\t\t            <\/div>\n        <\/div>\n                    <\/div>\n        <\/section>\n                <section class=\"elementor-section elementor-top-section elementor-element elementor-element-46cffd2 elementor-section-boxed elementor-section-height-default elementor-section-height-default\" data-id=\"46cffd2\" data-element_type=\"section\" data-e-type=\"section\">\n            \n                        <div class=\"elementor-container elementor-column-gap-default \">\n                    <div class=\"elementor-column elementor-col-100 elementor-top-column elementor-element elementor-element-0bb95cc\" data-id=\"0bb95cc\" data-element_type=\"column\" data-e-type=\"column\">\n        <div class=\"elementor-widget-wrap elementor-element-populated\">\n                    \n        \t\t<div class=\"elementor-element elementor-element-99d01c6 elementor-widget elementor-widget-image-gallery\" data-id=\"99d01c6\" data-element_type=\"widget\" data-e-type=\"widget\" data-widget_type=\"image-gallery.default\">\n\t\t\t\t<div class=\"elementor-widget-container\">\n\t\t\t\t\t\t\t<div class=\"elementor-image-gallery\">\n\t\t\t<div id='gallery-1' class='gallery galleryid-12948 gallery-columns-6 gallery-size-full'><figure class='gallery-item'>\n\t\t\t<div class='gallery-icon landscape'>\n\t\t\t\t<img decoding=\"async\" width=\"334\" height=\"188\" src=\"https:\/\/sercomitalia.com\/wp-content\/uploads\/2023\/09\/usda.png\" class=\"attachment-full size-full\" alt=\"\" srcset=\"https:\/\/sercomitalia.com\/wp-content\/uploads\/2023\/09\/usda.png 334w, https:\/\/sercomitalia.com\/wp-content\/uploads\/2023\/09\/usda-300x169.png 300w\" sizes=\"(max-width: 334px) 100vw, 334px\" \/>\n\t\t\t<\/div><\/figure><figure class='gallery-item'>\n\t\t\t<div class='gallery-icon landscape'>\n\t\t\t\t<img decoding=\"async\" width=\"334\" height=\"188\" src=\"https:\/\/sercomitalia.com\/wp-content\/uploads\/2023\/09\/ifs.png\" class=\"attachment-full size-full\" alt=\"\" srcset=\"https:\/\/sercomitalia.com\/wp-content\/uploads\/2023\/09\/ifs.png 334w, https:\/\/sercomitalia.com\/wp-content\/uploads\/2023\/09\/ifs-300x169.png 300w\" sizes=\"(max-width: 334px) 100vw, 334px\" \/>\n\t\t\t<\/div><\/figure><figure class='gallery-item'>\n\t\t\t<div class='gallery-icon landscape'>\n\t\t\t\t<img loading=\"lazy\" decoding=\"async\" width=\"334\" height=\"188\" src=\"https:\/\/sercomitalia.com\/wp-content\/uploads\/2023\/09\/brcgs.png\" class=\"attachment-full size-full\" alt=\"\" srcset=\"https:\/\/sercomitalia.com\/wp-content\/uploads\/2023\/09\/brcgs.png 334w, https:\/\/sercomitalia.com\/wp-content\/uploads\/2023\/09\/brcgs-300x169.png 300w\" sizes=\"(max-width: 334px) 100vw, 334px\" \/>\n\t\t\t<\/div><\/figure><figure class='gallery-item'>\n\t\t\t<div class='gallery-icon landscape'>\n\t\t\t\t<img loading=\"lazy\" decoding=\"async\" width=\"334\" height=\"188\" src=\"https:\/\/sercomitalia.com\/wp-content\/uploads\/2023\/09\/icea.png\" class=\"attachment-full size-full\" alt=\"\" srcset=\"https:\/\/sercomitalia.com\/wp-content\/uploads\/2023\/09\/icea.png 334w, https:\/\/sercomitalia.com\/wp-content\/uploads\/2023\/09\/icea-300x169.png 300w\" sizes=\"(max-width: 334px) 100vw, 334px\" \/>\n\t\t\t<\/div><\/figure><figure class='gallery-item'>\n\t\t\t<div class='gallery-icon landscape'>\n\t\t\t\t<img loading=\"lazy\" decoding=\"async\" width=\"334\" height=\"188\" src=\"https:\/\/sercomitalia.com\/wp-content\/uploads\/2023\/10\/fda-logo.jpg\" class=\"attachment-full size-full\" alt=\"\" srcset=\"https:\/\/sercomitalia.com\/wp-content\/uploads\/2023\/10\/fda-logo.jpg 334w, https:\/\/sercomitalia.com\/wp-content\/uploads\/2023\/10\/fda-logo-300x169.jpg 300w\" sizes=\"(max-width: 334px) 100vw, 334px\" \/>\n\t\t\t<\/div><\/figure><figure class='gallery-item'>\n\t\t\t<div class='gallery-icon landscape'>\n\t\t\t\t<img loading=\"lazy\" decoding=\"async\" width=\"334\" height=\"188\" src=\"https:\/\/sercomitalia.com\/wp-content\/uploads\/2023\/09\/kosher.png\" class=\"attachment-full size-full\" alt=\"\" srcset=\"https:\/\/sercomitalia.com\/wp-content\/uploads\/2023\/09\/kosher.png 334w, https:\/\/sercomitalia.com\/wp-content\/uploads\/2023\/09\/kosher-300x169.png 300w\" sizes=\"(max-width: 334px) 100vw, 334px\" \/>\n\t\t\t<\/div><\/figure>\n\t\t<\/div>\n\t\t<\/div>\n\t\t\t\t\t\t<\/div>\n\t\t\t\t<\/div>\n\t\t            <\/div>\n        <\/div>\n                    <\/div>\n        <\/section>\n        \t\t<\/div>\n\t\t","protected":false},"excerpt":{"rendered":"<p>La chiave del nostro successo \u00e8 l&#8217;attenta ricerca dei prodotti nei luoghi d&#8217;origine e nelle aree pi\u00f9 vocate per la produzione di ciascuno. Scegliendo di collaborare con co-produttori qualificati, esperti e certificati, garantiamo che tutti i prodotti che forniamo soddisfino i pi\u00f9 alti standard di qualit\u00e0 e aderiscano alle pi\u00f9 severe normative in materia di [&hellip;]<\/p>\n","protected":false},"author":1,"featured_media":0,"parent":0,"menu_order":0,"comment_status":"closed","ping_status":"closed","template":"","meta":{"footnotes":""},"class_list":["post-12948","page","type-page","status-publish","hentry"],"_links":{"self":[{"href":"https:\/\/sercomitalia.com\/it\/wp-json\/wp\/v2\/pages\/12948","targetHints":{"allow":["GET"]}}],"collection":[{"href":"https:\/\/sercomitalia.com\/it\/wp-json\/wp\/v2\/pages"}],"about":[{"href":"https:\/\/sercomitalia.com\/it\/wp-json\/wp\/v2\/types\/page"}],"author":[{"embeddable":true,"href":"https:\/\/sercomitalia.com\/it\/wp-json\/wp\/v2\/users\/1"}],"replies":[{"embeddable":true,"href":"https:\/\/sercomitalia.com\/it\/wp-json\/wp\/v2\/comments?post=12948"}],"version-history":[{"count":13,"href":"https:\/\/sercomitalia.com\/it\/wp-json\/wp\/v2\/pages\/12948\/revisions"}],"predecessor-version":[{"id":14926,"href":"https:\/\/sercomitalia.com\/it\/wp-json\/wp\/v2\/pages\/12948\/revisions\/14926"}],"wp:attachment":[{"href":"https:\/\/sercomitalia.com\/it\/wp-json\/wp\/v2\/media?parent=12948"}],"curies":[{"name":"wp","href":"https:\/\/api.w.org\/{rel}","templated":true}]}}