{"id":13008,"date":"2023-10-06T10:06:52","date_gmt":"2023-10-06T08:06:52","guid":{"rendered":"https:\/\/sercomitalia.com\/privacy-policy\/"},"modified":"2023-12-11T17:31:28","modified_gmt":"2023-12-11T16:31:28","slug":"privacy-policy","status":"publish","type":"page","link":"https:\/\/sercomitalia.com\/it\/privacy-policy\/","title":{"rendered":"Privacy Policy"},"content":{"rendered":"\t\t<div data-elementor-type=\"wp-page\" data-elementor-id=\"13008\" class=\"elementor elementor-13008 elementor-11316\" data-elementor-post-type=\"page\">\n\t\t\t\t        <section class=\"elementor-section elementor-top-section elementor-element elementor-element-05b077a elementor-section-boxed elementor-section-height-default elementor-section-height-default\" data-id=\"05b077a\" data-element_type=\"section\" data-e-type=\"section\">\n            \n                        <div class=\"elementor-container elementor-column-gap-default \">\n                    <div class=\"elementor-column elementor-col-100 elementor-top-column elementor-element elementor-element-06b5038\" data-id=\"06b5038\" data-element_type=\"column\" data-e-type=\"column\">\n        <div class=\"elementor-widget-wrap elementor-element-populated\">\n                    \n        \t\t<div class=\"elementor-element elementor-element-e886b1a elementor-widget elementor-widget-text-editor\" data-id=\"e886b1a\" data-element_type=\"widget\" data-e-type=\"widget\" data-widget_type=\"text-editor.default\">\n\t\t\t\t<div class=\"elementor-widget-container\">\n\t\t\t\t\t\t\t\t\t<p><b>Privacy Policy<\/b><\/p>\n<\/p>\n<p><b>INFORMATIVA RESA AI SENSI DEGLI ARTT. 13 E 14 DEL GDPR<\/b><\/p>\n<p><span style=\"font-weight: 400;\">La normativa vigente in materia di trattamento dei dati personali, definita in conformit\u00e0 al Regolamento UE 2016\/679 del<\/span> <span style=\"font-weight: 400;\">27 aprile <\/span><span style=\"font-weight: 400;\">e relativo alla sicurezza delle persone fisiche rispetto al trattamento dei dati personali, nonch\u00e9 alla libera circolazione di tali dati (Regolamento generale sulla protezione dei dati, GDPR), detta disposizioni volte a garantire che il trattamento dei dati personali si svolga nel rispetto dei diritti e delle libert\u00e0 fondamentali delle persone fisiche, <\/span><span style=\"font-weight: 400;\">con particolare riferimento<\/span> <span style=\"font-weight: 400;\">al loro diritto alla protezione dei dati.<\/span><\/p>\n<p><b>1. Identit\u00e0 e dati di contatto del Titolare del trattamento dati<\/b><\/p>\n<p><span style=\"font-weight: 400;\">Il Titolare del trattamento dei dati personali raccolti, trattati ed utilizzati per la realizzazione del contratto, nella persona del legale rappresentante, \u00e8 Sercom Italia Srl \u200b\u200bUnipersonale con sede legale in Gioia Tauro (RC), 89013, Strada Statale 18, n.375 &#8211; P.IVA 03146200807 &#8211; sercomitalia.com. <\/span><\/p>\n<p><strong>2.<\/strong> <b>Origine dati, finalit\u00e0 e base giuridica del trattamento<\/b><\/p>\n<p><span style=\"font-weight: 400;\">Tutte le informazioni trattate da Sercom Italia in qualit\u00e0 di Titolare del trattamento saranno raccolte ai sensi dell&#8217;art.14 del GDPR.<\/span><\/p>\n<p><span style=\"font-weight: 400;\">I dati raccolti da Sercom Italia saranno, a titolo esemplificativo: nome, cognome, data di nascita, codice fiscale e\/o partita IVA, e-mail, numero di telefono, ecc.<\/span><\/p>\n<p><span style=\"font-weight: 400;\">I dati personali saranno trattati da Sercom Italia, in considerazione del contratto in essere con il cliente, per le finalit\u00e0 connesse al Contratto di Vendita.<\/span><\/p>\n<p><span style=\"font-weight: 400;\">Pertanto, la base giuridica di tale trattamento dei dati \u00e8 quindi individuabile nell&#8217;adempimento dell&#8217;obbligo contrattuale.<\/span><\/p>\n<p><span style=\"font-weight: 400;\">Si precisa che Sercom Italia tratter\u00e0 i dati personali per finalit\u00e0 diverse da quelle sopra indicati solo nel caso in cui dovr\u00e0 ottemperare ad obblighi di legali. Qualora i dati venissero utilizzati per finalit\u00e0 diverse da quelle sopra indicati, sar\u00e0 onere del Titolare fornire un&#8217;ulteriore informativa.<\/span><\/p>\n<p><b>3. Destinatari o categorie di destinatari<\/b><\/p>\n<p><span style=\"font-weight: 400;\">I dati personali forniti non saranno diffusi a soggetti indeterminati. Essi potranno tuttavia essere divulgati a soggetti ben determinati, nel pieno rispetto delle disposizioni legali, per finalit\u00e0 strettamente connesse a quelle precedentemente indicate. Qualsiasi accesso ai dati personali \u00e8 limitato alle persone autorizzate dal Titolare.<\/span><\/p>\n<p><b>4. Profilazione <\/b><\/p>\n<p><span style=\"font-weight: 400;\">I dati personali non saranno oggetto di attivit\u00e0 di profilazione n\u00e9 di processi decisionali automatizzati.<\/span><\/p>\n<p><b>5. Periodo di conservazione<\/b><\/p>\n<p><span style=\"font-weight: 400;\">I dati personali non dovrebbero essere conservati pi\u00f9 del necessario in relazione alla finalit\u00e0 per la quale sono trattati, nel rispetto delle condizioni previste dal GDPR. In particolare, i dati saranno conservati per tutta la durata del contratto di cui qui, ed oltre, nei limiti necessari per adempiere agli obblighi di legge e regolamentari a cui Sercom Italia \u00e8 soggetta.<\/span><\/p>\n<p><span style=\"font-weight: 400;\">Trascorso tale periodo, sar\u00e0 onere di Sercom Italia procedere alla cancellazione dei dati dal sistema e\/o dalle registrazioni, ovvero procedere all&#8217;anonimizzazione dei dati al fine di evitare ogni ulteriore identificazione.<\/span><\/p>\n<p><b>6. Conferimento Obbligatorio<\/b><\/p>\n<p><span style=\"font-weight: 400;\">Tenuto conto delle finalit\u00e0 del trattamento sopra indicate, il conferimento dei dati \u00e8 obbligatorio. Il mancato, parziale o inesatto conferimento dei dati comporter\u00e0 l&#8217;impossibilit\u00e0 per Sercom Italia di erogare i servizi richiesti e quindi di adempiere alle proprie obbligazioni.<\/span><\/p>\n<p><b>7. Diritti dell&#8217;interessato<\/b><\/p>\n<p><span style=\"font-weight: 400;\">L&#8217;interessato ha diritto di ricevere la conferma che sia o meno in corso un trattamento di dati e, in tal caso, ottenere:<\/span><\/p>\n<ul>\n<li style=\"font-weight: 400;\" aria-level=\"1\"><span style=\"font-weight: 400;\">Accesso ai dati personali (art.15);<\/span><\/li>\n<li style=\"font-weight: 400;\" aria-level=\"1\"><span style=\"font-weight: 400;\">Rettifica dei dati personali inesatti (art.16);<\/span><\/li>\n<li style=\"font-weight: 400;\" aria-level=\"1\"><span style=\"font-weight: 400;\">Cancellazione dei dati personali (art.17);<\/span><\/li>\n<li style=\"font-weight: 400;\" aria-level=\"1\"><span style=\"font-weight: 400;\">Limitazione del trattamento (art.18);<\/span><\/li>\n<li style=\"font-weight: 400;\" aria-level=\"1\"><span style=\"font-weight: 400;\">Opposizione al trattamento dei dati personali (art.21);<\/span><\/li>\n<li style=\"font-weight: 400;\" aria-level=\"1\"><span style=\"font-weight: 400;\">Revoca del consenso (quando espresso).<\/span><\/li>\n<\/ul>\n<p><span style=\"font-weight: 400;\">L&#8217;interessato ha il diritto di ricevere in un formato strutturato, di uso comune e leggibile da dispositivo automatico i dati personali che lo riguardano forniti a un titolare del trattamento e ha il diritto di trasmettere tali dati a un altro titolare del trattamento senza impedimenti da parte del titolare del trattamento cui sono stati forniti i dati personali, qualora il trattamento sia basato sul consenso o su un contratto e sia effettuato con mezzi automatizzati.<\/span><\/p>\n<p><span style=\"font-weight: 400;\">L\u2019interessato ha il diritto di presentare reclamo all\u2019autorit\u00e0 di controllo.<\/span><\/p>\n<p><span style=\"font-weight: 400;\">Tutte le domande dovranno essere notificate secondo le seguenti modalit\u00e0:<\/span><\/p>\n<ol>\n<li style=\"font-weight: 400;\" aria-level=\"1\"><span style=\"font-weight: 400;\">Lettera raccomandata inviata all&#8217;indirizzo del titolare del trattamento<\/span><span style=\"font-weight: 400;\"><br \/><\/span><span style=\"font-weight: 400;\">Sercom Italia Srl \u200b\u200bUnipersonale &#8211; Strada Statale 18, n. 375 (89013) Gioia Tauro &#8211; P.IVA 03146200807;<\/span><\/li>\n<\/ol>\n<ol>\n<li style=\"font-weight: 400;\" aria-level=\"1\"><span style=\"font-weight: 400;\">E-mail: <\/span><a href=\"mailto:info@sercomitalia.com\"><span style=\"font-weight: 400;\">info@sercomitalia.com<\/span><\/a><\/li>\n<\/ol>\n\t\t\t\t\t\t\t\t<\/div>\n\t\t\t\t<\/div>\n\t\t            <\/div>\n        <\/div>\n                    <\/div>\n        <\/section>\n        \t\t<\/div>\n\t\t","protected":false},"excerpt":{"rendered":"<p>Privacy Policy INFORMATIVA RESA AI SENSI DEGLI ARTT. 13 E 14 DEL GDPR La normativa vigente in materia di trattamento dei dati personali, definita in conformit\u00e0 al Regolamento UE 2016\/679 del 27 aprile e relativo alla sicurezza delle persone fisiche rispetto al trattamento dei dati personali, nonch\u00e9 alla libera circolazione di tali dati (Regolamento generale [&hellip;]<\/p>\n","protected":false},"author":1,"featured_media":0,"parent":0,"menu_order":0,"comment_status":"closed","ping_status":"closed","template":"","meta":{"_angie_page":false,"footnotes":""},"class_list":["post-13008","page","type-page","status-publish","hentry"],"_links":{"self":[{"href":"https:\/\/sercomitalia.com\/it\/wp-json\/wp\/v2\/pages\/13008","targetHints":{"allow":["GET"]}}],"collection":[{"href":"https:\/\/sercomitalia.com\/it\/wp-json\/wp\/v2\/pages"}],"about":[{"href":"https:\/\/sercomitalia.com\/it\/wp-json\/wp\/v2\/types\/page"}],"author":[{"embeddable":true,"href":"https:\/\/sercomitalia.com\/it\/wp-json\/wp\/v2\/users\/1"}],"replies":[{"embeddable":true,"href":"https:\/\/sercomitalia.com\/it\/wp-json\/wp\/v2\/comments?post=13008"}],"version-history":[{"count":3,"href":"https:\/\/sercomitalia.com\/it\/wp-json\/wp\/v2\/pages\/13008\/revisions"}],"predecessor-version":[{"id":13011,"href":"https:\/\/sercomitalia.com\/it\/wp-json\/wp\/v2\/pages\/13008\/revisions\/13011"}],"wp:attachment":[{"href":"https:\/\/sercomitalia.com\/it\/wp-json\/wp\/v2\/media?parent=13008"}],"curies":[{"name":"wp","href":"https:\/\/api.w.org\/{rel}","templated":true}]}}